{"id":7390,"date":"2023-11-12T01:08:00","date_gmt":"2023-11-11T23:08:00","guid":{"rendered":"https:\/\/secihouse.lt\/?post_type=product&#038;p=7390"},"modified":"2024-12-20T21:54:21","modified_gmt":"2024-12-20T19:54:21","slug":"konges-slojd-mazos-lemputes-mushroom","status":"publish","type":"product","link":"https:\/\/secihouse.lt\/index.php\/product\/konges-slojd-mazos-lemputes-mushroom\/","title":{"rendered":"Konges Slojd ma\u017eos lemput\u0117s &#8211; Mushroom"},"content":{"rendered":"<p>Gryb\u0173 dizaino dekoratyvin\u0117 \u012fjungiama \u0161viesos grandin\u0117l\u0117. M\u016bs\u0173 \u0161viesos grandin\u0117s \u012fne\u0161a papildom\u0105 \u0161viesos ir stebuklo spindul\u012f \u012f bet kur\u012f kambar\u012f.<\/p>\n<p>Lemput\u0117s veikia baterij\u0173 pagalba. Reikalingos 3 x AA baterijos (\u012f komplekt\u0105 ne\u012feina)<\/p>\n<p><strong>Sud\u0117tis:<\/strong>\u00a0100% SILIKONIS ABS<\/p>\n","protected":false},"excerpt":{"rendered":"<p>Gryb\u0173 dizaino dekoratyvin\u0117 \u012fjungiama \u0161viesos grandin\u0117l\u0117. M\u016bs\u0173 \u0161viesos grandin\u0117s \u012fne\u0161a papildom\u0105 \u0161viesos ir stebuklo spindul\u012f \u012f bet kur\u012f kambar\u012f. Lemput\u0117s veikia baterij\u0173 pagalba. Reikalingos 3 x AA baterijos (\u012f komplekt\u0105 ne\u012feina) Sud\u0117tis:\u00a0100% SILIKONIS ABS<\/p>\n","protected":false},"featured_media":7229,"template":"","meta":[],"product_brand":[],"product_cat":[186,243],"product_tag":[236,568,199,569,570,307],"class_list":{"0":"post-7390","1":"product","2":"type-product","3":"status-publish","4":"has-post-thumbnail","6":"product_cat-naujienos","7":"product_cat-vaiku-kambarys","8":"product_tag-konges-slojd","9":"product_tag-konges-slojd-lemputes","10":"product_tag-lempa","11":"product_tag-lempos","12":"product_tag-vaikiskos-lempos","13":"product_tag-vaiku-kambarys","14":"","16":"first","17":"instock","18":"taxable","19":"shipping-taxable","20":"purchasable","21":"product-type-simple"},"_links":{"self":[{"href":"https:\/\/secihouse.lt\/index.php\/wp-json\/wp\/v2\/product\/7390","targetHints":{"allow":["GET"]}}],"collection":[{"href":"https:\/\/secihouse.lt\/index.php\/wp-json\/wp\/v2\/product"}],"about":[{"href":"https:\/\/secihouse.lt\/index.php\/wp-json\/wp\/v2\/types\/product"}],"wp:featuredmedia":[{"embeddable":true,"href":"https:\/\/secihouse.lt\/index.php\/wp-json\/wp\/v2\/media\/7229"}],"wp:attachment":[{"href":"https:\/\/secihouse.lt\/index.php\/wp-json\/wp\/v2\/media?parent=7390"}],"wp:term":[{"taxonomy":"product_brand","embeddable":true,"href":"https:\/\/secihouse.lt\/index.php\/wp-json\/wp\/v2\/product_brand?post=7390"},{"taxonomy":"product_cat","embeddable":true,"href":"https:\/\/secihouse.lt\/index.php\/wp-json\/wp\/v2\/product_cat?post=7390"},{"taxonomy":"product_tag","embeddable":true,"href":"https:\/\/secihouse.lt\/index.php\/wp-json\/wp\/v2\/product_tag?post=7390"}],"curies":[{"name":"wp","href":"https:\/\/api.w.org\/{rel}","templated":true}]}}