{"id":7388,"date":"2023-11-12T00:42:04","date_gmt":"2023-11-11T22:42:04","guid":{"rendered":"https:\/\/secihouse.lt\/?post_type=product&#038;p=7388"},"modified":"2024-02-21T21:10:30","modified_gmt":"2024-02-21T19:10:30","slug":"olli-ella-veterinarijos-rinkinys","status":"publish","type":"product","link":"https:\/\/secihouse.lt\/index.php\/product\/olli-ella-veterinarijos-rinkinys\/","title":{"rendered":"Olli Ella veterinarijos rinkinys"},"content":{"rendered":"<p>\u017denkite \u012f vaizduot\u0117s \u017eaidim\u0173 pasaul\u012f, kuriame pliu\u0161iniai draugai yra saugiose letenose.<\/p>\n<p>Veterinarijos rinkinys yra pritaikytas visoms gyv\u016bn\u0117li\u0173 ap\u017ei\u016broms. Ugdykite k\u016brybi\u0161kum\u0105 ir vaizduot\u0119 tyrin\u0117dami r\u016bpestingumo, gerumo ir begalinio linksmumo pasaul\u012f.<\/p>\n<p>Atidarykite kartoninio veterinarinio d\u0117kl\u0105, kad surastum\u0117te visk\u0105, ko reikia norint slaugyti gyv\u016bn\u0117lio sveikat\u0105. Mediniai aksesuarai yra pagaminti i\u0161 to paties magnetinio elemento, kuris leid\u017eia Dinkum \u0161uneliams laikyti savo m\u0117gstam\u0105 kaul\u0105 burnoje.<\/p>\n<p>Nesvarbu, ar j\u016bs\u0173 vaikas svajoja tapti veterinarijos gydytoju, ar tiesiog dievina savo p\u016bkuotus draugus, m\u016bs\u0173 veterinarijos gydytojo rinkinys sukelia \u0161ypsenas, kikenim\u0105!<\/p>\n<p><strong>Vet rinkin\u012f sudaro:<\/strong> \u00a0magnetinis termometras skirtas Dinkum Dog laikyti burnoje, medinis stetoskopas, medinis tepalo vamzdelis, medinis \u0161virk\u0161tas, medinis termometras, x2 veltinio tvars\u010diai, antkaklis, diagnostin\u0117s kortel\u0117s ir medicinini\u0173 \u012fra\u0161\u0173 bloknotas.<\/p>\n<p><strong>Rekomenduojamas am\u017eius:<\/strong> nuo +\u00a03met\u0173<\/p>\n<p><strong>Dydis:<\/strong><\/p>\n<p>Veterinarinio krep\u0161io matmenys: ilgis 20 cm x 19,5 cm x auk\u0161tis 8 cm<br \/>\nMedinio \u0161virk\u0161to matmenys: P 13,5cm x P 3cm<br \/>\nMedienos tepalo matmenys: P 3cm x A 10,5cm<br \/>\nMedienos termometro matmenys: P 9,5cm x P 2cm<br \/>\nStetoskopo matmenys: ilgis 50 cm x 38 cm<br \/>\nVeltinio tvars\u010dio matmenys: P 15cm x P 2,5cm<\/p>\n<p><strong>Prie\u017ei\u016bra:<\/strong> Nuvalykite dr\u0117gna \u0161luoste<\/p>\n<p>&nbsp;<\/p>\n","protected":false},"excerpt":{"rendered":"<p>\u017denkite \u012f vaizduot\u0117s \u017eaidim\u0173 pasaul\u012f, kuriame pliu\u0161iniai draugai yra saugiose letenose. Veterinarijos rinkinys yra pritaikytas visoms gyv\u016bn\u0117li\u0173 ap\u017ei\u016broms. Ugdykite k\u016brybi\u0161kum\u0105 ir vaizduot\u0119 tyrin\u0117dami r\u016bpestingumo, gerumo ir begalinio linksmumo pasaul\u012f. Atidarykite kartoninio veterinarinio d\u0117kl\u0105, kad surastum\u0117te visk\u0105, ko reikia norint slaugyti gyv\u016bn\u0117lio sveikat\u0105. Mediniai aksesuarai yra pagaminti i\u0161 to paties magnetinio elemento, kuris leid\u017eia Dinkum \u0161uneliams [&hellip;]<\/p>\n","protected":false},"featured_media":7328,"template":"","meta":[],"product_brand":[],"product_cat":[186,66],"product_tag":[441,250,602,608,607,609,610,42,580],"class_list":{"0":"post-7388","1":"product","2":"type-product","3":"status-publish","4":"has-post-thumbnail","6":"product_cat-naujienos","7":"product_cat-zaislai","8":"product_tag-mediniai-zaislai","9":"product_tag-olli-ella","10":"product_tag-olli-ella-sunelis","11":"product_tag-olli-ella-veterinarijos-rinkinys","12":"product_tag-olli-ella-zaislai","13":"product_tag-veterinarijos-rinkinys","14":"product_tag-zaidimai","15":"product_tag-zaislai","16":"product_tag-zaisliukai","17":"","19":"first","20":"instock","21":"taxable","22":"shipping-taxable","23":"purchasable","24":"product-type-simple"},"_links":{"self":[{"href":"https:\/\/secihouse.lt\/index.php\/wp-json\/wp\/v2\/product\/7388","targetHints":{"allow":["GET"]}}],"collection":[{"href":"https:\/\/secihouse.lt\/index.php\/wp-json\/wp\/v2\/product"}],"about":[{"href":"https:\/\/secihouse.lt\/index.php\/wp-json\/wp\/v2\/types\/product"}],"wp:featuredmedia":[{"embeddable":true,"href":"https:\/\/secihouse.lt\/index.php\/wp-json\/wp\/v2\/media\/7328"}],"wp:attachment":[{"href":"https:\/\/secihouse.lt\/index.php\/wp-json\/wp\/v2\/media?parent=7388"}],"wp:term":[{"taxonomy":"product_brand","embeddable":true,"href":"https:\/\/secihouse.lt\/index.php\/wp-json\/wp\/v2\/product_brand?post=7388"},{"taxonomy":"product_cat","embeddable":true,"href":"https:\/\/secihouse.lt\/index.php\/wp-json\/wp\/v2\/product_cat?post=7388"},{"taxonomy":"product_tag","embeddable":true,"href":"https:\/\/secihouse.lt\/index.php\/wp-json\/wp\/v2\/product_tag?post=7388"}],"curies":[{"name":"wp","href":"https:\/\/api.w.org\/{rel}","templated":true}]}}