{"id":7387,"date":"2023-11-12T00:39:08","date_gmt":"2023-11-11T22:39:08","guid":{"rendered":"https:\/\/secihouse.lt\/?post_type=product&#038;p=7387"},"modified":"2025-11-08T22:08:37","modified_gmt":"2025-11-08T20:08:37","slug":"olli-ella-dinkum-sunelis-lucky","status":"publish","type":"product","link":"https:\/\/secihouse.lt\/index.php\/product\/olli-ella-dinkum-sunelis-lucky\/","title":{"rendered":"Olli Ella Dinkum \u0161unelis &#8211; Lucky"},"content":{"rendered":"<p>Susipa\u017einkite su Dinkum \u0161uneliu &#8211; \u00a0Lucky.<\/p>\n<p>Ar b\u016bsite j\u016bs, kurie parsive\u0161ite \u0161\u012f miel\u0105 \u0161uniuk\u0105 namo?<\/p>\n<p>Lucky reikia daug meil\u0117s, kad vizgint\u0173 uodeg\u0105, ir daug\u00a0pasivaik\u0161\u010diojim\u0173 kartu su ma\u017eyliu!<\/p>\n<p>Pagaminta i\u0161 mink\u0161to perdirbto pliu\u0161inio audinio su aksomin\u0117mis ausyt\u0117mis, kad gal\u0117t\u0173 prisiglausti, Lucky yra pilnai pozicionuojamas ir gali stov\u0117ti, gul\u0117ti ir net s\u0117d\u0117ti! Lucky galva juda ir yra i\u0161siuvin\u0117tas veidelis, be to, ant vienos i\u0161 ma\u017e\u0173j\u0173 Lucky leten\u0117li\u0173 yra vaivoryk\u0161t\u0117s staigmena!<\/p>\n<p>\u0160unelis su savimi turi: \u012evaikinimo pa\u017eym\u0117jim\u0105, kaul\u0105 ir dir\u017eel\u012f.<\/p>\n<p><span class=\"f7rl1if4 adechonz f6oz4yja dahkl6ri axrg9lpx rufpak1n qtovjlwq qbmienfq rfyhaz4c rdmi1yqr ohrdq8us nswx41af fawcizw8 l1aqi3e3 sdu1flz4\">* \u017daisliuko burnyt\u0117 magnetin\u0117, kad i\u0161laikyt\u0173 su magnetin\u012f kaul\u0105.<\/span><\/p>\n<p><span class=\"f7rl1if4 adechonz f6oz4yja dahkl6ri axrg9lpx rufpak1n qtovjlwq qbmienfq rfyhaz4c rdmi1yqr ohrdq8us nswx41af fawcizw8 l1aqi3e3 sdu1flz4\">* Pliu\u0161inis audinys yra 100% perdirbtas<\/span><\/p>\n<p><span class=\"f7rl1if4 adechonz f6oz4yja dahkl6ri axrg9lpx rufpak1n qtovjlwq qbmienfq rfyhaz4c rdmi1yqr ohrdq8us nswx41af fawcizw8 l1aqi3e3 sdu1flz4\">* \u0160unelio galva juda 360 laipsni\u0173 kampu. Uodega susilenkia.<\/span><\/p>\n<p><span class=\"f7rl1if4 adechonz f6oz4yja dahkl6ri axrg9lpx rufpak1n qtovjlwq qbmienfq rfyhaz4c rdmi1yqr ohrdq8us nswx41af fawcizw8 l1aqi3e3 sdu1flz4\">* Priedai prie \u017eaisliuko: pa\u017eym\u0117jimas, dir\u017eelis, kaulas.<\/span><\/p>\n<p><span class=\"f7rl1if4 adechonz f6oz4yja dahkl6ri axrg9lpx rufpak1n qtovjlwq qbmienfq rfyhaz4c rdmi1yqr ohrdq8us nswx41af fawcizw8 l1aqi3e3 sdu1flz4\">* Tinkamas am\u017eius 0 +<\/span><\/p>\n<p><span class=\"f7rl1if4 adechonz f6oz4yja dahkl6ri axrg9lpx rufpak1n qtovjlwq qbmienfq rfyhaz4c rdmi1yqr ohrdq8us nswx41af fawcizw8 l1aqi3e3 sdu1flz4\">I\u0161or\u0117 100% medviln\u0117<\/span><\/p>\n<p><span class=\"f7rl1if4 adechonz f6oz4yja dahkl6ri axrg9lpx rufpak1n qtovjlwq qbmienfq rfyhaz4c rdmi1yqr ohrdq8us nswx41af fawcizw8 l1aqi3e3 sdu1flz4\">Vidus 100% poliesteris<\/span><\/p>\n<p><span class=\"f7rl1if4 adechonz f6oz4yja dahkl6ri axrg9lpx rufpak1n qtovjlwq qbmienfq rfyhaz4c rdmi1yqr ohrdq8us nswx41af fawcizw8 l1aqi3e3 sdu1flz4\">Ilgis: 22 CM<\/span><\/p>\n<p><span class=\"f7rl1if4 adechonz f6oz4yja dahkl6ri axrg9lpx rufpak1n qtovjlwq qbmienfq rfyhaz4c rdmi1yqr ohrdq8us nswx41af fawcizw8 l1aqi3e3 sdu1flz4\">Plotis: 14 CM<\/span><\/p>\n<p><span class=\"f7rl1if4 adechonz f6oz4yja dahkl6ri axrg9lpx rufpak1n qtovjlwq qbmienfq rfyhaz4c rdmi1yqr ohrdq8us nswx41af fawcizw8 l1aqi3e3 sdu1flz4\">Auk\u0161tis: 22 CM<\/span><\/p>\n<p><span class=\"f7rl1if4 adechonz f6oz4yja dahkl6ri axrg9lpx rufpak1n qtovjlwq qbmienfq rfyhaz4c rdmi1yqr ohrdq8us nswx41af fawcizw8 l1aqi3e3 sdu1flz4\">Svoris 0.4 KG<\/span><\/p>\n<div class=\"nova-woocommerce-tabs style_1\">\n<div class=\"tabs-content\" data-tabs-content=\"single_product_tab\">\n<div id=\"panel_description\" class=\"tabs-panel is-active\" role=\"tabpanel\" aria-labelledby=\"panel_description-label\">\n<p>&nbsp;<\/p>\n<p><strong><span class=\"f7rl1if4 adechonz f6oz4yja dahkl6ri axrg9lpx rufpak1n qtovjlwq qbmienfq rfyhaz4c rdmi1yqr ohrdq8us nswx41af fawcizw8 l1aqi3e3 sdu1flz4\">Prie\u017ei\u016bra:<\/span><\/strong><\/p>\n<p><span class=\"f7rl1if4 adechonz f6oz4yja dahkl6ri axrg9lpx rufpak1n qtovjlwq qbmienfq rfyhaz4c rdmi1yqr ohrdq8us nswx41af fawcizw8 l1aqi3e3 sdu1flz4\">Skalbimas \u0161altu vandeniu, naudojant skalbimo krep\u0161\u012f.<br \/>\n<\/span><\/p>\n<p><span class=\"f7rl1if4 adechonz f6oz4yja dahkl6ri axrg9lpx rufpak1n qtovjlwq qbmienfq rfyhaz4c rdmi1yqr ohrdq8us nswx41af fawcizw8 l1aqi3e3 sdu1flz4\">Nenaudoti baliklio ar muilo.<\/span><\/p>\n<p><span class=\"f7rl1if4 adechonz f6oz4yja dahkl6ri axrg9lpx rufpak1n qtovjlwq qbmienfq rfyhaz4c rdmi1yqr ohrdq8us nswx41af fawcizw8 l1aqi3e3 sdu1flz4\">Nedelsiant d\u017eiovinti.<\/span><\/p>\n<\/div>\n<\/div>\n<\/div>\n<p>&nbsp;<\/p>\n","protected":false},"excerpt":{"rendered":"<p>Susipa\u017einkite su Dinkum \u0161uneliu &#8211; \u00a0Lucky. Ar b\u016bsite j\u016bs, kurie parsive\u0161ite \u0161\u012f miel\u0105 \u0161uniuk\u0105 namo? Lucky reikia daug meil\u0117s, kad vizgint\u0173 uodeg\u0105, ir daug\u00a0pasivaik\u0161\u010diojim\u0173 kartu su ma\u017eyliu! Pagaminta i\u0161 mink\u0161to perdirbto pliu\u0161inio audinio su aksomin\u0117mis ausyt\u0117mis, kad gal\u0117t\u0173 prisiglausti, Lucky yra pilnai pozicionuojamas ir gali stov\u0117ti, gul\u0117ti ir net s\u0117d\u0117ti! Lucky galva juda ir yra [&hellip;]<\/p>\n","protected":false},"featured_media":7318,"template":"","meta":[],"product_brand":[],"product_cat":[186,66],"product_tag":[604,603,181,605,250,602,606,42],"class_list":{"0":"post-7387","1":"product","2":"type-product","3":"status-publish","4":"has-post-thumbnail","6":"product_cat-naujienos","7":"product_cat-zaislai","8":"product_tag-minksti-zaislai","9":"product_tag-minkstuoliai-zaislai","10":"product_tag-minkstuolis","11":"product_tag-minkstuolis-sunelis","12":"product_tag-olli-ella","13":"product_tag-olli-ella-sunelis","14":"product_tag-pliusinis","15":"product_tag-zaislai","16":"","18":"first","19":"instock","20":"taxable","21":"shipping-taxable","22":"purchasable","23":"product-type-simple"},"_links":{"self":[{"href":"https:\/\/secihouse.lt\/index.php\/wp-json\/wp\/v2\/product\/7387","targetHints":{"allow":["GET"]}}],"collection":[{"href":"https:\/\/secihouse.lt\/index.php\/wp-json\/wp\/v2\/product"}],"about":[{"href":"https:\/\/secihouse.lt\/index.php\/wp-json\/wp\/v2\/types\/product"}],"wp:featuredmedia":[{"embeddable":true,"href":"https:\/\/secihouse.lt\/index.php\/wp-json\/wp\/v2\/media\/7318"}],"wp:attachment":[{"href":"https:\/\/secihouse.lt\/index.php\/wp-json\/wp\/v2\/media?parent=7387"}],"wp:term":[{"taxonomy":"product_brand","embeddable":true,"href":"https:\/\/secihouse.lt\/index.php\/wp-json\/wp\/v2\/product_brand?post=7387"},{"taxonomy":"product_cat","embeddable":true,"href":"https:\/\/secihouse.lt\/index.php\/wp-json\/wp\/v2\/product_cat?post=7387"},{"taxonomy":"product_tag","embeddable":true,"href":"https:\/\/secihouse.lt\/index.php\/wp-json\/wp\/v2\/product_tag?post=7387"}],"curies":[{"name":"wp","href":"https:\/\/api.w.org\/{rel}","templated":true}]}}