{"id":7364,"date":"2023-11-07T12:15:01","date_gmt":"2023-11-07T10:15:01","guid":{"rendered":"https:\/\/secihouse.lt\/?post_type=product&#038;p=7364"},"modified":"2025-10-15T12:42:04","modified_gmt":"2025-10-15T10:42:04","slug":"liewood-merliukai-farm","status":"publish","type":"product","link":"https:\/\/secihouse.lt\/index.php\/product\/liewood-merliukai-farm\/","title":{"rendered":"Liewood &#8211; Merliukai Farm"},"content":{"rendered":"<p>Ekologi\u0161kos medvilnin\u0117s muslininiai merliukai \u2013 pakuot\u0117je 2 vienetai .<\/p>\n<p><strong>Pagaminta:<\/strong> i\u0161 auk\u0161\u010diausios kokyb\u0117s organin\u0117s medviln\u0117s ir puikiai tinkami \u012fvairiems tikslams nuo suvystymo iki maitinimo kr\u016btimi.<\/p>\n<p><strong>Sud\u0117tis:\u00a0<\/strong>100% organin\u0117 medviln\u0117<br \/>\n\u0160velni med\u017eiaga tinkama jautriai odelei.<\/p>\n<p><strong>Dydis:<\/strong> \u2013 65X65cm<\/p>\n<p>&nbsp;<\/p>\n<p>Med\u017eiagos savyb\u0117s:<br \/>\n* Be kenksming\u0173 chemini\u0173 med\u017eiag\u0173<br \/>\n* Mink\u0161tas \/ kokybi\u0161kas<\/p>\n<p>Tvarumas ir Gamyba:<br \/>\nEkologi\u0161ka medviln\u0117 apibr\u0117\u017eiama kaip medviln\u0117, u\u017eauginta nenaudojant joki\u0173 chemini\u0173 med\u017eiag\u0173, toki\u0173 kaip tr\u0105\u0161os ir pesticidai.<\/p>\n","protected":false},"excerpt":{"rendered":"<p>Ekologi\u0161kos medvilnin\u0117s muslininiai merliukai \u2013 pakuot\u0117je 2 vienetai . Pagaminta: i\u0161 auk\u0161\u010diausios kokyb\u0117s organin\u0117s medviln\u0117s ir puikiai tinkami \u012fvairiems tikslams nuo suvystymo iki maitinimo kr\u016btimi. Sud\u0117tis:\u00a0100% organin\u0117 medviln\u0117 \u0160velni med\u017eiaga tinkama jautriai odelei. Dydis: \u2013 65X65cm &nbsp; Med\u017eiagos savyb\u0117s: * Be kenksming\u0173 chemini\u0173 med\u017eiag\u0173 * Mink\u0161tas \/ kokybi\u0161kas Tvarumas ir Gamyba: Ekologi\u0161ka medviln\u0117 apibr\u0117\u017eiama kaip [&hellip;]<\/p>\n","protected":false},"featured_media":7142,"template":"","meta":[],"product_brand":[],"product_cat":[59,186],"product_tag":[],"class_list":{"0":"post-7364","1":"product","2":"type-product","3":"status-publish","4":"has-post-thumbnail","6":"product_cat-miegas-prieziura","7":"product_cat-naujienos","8":"","10":"first","11":"outofstock","12":"taxable","13":"shipping-taxable","14":"purchasable","15":"product-type-simple"},"_links":{"self":[{"href":"https:\/\/secihouse.lt\/index.php\/wp-json\/wp\/v2\/product\/7364","targetHints":{"allow":["GET"]}}],"collection":[{"href":"https:\/\/secihouse.lt\/index.php\/wp-json\/wp\/v2\/product"}],"about":[{"href":"https:\/\/secihouse.lt\/index.php\/wp-json\/wp\/v2\/types\/product"}],"wp:featuredmedia":[{"embeddable":true,"href":"https:\/\/secihouse.lt\/index.php\/wp-json\/wp\/v2\/media\/7142"}],"wp:attachment":[{"href":"https:\/\/secihouse.lt\/index.php\/wp-json\/wp\/v2\/media?parent=7364"}],"wp:term":[{"taxonomy":"product_brand","embeddable":true,"href":"https:\/\/secihouse.lt\/index.php\/wp-json\/wp\/v2\/product_brand?post=7364"},{"taxonomy":"product_cat","embeddable":true,"href":"https:\/\/secihouse.lt\/index.php\/wp-json\/wp\/v2\/product_cat?post=7364"},{"taxonomy":"product_tag","embeddable":true,"href":"https:\/\/secihouse.lt\/index.php\/wp-json\/wp\/v2\/product_tag?post=7364"}],"curies":[{"name":"wp","href":"https:\/\/api.w.org\/{rel}","templated":true}]}}