{"id":7363,"date":"2023-11-07T12:13:38","date_gmt":"2023-11-07T10:13:38","guid":{"rendered":"https:\/\/secihouse.lt\/?post_type=product&#038;p=7363"},"modified":"2024-08-01T18:44:48","modified_gmt":"2024-08-01T16:44:48","slug":"liewood-ukio-gyvuneliu-rinkinys-hallie","status":"publish","type":"product","link":"https:\/\/secihouse.lt\/index.php\/product\/liewood-ukio-gyvuneliu-rinkinys-hallie\/","title":{"rendered":"Liewood \u016bkio gyv\u016bn\u0117li\u0173 rinkinys &#8211; Hallie"},"content":{"rendered":"<p>Labai patinka \u017eaisti J\u016bs\u0173 gyvenimo spindul\u0117liui su \u017eaisliniais gyv\u016bn\u0117liais ? Tai \u0161ios fig\u016br\u0117l\u0117s b\u016btent J\u016bs\u0173 vaiku\u010diui.<\/p>\n<p>&nbsp;<\/p>\n<p><strong>Apie produkt\u0105:<\/strong> \u016akiniai gyv\u016bnai &#8211; 4 pak<br \/>\nApima arkl\u012f, ki\u0161k\u012f, avis ir \u0161un\u012f.<\/p>\n<p>Nuimtas nuo kau\u010diuko med\u017ei\u0173 visi\u0161kai nat\u016braliu b\u016bdu.<br \/>\nPagaminta individualiai, naudojant senas technologijas<\/p>\n<p><strong>Sud\u0117tis:<\/strong>Pagaminta i\u0161 nat\u016bralios gumos<br \/>\nNuimtas nuo kau\u010diuko med\u017ei\u0173 visi\u0161kai nat\u016braliu b\u016bdu.<br \/>\nPagaminta individualiai, naudojant senas technologijas.<\/p>\n<p><strong>Rekomenduojamas am\u017eius:<\/strong> +2m.<\/p>\n","protected":false},"excerpt":{"rendered":"<p>Labai patinka \u017eaisti J\u016bs\u0173 gyvenimo spindul\u0117liui su \u017eaisliniais gyv\u016bn\u0117liais ? Tai \u0161ios fig\u016br\u0117l\u0117s b\u016btent J\u016bs\u0173 vaiku\u010diui. &nbsp; Apie produkt\u0105: \u016akiniai gyv\u016bnai &#8211; 4 pak Apima arkl\u012f, ki\u0161k\u012f, avis ir \u0161un\u012f. Nuimtas nuo kau\u010diuko med\u017ei\u0173 visi\u0161kai nat\u016braliu b\u016bdu. Pagaminta individualiai, naudojant senas technologijas Sud\u0117tis:Pagaminta i\u0161 nat\u016bralios gumos Nuimtas nuo kau\u010diuko med\u017ei\u0173 visi\u0161kai nat\u016braliu b\u016bdu. Pagaminta individualiai, [&hellip;]<\/p>\n","protected":false},"featured_media":7148,"template":"","meta":[],"product_brand":[],"product_cat":[186,66],"product_tag":[542,156,155,42],"class_list":{"0":"post-7363","1":"product","2":"type-product","3":"status-publish","4":"has-post-thumbnail","6":"product_cat-naujienos","7":"product_cat-zaislai","8":"product_tag-figureles","9":"product_tag-liewood","10":"product_tag-liewood-zaislai","11":"product_tag-zaislai","12":"","14":"first","15":"instock","16":"taxable","17":"shipping-taxable","18":"purchasable","19":"product-type-simple"},"_links":{"self":[{"href":"https:\/\/secihouse.lt\/index.php\/wp-json\/wp\/v2\/product\/7363","targetHints":{"allow":["GET"]}}],"collection":[{"href":"https:\/\/secihouse.lt\/index.php\/wp-json\/wp\/v2\/product"}],"about":[{"href":"https:\/\/secihouse.lt\/index.php\/wp-json\/wp\/v2\/types\/product"}],"wp:featuredmedia":[{"embeddable":true,"href":"https:\/\/secihouse.lt\/index.php\/wp-json\/wp\/v2\/media\/7148"}],"wp:attachment":[{"href":"https:\/\/secihouse.lt\/index.php\/wp-json\/wp\/v2\/media?parent=7363"}],"wp:term":[{"taxonomy":"product_brand","embeddable":true,"href":"https:\/\/secihouse.lt\/index.php\/wp-json\/wp\/v2\/product_brand?post=7363"},{"taxonomy":"product_cat","embeddable":true,"href":"https:\/\/secihouse.lt\/index.php\/wp-json\/wp\/v2\/product_cat?post=7363"},{"taxonomy":"product_tag","embeddable":true,"href":"https:\/\/secihouse.lt\/index.php\/wp-json\/wp\/v2\/product_tag?post=7363"}],"curies":[{"name":"wp","href":"https:\/\/api.w.org\/{rel}","templated":true}]}}