{"id":7359,"date":"2023-11-07T12:05:35","date_gmt":"2023-11-07T10:05:35","guid":{"rendered":"https:\/\/secihouse.lt\/?post_type=product&#038;p=7359"},"modified":"2024-09-06T07:25:50","modified_gmt":"2024-09-06T05:25:50","slug":"liewood-silikoninis-puodelis-farm","status":"publish","type":"product","link":"https:\/\/secihouse.lt\/index.php\/product\/liewood-silikoninis-puodelis-farm\/","title":{"rendered":"Liewood silikoninis puodelis &#8211; Farm"},"content":{"rendered":"<p>Gertuv\u0117 patiems ma\u017eiausiems su gra\u017eiausiais paveiksl\u0117liais, kurie suteiks pla\u010diausi\u0105 \u0161ypsen\u0105. \u0160ios gertuv\u0117s geros savyb\u0117s tuo, kad esa mink\u0161ta bei lengva, tod\u0117l bus patogu naudoti kasdienyb\u0117je ma\u017eoms rankyt\u0117ms, o svarbiausia, kad gertuv\u0117 ned\u016b\u017etanti ir tarnaus ilgai bei laimingai.\u00a0Leid\u017eia vaikui praktikuoti laikym\u0105 ir pakreipim\u0105.<\/p>\n<p>&nbsp;<\/p>\n<p><strong>Talpa:<\/strong> 150 ml.<br \/>\n<strong>Sud\u0117tis:<\/strong> 100% silikonas<br \/>\n<strong>Rekomenduojamas am\u017eius:<\/strong> +6m\u0117n.<\/p>\n<p><strong>Dydis:\u00a0<\/strong>SKERSMUO (CM) 7; AUK\u0160TIS (CM) 10,5; PLOTIS (CM) 12<\/p>\n<p><strong>Prie\u017ei\u016bra:\u00a0<\/strong><\/p>\n<ul>\n<li>Galima plauti indaplov\u0117je<\/li>\n<li>Saugus mikrobang\u0173 krosnel\u0117je<\/li>\n<li>Saugus orkait\u0117je<\/li>\n<li>Saugus \u0161aldiklyje<\/li>\n<li>Tinka iki 230C<\/li>\n<li>Nenaudoti ant kaitinimo plok\u0161t\u0117s<\/li>\n<li>Prie\u0161 naudojim\u0105 i\u0161plauti indaplov\u0117je arba kar\u0161tu muiluotu vandeniu<\/li>\n<li>Saugus s\u0105lytis su maistu.<\/li>\n<\/ul>\n<p>&nbsp;<\/p>\n","protected":false},"excerpt":{"rendered":"<p>Gertuv\u0117 patiems ma\u017eiausiems su gra\u017eiausiais paveiksl\u0117liais, kurie suteiks pla\u010diausi\u0105 \u0161ypsen\u0105. \u0160ios gertuv\u0117s geros savyb\u0117s tuo, kad esa mink\u0161ta bei lengva, tod\u0117l bus patogu naudoti kasdienyb\u0117je ma\u017eoms rankyt\u0117ms, o svarbiausia, kad gertuv\u0117 ned\u016b\u017etanti ir tarnaus ilgai bei laimingai.\u00a0Leid\u017eia vaikui praktikuoti laikym\u0105 ir pakreipim\u0105. &nbsp; Talpa: 150 ml. Sud\u0117tis: 100% silikonas Rekomenduojamas am\u017eius: +6m\u0117n. Dydis:\u00a0SKERSMUO (CM) 7; [&hellip;]<\/p>\n","protected":false},"featured_media":7136,"template":"","meta":[],"product_brand":[],"product_cat":[65,186],"product_tag":[165,164,156,540,539,541],"class_list":{"0":"post-7359","1":"product","2":"type-product","3":"status-publish","4":"has-post-thumbnail","6":"product_cat-laikas-pietums","7":"product_cat-naujienos","8":"product_tag-gertuve","9":"product_tag-laikas-pietums","10":"product_tag-liewood","11":"product_tag-liewood-valgymo-irankiai","12":"product_tag-puodelis","13":"product_tag-silikonine-gertuve","14":"","16":"first","17":"instock","18":"taxable","19":"shipping-taxable","20":"purchasable","21":"product-type-simple"},"_links":{"self":[{"href":"https:\/\/secihouse.lt\/index.php\/wp-json\/wp\/v2\/product\/7359","targetHints":{"allow":["GET"]}}],"collection":[{"href":"https:\/\/secihouse.lt\/index.php\/wp-json\/wp\/v2\/product"}],"about":[{"href":"https:\/\/secihouse.lt\/index.php\/wp-json\/wp\/v2\/types\/product"}],"wp:featuredmedia":[{"embeddable":true,"href":"https:\/\/secihouse.lt\/index.php\/wp-json\/wp\/v2\/media\/7136"}],"wp:attachment":[{"href":"https:\/\/secihouse.lt\/index.php\/wp-json\/wp\/v2\/media?parent=7359"}],"wp:term":[{"taxonomy":"product_brand","embeddable":true,"href":"https:\/\/secihouse.lt\/index.php\/wp-json\/wp\/v2\/product_brand?post=7359"},{"taxonomy":"product_cat","embeddable":true,"href":"https:\/\/secihouse.lt\/index.php\/wp-json\/wp\/v2\/product_cat?post=7359"},{"taxonomy":"product_tag","embeddable":true,"href":"https:\/\/secihouse.lt\/index.php\/wp-json\/wp\/v2\/product_tag?post=7359"}],"curies":[{"name":"wp","href":"https:\/\/api.w.org\/{rel}","templated":true}]}}