{"id":7196,"date":"2023-11-07T11:59:44","date_gmt":"2023-11-07T09:59:44","guid":{"rendered":"https:\/\/secihouse.lt\/?post_type=product&#038;p=7196"},"modified":"2025-12-14T10:29:39","modified_gmt":"2025-12-14T08:29:39","slug":"liewood-kuprine-farm-sandy","status":"publish","type":"product","link":"https:\/\/secihouse.lt\/index.php\/product\/liewood-kuprine-farm-sandy\/","title":{"rendered":"Liewood kuprin\u0117 &#8211; Farm\/ Sandy"},"content":{"rendered":"<p>Kuprinuk\u0117 su kuria bus patogu lankyti dar\u017eel\u012f, mokyl\u0117l\u0119, o galb\u016bt tiesiog keliauti pas senelius. \u0160ioje kuprin\u0117je puikiai tilps mylimiausi \u017eaislai, gertuv\u0117 ir u\u017ekand\u017ei\u0173 d\u0117\u017eut\u0117.<\/p>\n<p>&nbsp;<\/p>\n<p>Klasikin\u0117 kuprin\u0117<br \/>\n<strong>Sud\u0117tis:<\/strong> 100% perdirbtas poliesteris<br \/>\nReguliuojamas pe\u010di\u0173 dir\u017eelis<br \/>\nMonograminis u\u017etrauktukas<br \/>\nGRS sertifikuota<br \/>\n<strong>Dydis:<\/strong> 28cm x \u00a023cm x 11cm<\/p>\n<p>&nbsp;<\/p>\n","protected":false},"excerpt":{"rendered":"<p>Kuprinuk\u0117 su kuria bus patogu lankyti dar\u017eel\u012f, mokyl\u0117l\u0119, o galb\u016bt tiesiog keliauti pas senelius. \u0160ioje kuprin\u0117je puikiai tilps mylimiausi \u017eaislai, gertuv\u0117 ir u\u017ekand\u017ei\u0173 d\u0117\u017eut\u0117. &nbsp; Klasikin\u0117 kuprin\u0117 Sud\u0117tis: 100% perdirbtas poliesteris Reguliuojamas pe\u010di\u0173 dir\u017eelis Monograminis u\u017etrauktukas GRS sertifikuota Dydis: 28cm x \u00a023cm x 11cm &nbsp;<\/p>\n","protected":false},"featured_media":7197,"template":"","meta":[],"product_brand":[],"product_cat":[67,186],"product_tag":[553,490,554,156,552],"class_list":{"0":"post-7196","1":"product","2":"type-product","3":"status-publish","4":"has-post-thumbnail","6":"product_cat-apranga-aksesuarai","7":"product_cat-naujienos","8":"product_tag-askesuarai","9":"product_tag-kuprine","10":"product_tag-kuprines","11":"product_tag-liewood","12":"product_tag-liewood-kuprine","13":"","15":"first","16":"outofstock","17":"taxable","18":"shipping-taxable","19":"purchasable","20":"product-type-simple"},"_links":{"self":[{"href":"https:\/\/secihouse.lt\/index.php\/wp-json\/wp\/v2\/product\/7196","targetHints":{"allow":["GET"]}}],"collection":[{"href":"https:\/\/secihouse.lt\/index.php\/wp-json\/wp\/v2\/product"}],"about":[{"href":"https:\/\/secihouse.lt\/index.php\/wp-json\/wp\/v2\/types\/product"}],"wp:featuredmedia":[{"embeddable":true,"href":"https:\/\/secihouse.lt\/index.php\/wp-json\/wp\/v2\/media\/7197"}],"wp:attachment":[{"href":"https:\/\/secihouse.lt\/index.php\/wp-json\/wp\/v2\/media?parent=7196"}],"wp:term":[{"taxonomy":"product_brand","embeddable":true,"href":"https:\/\/secihouse.lt\/index.php\/wp-json\/wp\/v2\/product_brand?post=7196"},{"taxonomy":"product_cat","embeddable":true,"href":"https:\/\/secihouse.lt\/index.php\/wp-json\/wp\/v2\/product_cat?post=7196"},{"taxonomy":"product_tag","embeddable":true,"href":"https:\/\/secihouse.lt\/index.php\/wp-json\/wp\/v2\/product_tag?post=7196"}],"curies":[{"name":"wp","href":"https:\/\/api.w.org\/{rel}","templated":true}]}}