{"id":7162,"date":"2023-10-29T14:40:52","date_gmt":"2023-10-29T12:40:52","guid":{"rendered":"https:\/\/secihouse.lt\/?post_type=product&#038;p=7162"},"modified":"2026-02-15T20:38:59","modified_gmt":"2026-02-15T18:38:59","slug":"nines-meskutis-poppy-rose-flower","status":"publish","type":"product","link":"https:\/\/secihouse.lt\/index.php\/product\/nines-meskutis-poppy-rose-flower\/","title":{"rendered":"Nines me\u0161kutis &#8211; Poppy Rose flower"},"content":{"rendered":"<p>\u0160ie \u017eav\u016bs ma\u017ey\u010diai me\u0161kiukai puikiai tiks ma\u017eoms rankyt\u0117ms ir bus puikus draugas vaikyst\u0117je.<\/p>\n<p>&nbsp;<\/p>\n<p><strong>Sud\u0117tis:\u00a0<\/strong>Mink\u0161tas vinilas be ftalat\u0173, be BPA ir netoksi\u0161kas<br \/>\n<strong>Dydis:<\/strong> 27cm<\/p>\n<p>Pagaminta Ispanijoje<\/p>\n","protected":false},"excerpt":{"rendered":"<p>\u0160ie \u017eav\u016bs ma\u017ey\u010diai me\u0161kiukai puikiai tiks ma\u017eoms rankyt\u0117ms ir bus puikus draugas vaikyst\u0117je. &nbsp; Sud\u0117tis:\u00a0Mink\u0161tas vinilas be ftalat\u0173, be BPA ir netoksi\u0161kas Dydis: 27cm Pagaminta Ispanijoje<\/p>\n","protected":false},"featured_media":7163,"template":"","meta":[],"product_brand":[],"product_cat":[186,66],"product_tag":[543,216,544,42],"class_list":{"0":"post-7162","1":"product","2":"type-product","3":"status-publish","4":"has-post-thumbnail","6":"product_cat-naujienos","7":"product_cat-zaislai","8":"product_tag-lele-meskutis","9":"product_tag-meskutis","10":"product_tag-nines","11":"product_tag-zaislai","12":"","14":"first","15":"instock","16":"taxable","17":"shipping-taxable","18":"purchasable","19":"product-type-simple"},"_links":{"self":[{"href":"https:\/\/secihouse.lt\/index.php\/wp-json\/wp\/v2\/product\/7162","targetHints":{"allow":["GET"]}}],"collection":[{"href":"https:\/\/secihouse.lt\/index.php\/wp-json\/wp\/v2\/product"}],"about":[{"href":"https:\/\/secihouse.lt\/index.php\/wp-json\/wp\/v2\/types\/product"}],"wp:featuredmedia":[{"embeddable":true,"href":"https:\/\/secihouse.lt\/index.php\/wp-json\/wp\/v2\/media\/7163"}],"wp:attachment":[{"href":"https:\/\/secihouse.lt\/index.php\/wp-json\/wp\/v2\/media?parent=7162"}],"wp:term":[{"taxonomy":"product_brand","embeddable":true,"href":"https:\/\/secihouse.lt\/index.php\/wp-json\/wp\/v2\/product_brand?post=7162"},{"taxonomy":"product_cat","embeddable":true,"href":"https:\/\/secihouse.lt\/index.php\/wp-json\/wp\/v2\/product_cat?post=7162"},{"taxonomy":"product_tag","embeddable":true,"href":"https:\/\/secihouse.lt\/index.php\/wp-json\/wp\/v2\/product_tag?post=7162"}],"curies":[{"name":"wp","href":"https:\/\/api.w.org\/{rel}","templated":true}]}}