{"id":7045,"date":"2023-10-10T17:43:44","date_gmt":"2023-10-10T15:43:44","guid":{"rendered":"https:\/\/secihouse.lt\/?post_type=product&#038;p=7045"},"modified":"2026-02-15T20:39:56","modified_gmt":"2026-02-15T18:39:56","slug":"konges-slojd-kaledinis-kalendorius","status":"publish","type":"product","link":"https:\/\/secihouse.lt\/index.php\/product\/konges-slojd-kaledinis-kalendorius\/","title":{"rendered":"Konges Slojd Kal\u0117dinis kalendorius"},"content":{"rendered":"<p>Kal\u0117dinis kalendorius su \u0161ventiniais ra\u0161tais ir 24 ki\u0161en\u0117s ma\u017eoms dovan\u0117l\u0117ms pasl\u0117pti. Lentel\u0117s vir\u0161uje yra prakti\u0161ka virv\u0117, su kuria galima pakabinti. Laukti Kal\u0117d\u0173 bus dar linksmiau !<\/p>\n<p>&nbsp;<\/p>\n<p>&nbsp;<\/p>\n<p><strong>Sud\u0117tis:<\/strong> Pagaminta i\u0161 100% organin\u0117s medviln\u0117s su 100% buko med\u017eio lazdele<\/p>\n<p><strong>Dydis:<\/strong>70 x \u00a0120 cm<\/p>\n<p>Tik dekoravimui<\/p>\n","protected":false},"excerpt":{"rendered":"<p>Kal\u0117dinis kalendorius su \u0161ventiniais ra\u0161tais ir 24 ki\u0161en\u0117s ma\u017eoms dovan\u0117l\u0117ms pasl\u0117pti. Lentel\u0117s vir\u0161uje yra prakti\u0161ka virv\u0117, su kuria galima pakabinti. Laukti Kal\u0117d\u0173 bus dar linksmiau ! &nbsp; &nbsp; Sud\u0117tis: Pagaminta i\u0161 100% organin\u0117s medviln\u0117s su 100% buko med\u017eio lazdele Dydis:70 x \u00a0120 cm Tik dekoravimui<\/p>\n","protected":false},"featured_media":7046,"template":"","meta":[],"product_brand":[],"product_cat":[186,243],"product_tag":[510,509,236,508,307],"class_list":{"0":"post-7045","1":"product","2":"type-product","3":"status-publish","4":"has-post-thumbnail","6":"product_cat-naujienos","7":"product_cat-vaiku-kambarys","8":"product_tag-advento-kalendorius","9":"product_tag-kalendorius","10":"product_tag-konges-slojd","11":"product_tag-konges-slojd-kaledinis-kalendoriud","12":"product_tag-vaiku-kambarys","13":"","15":"first","16":"instock","17":"taxable","18":"shipping-taxable","19":"purchasable","20":"product-type-simple"},"_links":{"self":[{"href":"https:\/\/secihouse.lt\/index.php\/wp-json\/wp\/v2\/product\/7045","targetHints":{"allow":["GET"]}}],"collection":[{"href":"https:\/\/secihouse.lt\/index.php\/wp-json\/wp\/v2\/product"}],"about":[{"href":"https:\/\/secihouse.lt\/index.php\/wp-json\/wp\/v2\/types\/product"}],"wp:featuredmedia":[{"embeddable":true,"href":"https:\/\/secihouse.lt\/index.php\/wp-json\/wp\/v2\/media\/7046"}],"wp:attachment":[{"href":"https:\/\/secihouse.lt\/index.php\/wp-json\/wp\/v2\/media?parent=7045"}],"wp:term":[{"taxonomy":"product_brand","embeddable":true,"href":"https:\/\/secihouse.lt\/index.php\/wp-json\/wp\/v2\/product_brand?post=7045"},{"taxonomy":"product_cat","embeddable":true,"href":"https:\/\/secihouse.lt\/index.php\/wp-json\/wp\/v2\/product_cat?post=7045"},{"taxonomy":"product_tag","embeddable":true,"href":"https:\/\/secihouse.lt\/index.php\/wp-json\/wp\/v2\/product_tag?post=7045"}],"curies":[{"name":"wp","href":"https:\/\/api.w.org\/{rel}","templated":true}]}}