{"id":7039,"date":"2023-10-10T14:59:07","date_gmt":"2023-10-10T12:59:07","guid":{"rendered":"https:\/\/secihouse.lt\/?post_type=product&#038;p=7039"},"modified":"2026-02-25T14:24:39","modified_gmt":"2026-02-25T12:24:39","slug":"konges-slojd-kojines-panda","status":"publish","type":"product","link":"https:\/\/secihouse.lt\/index.php\/product\/konges-slojd-kojines-panda\/","title":{"rendered":"Konges Slojd kojin\u0117s &#8211; panda"},"content":{"rendered":"<p>Puo\u0161nios kojinyt\u0117s, kurios puikiai der\u0117s prie \u012fvairiausios aprangos. \ud83d\ude42<\/p>\n<p>&nbsp;<\/p>\n<p><strong>Sud\u0117tis:\u00a0<\/strong>Kojin\u0117s pagamintos i\u0161 75% organin\u0117s medviln\u0117s, 23% poliesterio ir 2% elastano.<\/p>\n","protected":false},"excerpt":{"rendered":"<p>Puo\u0161nios kojinyt\u0117s, kurios puikiai der\u0117s prie \u012fvairiausios aprangos. \ud83d\ude42 &nbsp; Sud\u0117tis:\u00a0Kojin\u0117s pagamintos i\u0161 75% organin\u0117s medviln\u0117s, 23% poliesterio ir 2% elastano.<\/p>\n","protected":false},"featured_media":6880,"template":"","meta":[],"product_brand":[],"product_cat":[772,67,186],"product_tag":[468,236,469,467],"class_list":{"0":"post-7039","1":"product","2":"type-product","3":"status-publish","4":"has-post-thumbnail","6":"product_cat-apranga","7":"product_cat-apranga-aksesuarai","8":"product_cat-naujienos","9":"product_tag-kojines","10":"product_tag-konges-slojd","11":"product_tag-konges-slojd-apranga","12":"product_tag-konges-slojd-kojines","13":"","15":"first","16":"instock","17":"taxable","18":"shipping-taxable","19":"purchasable","20":"product-type-variable"},"_links":{"self":[{"href":"https:\/\/secihouse.lt\/index.php\/wp-json\/wp\/v2\/product\/7039","targetHints":{"allow":["GET"]}}],"collection":[{"href":"https:\/\/secihouse.lt\/index.php\/wp-json\/wp\/v2\/product"}],"about":[{"href":"https:\/\/secihouse.lt\/index.php\/wp-json\/wp\/v2\/types\/product"}],"wp:featuredmedia":[{"embeddable":true,"href":"https:\/\/secihouse.lt\/index.php\/wp-json\/wp\/v2\/media\/6880"}],"wp:attachment":[{"href":"https:\/\/secihouse.lt\/index.php\/wp-json\/wp\/v2\/media?parent=7039"}],"wp:term":[{"taxonomy":"product_brand","embeddable":true,"href":"https:\/\/secihouse.lt\/index.php\/wp-json\/wp\/v2\/product_brand?post=7039"},{"taxonomy":"product_cat","embeddable":true,"href":"https:\/\/secihouse.lt\/index.php\/wp-json\/wp\/v2\/product_cat?post=7039"},{"taxonomy":"product_tag","embeddable":true,"href":"https:\/\/secihouse.lt\/index.php\/wp-json\/wp\/v2\/product_tag?post=7039"}],"curies":[{"name":"wp","href":"https:\/\/api.w.org\/{rel}","templated":true}]}}