{"id":7037,"date":"2023-10-10T13:50:27","date_gmt":"2023-10-10T11:50:27","guid":{"rendered":"https:\/\/secihouse.lt\/?post_type=product&#038;p=7037"},"modified":"2024-11-27T02:16:05","modified_gmt":"2024-11-27T00:16:05","slug":"konges-slojd-silikoniai-vonios-zaisliukai","status":"publish","type":"product","link":"https:\/\/secihouse.lt\/index.php\/product\/konges-slojd-silikoniai-vonios-zaisliukai\/","title":{"rendered":"Konges Slojd silikoniai vonios \u017eaisliukai"},"content":{"rendered":"<p>Maudyni\u0173 metas ? Norisi nuotyki\u0173 ? \u0160ie \u017eaisliukai atne\u0161 dar daugiau juoko ir nuotyki\u0173, o maudyn\u0117s bus dar \u0161aunesn\u0117s!<\/p>\n<p>&nbsp;<\/p>\n<p><strong>Sud\u0117tis:<\/strong> Vonios \u017eaislai pagaminti i\u0161 100% silikono<br \/>\n<strong>Dydis:<\/strong><\/p>\n<p>Triu\u0161is: D: 5,4 cm x A: 8 cm<br \/>\nPanda: D: 5 cm x A: 6,5 cm<br \/>\nS\u016bpyn\u0117s: D: 8,4 cm x A: 2 cm<\/p>\n<p><strong>Rekomenduojamas am\u017eius:<\/strong> \u00a0+12m.<\/p>\n","protected":false},"excerpt":{"rendered":"<p>Maudyni\u0173 metas ? Norisi nuotyki\u0173 ? \u0160ie \u017eaisliukai atne\u0161 dar daugiau juoko ir nuotyki\u0173, o maudyn\u0117s bus dar \u0161aunesn\u0117s! &nbsp; Sud\u0117tis: Vonios \u017eaislai pagaminti i\u0161 100% silikono Dydis: Triu\u0161is: D: 5,4 cm x A: 8 cm Panda: D: 5 cm x A: 6,5 cm S\u016bpyn\u0117s: D: 8,4 cm x A: 2 cm Rekomenduojamas am\u017eius: \u00a0+12m.<\/p>\n","protected":false},"featured_media":6898,"template":"","meta":[],"product_brand":[],"product_cat":[63,186],"product_tag":[478,480,355,479],"class_list":{"0":"post-7037","1":"product","2":"type-product","3":"status-publish","4":"has-post-thumbnail","6":"product_cat-laikas-maudynems","7":"product_cat-naujienos","8":"product_tag-konges-slojd-maudyniu-metas","9":"product_tag-konges-slojd-vonios-zaislai","10":"product_tag-laikas-maudynems","11":"product_tag-vonios-zaislai","12":"","14":"first","15":"instock","16":"taxable","17":"shipping-taxable","18":"purchasable","19":"product-type-simple"},"_links":{"self":[{"href":"https:\/\/secihouse.lt\/index.php\/wp-json\/wp\/v2\/product\/7037","targetHints":{"allow":["GET"]}}],"collection":[{"href":"https:\/\/secihouse.lt\/index.php\/wp-json\/wp\/v2\/product"}],"about":[{"href":"https:\/\/secihouse.lt\/index.php\/wp-json\/wp\/v2\/types\/product"}],"wp:featuredmedia":[{"embeddable":true,"href":"https:\/\/secihouse.lt\/index.php\/wp-json\/wp\/v2\/media\/6898"}],"wp:attachment":[{"href":"https:\/\/secihouse.lt\/index.php\/wp-json\/wp\/v2\/media?parent=7037"}],"wp:term":[{"taxonomy":"product_brand","embeddable":true,"href":"https:\/\/secihouse.lt\/index.php\/wp-json\/wp\/v2\/product_brand?post=7037"},{"taxonomy":"product_cat","embeddable":true,"href":"https:\/\/secihouse.lt\/index.php\/wp-json\/wp\/v2\/product_cat?post=7037"},{"taxonomy":"product_tag","embeddable":true,"href":"https:\/\/secihouse.lt\/index.php\/wp-json\/wp\/v2\/product_tag?post=7037"}],"curies":[{"name":"wp","href":"https:\/\/api.w.org\/{rel}","templated":true}]}}