{"id":7036,"date":"2023-10-10T13:49:58","date_gmt":"2023-10-10T11:49:58","guid":{"rendered":"https:\/\/secihouse.lt\/?post_type=product&#038;p=7036"},"modified":"2024-12-16T22:34:15","modified_gmt":"2024-12-16T20:34:15","slug":"konges-slojd-spalvinimo-knyga","status":"publish","type":"product","link":"https:\/\/secihouse.lt\/index.php\/product\/konges-slojd-spalvinimo-knyga\/","title":{"rendered":"Konges Slojd spalvinimo knyga"},"content":{"rendered":"<p>K\u016bryba, tai nuostabus laikas panirti \u012f stebukling\u0105 pasaul\u012f, kuriame daug kalban\u010di\u0173 gyv\u016bn\u0117li\u0173, nuotyki\u0173 ir g\u0117rio, kur\u012f sukuria J\u016bs\u0173 spindul\u0117lis.<\/p>\n<p>Spalvinimo knygel\u0117 pagaminta i\u0161 FSC sertifikuoto popieriaus.\u00a024 puslapi\u0173 knyga<\/p>\n<p>&nbsp;<\/p>\n<p><strong>Dydis:<\/strong>19 x 24 cm<br \/>\n<strong>Sud\u0117tis:<\/strong>100% FSC POPIERIUS<\/p>\n<p><strong>Rekomenduojamas am\u017eius:<\/strong> +3 metai<\/p>\n<p>\u012eSP\u0116JIMAS! U\u017espringimo pavojus d\u0117l ma\u017e\u0173 dali\u0173. Netinka vaikams iki 3 met\u0173.<\/p>\n<p>&nbsp;<\/p>\n","protected":false},"excerpt":{"rendered":"<p>K\u016bryba, tai nuostabus laikas panirti \u012f stebukling\u0105 pasaul\u012f, kuriame daug kalban\u010di\u0173 gyv\u016bn\u0117li\u0173, nuotyki\u0173 ir g\u0117rio, kur\u012f sukuria J\u016bs\u0173 spindul\u0117lis. Spalvinimo knygel\u0117 pagaminta i\u0161 FSC sertifikuoto popieriaus.\u00a024 puslapi\u0173 knyga &nbsp; Dydis:19 x 24 cm Sud\u0117tis:100% FSC POPIERIUS Rekomenduojamas am\u017eius: +3 metai \u012eSP\u0116JIMAS! U\u017espringimo pavojus d\u0117l ma\u017e\u0173 dali\u0173. Netinka vaikams iki 3 met\u0173. &nbsp;<\/p>\n","protected":false},"featured_media":6902,"template":"","meta":[],"product_brand":[],"product_cat":[186,66],"product_tag":[236,483,482,481],"class_list":{"0":"post-7036","1":"product","2":"type-product","3":"status-publish","4":"has-post-thumbnail","6":"product_cat-naujienos","7":"product_cat-zaislai","8":"product_tag-konges-slojd","9":"product_tag-konges-slojd-spalvinimo-knyga","10":"product_tag-spalvinimo-knyga","11":"product_tag-spalvinimo-knygele","12":"","14":"first","15":"instock","16":"taxable","17":"shipping-taxable","18":"purchasable","19":"product-type-simple"},"_links":{"self":[{"href":"https:\/\/secihouse.lt\/index.php\/wp-json\/wp\/v2\/product\/7036","targetHints":{"allow":["GET"]}}],"collection":[{"href":"https:\/\/secihouse.lt\/index.php\/wp-json\/wp\/v2\/product"}],"about":[{"href":"https:\/\/secihouse.lt\/index.php\/wp-json\/wp\/v2\/types\/product"}],"wp:featuredmedia":[{"embeddable":true,"href":"https:\/\/secihouse.lt\/index.php\/wp-json\/wp\/v2\/media\/6902"}],"wp:attachment":[{"href":"https:\/\/secihouse.lt\/index.php\/wp-json\/wp\/v2\/media?parent=7036"}],"wp:term":[{"taxonomy":"product_brand","embeddable":true,"href":"https:\/\/secihouse.lt\/index.php\/wp-json\/wp\/v2\/product_brand?post=7036"},{"taxonomy":"product_cat","embeddable":true,"href":"https:\/\/secihouse.lt\/index.php\/wp-json\/wp\/v2\/product_cat?post=7036"},{"taxonomy":"product_tag","embeddable":true,"href":"https:\/\/secihouse.lt\/index.php\/wp-json\/wp\/v2\/product_tag?post=7036"}],"curies":[{"name":"wp","href":"https:\/\/api.w.org\/{rel}","templated":true}]}}