{"id":7035,"date":"2023-10-10T13:48:49","date_gmt":"2023-10-10T11:48:49","guid":{"rendered":"https:\/\/secihouse.lt\/?post_type=product&#038;p=7035"},"modified":"2024-09-22T15:19:49","modified_gmt":"2024-09-22T13:19:49","slug":"konges-slojd-ciulptukai-vaisiams-valgyti-panda","status":"publish","type":"product","link":"https:\/\/secihouse.lt\/index.php\/product\/konges-slojd-ciulptukai-vaisiams-valgyti-panda\/","title":{"rendered":"Konges Slojd \u010diulptukai vaisiams valgyti &#8211; Panda"},"content":{"rendered":"<div class=\"nova-woocommerce-tabs style_1\">\n<div class=\"tabs-content\" data-tabs-content=\"single_product_tab\">\n<div id=\"panel_description\" class=\"tabs-panel is-active\" role=\"tabpanel\" aria-labelledby=\"panel_description-label\">\n<p>Vaisi\u0173 \u010diulptukas, kuris pad\u0117s J\u016bs\u0173 ma\u017eyliui i\u0161mokti maitintis pa\u010diam ir tuo pa\u010diu suma\u017eina u\u017espringimo rizik\u0105, kai k\u016bdikis i\u0161moksta nuryti kiet\u0105 maist\u0105, ypa\u010d vaisius. \u00a0Ergonomi\u0161kas rankenas labai lengvai eina suimti ma\u017eoms rankyt\u0117ms. \u00a0Pa\u010diame \u010diulptukyje yra ma\u017eos skylut\u0117s, pro kurias patenka tik ma\u017eos maisto dalel\u0117s, kad k\u016bdikis gal\u0117t\u0173 maitintis visi\u0161kai savaranki\u0161kai.<\/p>\n<p>Komplektuojamas su apsauginiu dangteliu, kuris i\u0161laiko silikonin\u012f antgal\u012f \u0161var\u0173 ir higieni\u0161k\u0105. Pakuot\u0117je 2 vnt. Vienas antgalis ma\u017eesnis, kitas didesnis.<\/p>\n<p><strong>Rekomenduojamas am\u017eius: 6+ m\u0117n.<\/strong><\/p>\n<p><strong>Prie\u017ei\u016bra:<\/strong> Galima plauti indaplov\u0117je. Galima visi\u0161kai i\u0161ardyti tiektuv\u0105 valymui.<\/p>\n<p><strong>Med\u017eiaga:\u00a0<\/strong>Silikonas\/ PP\/ Tritanas<\/p>\n<\/div>\n<\/div>\n<\/div>\n","protected":false},"excerpt":{"rendered":"<p>Vaisi\u0173 \u010diulptukas, kuris pad\u0117s J\u016bs\u0173 ma\u017eyliui i\u0161mokti maitintis pa\u010diam ir tuo pa\u010diu suma\u017eina u\u017espringimo rizik\u0105, kai k\u016bdikis i\u0161moksta nuryti kiet\u0105 maist\u0105, ypa\u010d vaisius. \u00a0Ergonomi\u0161kas rankenas labai lengvai eina suimti ma\u017eoms rankyt\u0117ms. \u00a0Pa\u010diame \u010diulptukyje yra ma\u017eos skylut\u0117s, pro kurias patenka tik ma\u017eos maisto dalel\u0117s, kad k\u016bdikis gal\u0117t\u0173 maitintis visi\u0161kai savaranki\u0161kai. Komplektuojamas su apsauginiu dangteliu, kuris i\u0161laiko [&hellip;]<\/p>\n","protected":false},"featured_media":6914,"template":"","meta":[],"product_brand":[],"product_cat":[65,186],"product_tag":[487,345,236,485,486,164,488],"class_list":{"0":"post-7035","1":"product","2":"type-product","3":"status-publish","4":"has-post-thumbnail","6":"product_cat-laikas-pietums","7":"product_cat-naujienos","8":"product_tag-ciulptukai-vaisiams-valgyti","9":"product_tag-irankiai","10":"product_tag-konges-slojd","11":"product_tag-konges-slojd-ciulptukai","12":"product_tag-konges-slojd-ciulptukai-vaisiams-valgyti","13":"product_tag-laikas-pietums","14":"product_tag-vaisiams-valgyti","15":"","17":"first","18":"instock","19":"taxable","20":"shipping-taxable","21":"purchasable","22":"product-type-simple"},"_links":{"self":[{"href":"https:\/\/secihouse.lt\/index.php\/wp-json\/wp\/v2\/product\/7035","targetHints":{"allow":["GET"]}}],"collection":[{"href":"https:\/\/secihouse.lt\/index.php\/wp-json\/wp\/v2\/product"}],"about":[{"href":"https:\/\/secihouse.lt\/index.php\/wp-json\/wp\/v2\/types\/product"}],"wp:featuredmedia":[{"embeddable":true,"href":"https:\/\/secihouse.lt\/index.php\/wp-json\/wp\/v2\/media\/6914"}],"wp:attachment":[{"href":"https:\/\/secihouse.lt\/index.php\/wp-json\/wp\/v2\/media?parent=7035"}],"wp:term":[{"taxonomy":"product_brand","embeddable":true,"href":"https:\/\/secihouse.lt\/index.php\/wp-json\/wp\/v2\/product_brand?post=7035"},{"taxonomy":"product_cat","embeddable":true,"href":"https:\/\/secihouse.lt\/index.php\/wp-json\/wp\/v2\/product_cat?post=7035"},{"taxonomy":"product_tag","embeddable":true,"href":"https:\/\/secihouse.lt\/index.php\/wp-json\/wp\/v2\/product_tag?post=7035"}],"curies":[{"name":"wp","href":"https:\/\/api.w.org\/{rel}","templated":true}]}}