{"id":7034,"date":"2023-10-10T13:48:17","date_gmt":"2023-10-10T11:48:17","guid":{"rendered":"https:\/\/secihouse.lt\/?post_type=product&#038;p=7034"},"modified":"2026-03-21T18:02:44","modified_gmt":"2026-03-21T16:02:44","slug":"konges-slojd-kuprine-panda","status":"publish","type":"product","link":"https:\/\/secihouse.lt\/index.php\/product\/konges-slojd-kuprine-panda\/","title":{"rendered":"Konges Slojd kuprin\u0117 &#8211; Panda"},"content":{"rendered":"<p>Labai mink\u0161ta bei miela kuprin\u0117 Panda, kurioje gal\u0117s ma\u017eylis ne\u0161ioti savo daiktus ir d\u017eiaugtis pandos draugyste. KURI\u0160N\u0116<\/p>\n<p>&nbsp;<\/p>\n<p><strong>Sud\u0117tis:<\/strong> PAGRINDINIS AUDINIS 100% POLIESTERIS, U\u017dPILDYMAS 100% PERDIRBTAS POLIESTERIS pamu\u0161alas 100% MEDVILN\u0116<\/p>\n<p><strong>Dydis:<\/strong> 29 cm x 26 cm x 33 cm<\/p>\n<p>&nbsp;<\/p>\n","protected":false},"excerpt":{"rendered":"<p>Labai mink\u0161ta bei miela kuprin\u0117 Panda, kurioje gal\u0117s ma\u017eylis ne\u0161ioti savo daiktus ir d\u017eiaugtis pandos draugyste. KURI\u0160N\u0116 &nbsp; Sud\u0117tis: PAGRINDINIS AUDINIS 100% POLIESTERIS, U\u017dPILDYMAS 100% PERDIRBTAS POLIESTERIS pamu\u0161alas 100% MEDVILN\u0116 Dydis: 29 cm x 26 cm x 33 cm &nbsp;<\/p>\n","protected":false},"featured_media":6918,"template":"","meta":[],"product_brand":[],"product_cat":[67,186],"product_tag":[236,489,490],"class_list":{"0":"post-7034","1":"product","2":"type-product","3":"status-publish","4":"has-post-thumbnail","6":"product_cat-apranga-aksesuarai","7":"product_cat-naujienos","8":"product_tag-konges-slojd","9":"product_tag-konges-slojd-kuprine","10":"product_tag-kuprine","11":"","13":"first","14":"instock","15":"taxable","16":"shipping-taxable","17":"purchasable","18":"product-type-simple"},"_links":{"self":[{"href":"https:\/\/secihouse.lt\/index.php\/wp-json\/wp\/v2\/product\/7034","targetHints":{"allow":["GET"]}}],"collection":[{"href":"https:\/\/secihouse.lt\/index.php\/wp-json\/wp\/v2\/product"}],"about":[{"href":"https:\/\/secihouse.lt\/index.php\/wp-json\/wp\/v2\/types\/product"}],"wp:featuredmedia":[{"embeddable":true,"href":"https:\/\/secihouse.lt\/index.php\/wp-json\/wp\/v2\/media\/6918"}],"wp:attachment":[{"href":"https:\/\/secihouse.lt\/index.php\/wp-json\/wp\/v2\/media?parent=7034"}],"wp:term":[{"taxonomy":"product_brand","embeddable":true,"href":"https:\/\/secihouse.lt\/index.php\/wp-json\/wp\/v2\/product_brand?post=7034"},{"taxonomy":"product_cat","embeddable":true,"href":"https:\/\/secihouse.lt\/index.php\/wp-json\/wp\/v2\/product_cat?post=7034"},{"taxonomy":"product_tag","embeddable":true,"href":"https:\/\/secihouse.lt\/index.php\/wp-json\/wp\/v2\/product_tag?post=7034"}],"curies":[{"name":"wp","href":"https:\/\/api.w.org\/{rel}","templated":true}]}}