{"id":7033,"date":"2023-10-10T13:47:35","date_gmt":"2023-10-10T11:47:35","guid":{"rendered":"https:\/\/secihouse.lt\/?post_type=product&#038;p=7033"},"modified":"2025-07-06T15:04:26","modified_gmt":"2025-07-06T13:04:26","slug":"konges-slojd-muzikinis-zaislas-katinelis-2","status":"publish","type":"product","link":"https:\/\/secihouse.lt\/index.php\/product\/konges-slojd-muzikinis-zaislas-katinelis-2\/","title":{"rendered":"Konges Slojd muzikinis \u017eaislas &#8211; katin\u0117lis"},"content":{"rendered":"<p>Veiklos \u017eaislas, grojantis melodij\u0105 \u201eBrahmso lop\u0161in\u0117\u201c. Mielas katin\u0117lis stengsis nuraminti ma\u017eyl\u012f po visos dienel\u0117s kupinos \u012fsp\u016bd\u017ei\u0173.<\/p>\n<p>&nbsp;<\/p>\n<p><strong>Sud\u0117tis:<\/strong> Pagaminta i\u0161 100% perdirbto poliesterio. Lankas pagamintas i\u0161 80% organin\u0117s medviln\u0117s ir 20% poliesterio.<\/p>\n<p><strong>Dydis:<\/strong> 13 cm x \u00a017 cm x \u00a06 cm (\u012fskaitant medin\u012f \u017eied\u0105)<\/p>\n<p><strong>Rekomenduojamas a\u017emius<\/strong>: +0 m.<\/p>\n","protected":false},"excerpt":{"rendered":"<p>Veiklos \u017eaislas, grojantis melodij\u0105 \u201eBrahmso lop\u0161in\u0117\u201c. Mielas katin\u0117lis stengsis nuraminti ma\u017eyl\u012f po visos dienel\u0117s kupinos \u012fsp\u016bd\u017ei\u0173. &nbsp; Sud\u0117tis: Pagaminta i\u0161 100% perdirbto poliesterio. Lankas pagamintas i\u0161 80% organin\u0117s medviln\u0117s ir 20% poliesterio. Dydis: 13 cm x \u00a017 cm x \u00a06 cm (\u012fskaitant medin\u012f \u017eied\u0105) Rekomenduojamas a\u017emius: +0 m.<\/p>\n","protected":false},"featured_media":6936,"template":"","meta":[],"product_brand":[],"product_cat":[186,66],"product_tag":[492,236,491,493,42,178],"class_list":{"0":"post-7033","1":"product","2":"type-product","3":"status-publish","4":"has-post-thumbnail","6":"product_cat-naujienos","7":"product_cat-zaislai","8":"product_tag-grojantis-zaislas","9":"product_tag-konges-slojd","10":"product_tag-konges-slojd-muzikinis-zaislas","11":"product_tag-minkstuolid","12":"product_tag-zaislai","13":"product_tag-zaislas","14":"","16":"first","17":"instock","18":"taxable","19":"shipping-taxable","20":"purchasable","21":"product-type-simple"},"_links":{"self":[{"href":"https:\/\/secihouse.lt\/index.php\/wp-json\/wp\/v2\/product\/7033","targetHints":{"allow":["GET"]}}],"collection":[{"href":"https:\/\/secihouse.lt\/index.php\/wp-json\/wp\/v2\/product"}],"about":[{"href":"https:\/\/secihouse.lt\/index.php\/wp-json\/wp\/v2\/types\/product"}],"wp:featuredmedia":[{"embeddable":true,"href":"https:\/\/secihouse.lt\/index.php\/wp-json\/wp\/v2\/media\/6936"}],"wp:attachment":[{"href":"https:\/\/secihouse.lt\/index.php\/wp-json\/wp\/v2\/media?parent=7033"}],"wp:term":[{"taxonomy":"product_brand","embeddable":true,"href":"https:\/\/secihouse.lt\/index.php\/wp-json\/wp\/v2\/product_brand?post=7033"},{"taxonomy":"product_cat","embeddable":true,"href":"https:\/\/secihouse.lt\/index.php\/wp-json\/wp\/v2\/product_cat?post=7033"},{"taxonomy":"product_tag","embeddable":true,"href":"https:\/\/secihouse.lt\/index.php\/wp-json\/wp\/v2\/product_tag?post=7033"}],"curies":[{"name":"wp","href":"https:\/\/api.w.org\/{rel}","templated":true}]}}