{"id":7029,"date":"2023-10-10T13:43:14","date_gmt":"2023-10-10T11:43:14","guid":{"rendered":"https:\/\/secihouse.lt\/?post_type=product&#038;p=7029"},"modified":"2026-02-15T20:42:38","modified_gmt":"2026-02-15T18:42:38","slug":"konges-slojd-veiklos-veidrodelis-unicorn","status":"publish","type":"product","link":"https:\/\/secihouse.lt\/index.php\/product\/konges-slojd-veiklos-veidrodelis-unicorn\/","title":{"rendered":"Konges Slojd veiklos veidrod\u0117lis &#8211; Unicorn"},"content":{"rendered":"<p>Veiklos \u017eaislas, sukurtas su plastikiniu veidrod\u017eiu ir su lavinimo funkcijomis, puikiai tinka ma\u017eoms rankut\u0117ms laikyti. Skirtingos tekst\u016bros, elastingi dir\u017eeliai, silikoninis \u017eaislas ir ma\u017eos fig\u016br\u0117l\u0117s su varpeliais viduje, kurios skleid\u017eia \u0161veln\u0173 skamb\u0117jim\u0105. \u017daislas taip pat turi prakti\u0161k\u0105 pakabos kilp\u0105 su velcro u\u017esegimu.<\/p>\n<p>&nbsp;<\/p>\n<p><strong>Sud\u0117tis:<\/strong> Pagaminta i\u0161 80% avienos vilnos ir 20% nailono.<\/p>\n<p>&nbsp;<\/p>\n","protected":false},"excerpt":{"rendered":"<p>Veiklos \u017eaislas, sukurtas su plastikiniu veidrod\u017eiu ir su lavinimo funkcijomis, puikiai tinka ma\u017eoms rankut\u0117ms laikyti. Skirtingos tekst\u016bros, elastingi dir\u017eeliai, silikoninis \u017eaislas ir ma\u017eos fig\u016br\u0117l\u0117s su varpeliais viduje, kurios skleid\u017eia \u0161veln\u0173 skamb\u0117jim\u0105. \u017daislas taip pat turi prakti\u0161k\u0105 pakabos kilp\u0105 su velcro u\u017esegimu. &nbsp; Sud\u0117tis: Pagaminta i\u0161 80% avienos vilnos ir 20% nailono. &nbsp;<\/p>\n","protected":false},"featured_media":6970,"template":"","meta":[],"product_brand":[],"product_cat":[186,66],"product_tag":[236,504],"class_list":{"0":"post-7029","1":"product","2":"type-product","3":"status-publish","4":"has-post-thumbnail","6":"product_cat-naujienos","7":"product_cat-zaislai","8":"product_tag-konges-slojd","9":"product_tag-konges-slojd-active-unicorn","10":"","12":"first","13":"instock","14":"taxable","15":"shipping-taxable","16":"purchasable","17":"product-type-simple"},"_links":{"self":[{"href":"https:\/\/secihouse.lt\/index.php\/wp-json\/wp\/v2\/product\/7029","targetHints":{"allow":["GET"]}}],"collection":[{"href":"https:\/\/secihouse.lt\/index.php\/wp-json\/wp\/v2\/product"}],"about":[{"href":"https:\/\/secihouse.lt\/index.php\/wp-json\/wp\/v2\/types\/product"}],"wp:featuredmedia":[{"embeddable":true,"href":"https:\/\/secihouse.lt\/index.php\/wp-json\/wp\/v2\/media\/6970"}],"wp:attachment":[{"href":"https:\/\/secihouse.lt\/index.php\/wp-json\/wp\/v2\/media?parent=7029"}],"wp:term":[{"taxonomy":"product_brand","embeddable":true,"href":"https:\/\/secihouse.lt\/index.php\/wp-json\/wp\/v2\/product_brand?post=7029"},{"taxonomy":"product_cat","embeddable":true,"href":"https:\/\/secihouse.lt\/index.php\/wp-json\/wp\/v2\/product_cat?post=7029"},{"taxonomy":"product_tag","embeddable":true,"href":"https:\/\/secihouse.lt\/index.php\/wp-json\/wp\/v2\/product_tag?post=7029"}],"curies":[{"name":"wp","href":"https:\/\/api.w.org\/{rel}","templated":true}]}}