{"id":7027,"date":"2023-10-10T13:38:47","date_gmt":"2023-10-10T11:38:47","guid":{"rendered":"https:\/\/secihouse.lt\/?post_type=product&#038;p=7027"},"modified":"2025-06-17T15:56:10","modified_gmt":"2025-06-17T13:56:10","slug":"konges-slojd-kreideles-is-biciu-vasko","status":"publish","type":"product","link":"https:\/\/secihouse.lt\/index.php\/product\/konges-slojd-kreideles-is-biciu-vasko\/","title":{"rendered":"Konges Slojd kreidel\u0117s i\u0161 bi\u010di\u0173 va\u0161ko"},"content":{"rendered":"<p>Bi\u010di\u0173 va\u0161ko kreidel\u0117s yra nat\u016brali alternatyva tradicin\u0117ms parafino kreidoms. Kreidel\u0117s, pagamintos naudojant bi\u010di\u0173 va\u0161k\u0105, yra ilgaam\u017e\u0117s ir patvarios, o nat\u016bralus bi\u010di\u0173 va\u0161ko skaidrumas atskleid\u017eia sodrias ir ry\u0161kias spalvas, nes kreidel\u0117s slysta sviestiniu lygiu per popieri\u0173.\u00a0Yra 10 skirting\u0173 spalv\u0173 vnt.<\/p>\n<p>&nbsp;<\/p>\n<p><strong>Sud\u0117tis:<\/strong> 15% KOMBINUOTAS VA\u0160KAS (BALTAS KALCIS+STEARIO R\u016aG\u0160TIS) 72% BI\u010cI\u0172 VA\u0160KAS 11% TALKAS 2% PIGMENTAS<\/p>\n<p><strong>Dydis:<\/strong> \u00a011,2 cm x 16,2 cm x 2,2 cm<\/p>\n<p><strong>Rekomenduojamas am\u017eius:<\/strong> 3 metai +<\/p>\n<p>&nbsp;<\/p>\n<p>Naudokite tik ant popieriaus.<\/p>\n<p>&nbsp;<\/p>\n","protected":false},"excerpt":{"rendered":"<p>Bi\u010di\u0173 va\u0161ko kreidel\u0117s yra nat\u016brali alternatyva tradicin\u0117ms parafino kreidoms. Kreidel\u0117s, pagamintos naudojant bi\u010di\u0173 va\u0161k\u0105, yra ilgaam\u017e\u0117s ir patvarios, o nat\u016bralus bi\u010di\u0173 va\u0161ko skaidrumas atskleid\u017eia sodrias ir ry\u0161kias spalvas, nes kreidel\u0117s slysta sviestiniu lygiu per popieri\u0173.\u00a0Yra 10 skirting\u0173 spalv\u0173 vnt. &nbsp; Sud\u0117tis: 15% KOMBINUOTAS VA\u0160KAS (BALTAS KALCIS+STEARIO R\u016aG\u0160TIS) 72% BI\u010cI\u0172 VA\u0160KAS 11% TALKAS 2% PIGMENTAS Dydis: [&hellip;]<\/p>\n","protected":false},"featured_media":6980,"template":"","meta":[],"product_brand":[],"product_cat":[186,66],"product_tag":[236,497,498,496,42],"class_list":{"0":"post-7027","1":"product","2":"type-product","3":"status-publish","4":"has-post-thumbnail","6":"product_cat-naujienos","7":"product_cat-zaislai","8":"product_tag-konges-slojd","9":"product_tag-konges-slojd-kreideles-biciu-vasko","10":"product_tag-kreideles","11":"product_tag-piesimo-priemones","12":"product_tag-zaislai","13":"","15":"first","16":"instock","17":"taxable","18":"shipping-taxable","19":"purchasable","20":"product-type-simple"},"_links":{"self":[{"href":"https:\/\/secihouse.lt\/index.php\/wp-json\/wp\/v2\/product\/7027","targetHints":{"allow":["GET"]}}],"collection":[{"href":"https:\/\/secihouse.lt\/index.php\/wp-json\/wp\/v2\/product"}],"about":[{"href":"https:\/\/secihouse.lt\/index.php\/wp-json\/wp\/v2\/types\/product"}],"wp:featuredmedia":[{"embeddable":true,"href":"https:\/\/secihouse.lt\/index.php\/wp-json\/wp\/v2\/media\/6980"}],"wp:attachment":[{"href":"https:\/\/secihouse.lt\/index.php\/wp-json\/wp\/v2\/media?parent=7027"}],"wp:term":[{"taxonomy":"product_brand","embeddable":true,"href":"https:\/\/secihouse.lt\/index.php\/wp-json\/wp\/v2\/product_brand?post=7027"},{"taxonomy":"product_cat","embeddable":true,"href":"https:\/\/secihouse.lt\/index.php\/wp-json\/wp\/v2\/product_cat?post=7027"},{"taxonomy":"product_tag","embeddable":true,"href":"https:\/\/secihouse.lt\/index.php\/wp-json\/wp\/v2\/product_tag?post=7027"}],"curies":[{"name":"wp","href":"https:\/\/api.w.org\/{rel}","templated":true}]}}