{"id":7016,"date":"2023-10-10T13:33:18","date_gmt":"2023-10-10T11:33:18","guid":{"rendered":"https:\/\/secihouse.lt\/?post_type=product&#038;p=7016"},"modified":"2025-04-28T08:39:35","modified_gmt":"2025-04-28T06:39:35","slug":"gommu-pocket-lovele-liberty","status":"publish","type":"product","link":"https:\/\/secihouse.lt\/index.php\/product\/gommu-pocket-lovele-liberty\/","title":{"rendered":"Gommu pocket lovel\u0117 &#8211; Liberty"},"content":{"rendered":"<p>Kad J\u016bs\u0173 mielai ma\u017eytei Gommu l\u0117lytei neb\u016bt\u0173 taip li\u016bdna augti, tai baldeliai suteiks kasdienybei daugiau \u017eaismingumo \u017eaidimo metu. Gommu pocket l\u0117lyt\u0117s ir baldeliai skatina J\u016bs\u0173 ma\u017eylio emocin\u012f, jutimin\u012f ir pa\u017eintin\u012f vystym\u0105si.<\/p>\n<p>&nbsp;<\/p>\n<p><strong>Rekomenduojamas am\u017eius:<\/strong> +3 metai.<\/p>\n<p><strong>Dydis:\u00a0<\/strong>14 cm x 8 cm x \u00a011 cm<\/p>\n<p><strong>Sud\u0117tis:<\/strong>\u00a0Metalas: gele\u017eis, audinys: 100% medviln\u0117, u\u017epildas: 100% poliesteris<\/p>\n<p>&nbsp;<\/p>\n<p>&nbsp;<\/p>\n<p>Visi GOMMU gaminiai pagaminti i\u0161 auk\u0161tos kokyb\u0117s med\u017eiag\u0173. Laikykit\u0117s toliau pateikt\u0173 prie\u017ei\u016bros nurodym\u0173, kad u\u017etikrintum\u0117te kuo ilgesn\u012f gaminio tarnavimo laik\u0105:<\/p>\n<p>Per daug nelaikykite saul\u0117je.<br \/>\nNelaikykite auk\u0161toje temperat\u016broje.<br \/>\nNeplaukite abrazyviniais produktais.<br \/>\nNelaikykite s\u016briame vandenyje<\/p>\n<p>&nbsp;<\/p>\n","protected":false},"excerpt":{"rendered":"<p>Kad J\u016bs\u0173 mielai ma\u017eytei Gommu l\u0117lytei neb\u016bt\u0173 taip li\u016bdna augti, tai baldeliai suteiks kasdienybei daugiau \u017eaismingumo \u017eaidimo metu. Gommu pocket l\u0117lyt\u0117s ir baldeliai skatina J\u016bs\u0173 ma\u017eylio emocin\u012f, jutimin\u012f ir pa\u017eintin\u012f vystym\u0105si. &nbsp; Rekomenduojamas am\u017eius: +3 metai. Dydis:\u00a014 cm x 8 cm x \u00a011 cm Sud\u0117tis:\u00a0Metalas: gele\u017eis, audinys: 100% medviln\u0117, u\u017epildas: 100% poliesteris &nbsp; &nbsp; Visi [&hellip;]<\/p>\n","protected":false},"featured_media":7017,"template":"","meta":[],"product_brand":[],"product_cat":[186,66],"product_tag":[403,416,410,505,506,42],"class_list":{"0":"post-7016","1":"product","2":"type-product","3":"status-publish","4":"has-post-thumbnail","6":"product_cat-naujienos","7":"product_cat-zaislai","8":"product_tag-gommu","9":"product_tag-gommu-aksesuarai","10":"product_tag-gommu-lelyte","11":"product_tag-gommu-pocket-lovyt","12":"product_tag-lovele","13":"product_tag-zaislai","14":"","16":"first","17":"instock","18":"taxable","19":"shipping-taxable","20":"purchasable","21":"product-type-simple"},"_links":{"self":[{"href":"https:\/\/secihouse.lt\/index.php\/wp-json\/wp\/v2\/product\/7016","targetHints":{"allow":["GET"]}}],"collection":[{"href":"https:\/\/secihouse.lt\/index.php\/wp-json\/wp\/v2\/product"}],"about":[{"href":"https:\/\/secihouse.lt\/index.php\/wp-json\/wp\/v2\/types\/product"}],"wp:featuredmedia":[{"embeddable":true,"href":"https:\/\/secihouse.lt\/index.php\/wp-json\/wp\/v2\/media\/7017"}],"wp:attachment":[{"href":"https:\/\/secihouse.lt\/index.php\/wp-json\/wp\/v2\/media?parent=7016"}],"wp:term":[{"taxonomy":"product_brand","embeddable":true,"href":"https:\/\/secihouse.lt\/index.php\/wp-json\/wp\/v2\/product_brand?post=7016"},{"taxonomy":"product_cat","embeddable":true,"href":"https:\/\/secihouse.lt\/index.php\/wp-json\/wp\/v2\/product_cat?post=7016"},{"taxonomy":"product_tag","embeddable":true,"href":"https:\/\/secihouse.lt\/index.php\/wp-json\/wp\/v2\/product_tag?post=7016"}],"curies":[{"name":"wp","href":"https:\/\/api.w.org\/{rel}","templated":true}]}}