{"id":6871,"date":"2023-10-06T18:15:02","date_gmt":"2023-10-06T16:15:02","guid":{"rendered":"https:\/\/secihouse.lt\/?post_type=product&#038;p=6871"},"modified":"2026-02-17T17:26:38","modified_gmt":"2026-02-17T15:26:38","slug":"tinycottons-striuke-poodles","status":"publish","type":"product","link":"https:\/\/secihouse.lt\/index.php\/product\/tinycottons-striuke-poodles\/","title":{"rendered":"TinyCottons striuk\u0117 &#8211; Poodles"},"content":{"rendered":"<p>B\u016bkite pasiruo\u0161\u0119 kitam \u017eiemos nuotykiui su \u201eTiny Poodle\u201c trumpa pamink\u0161tinta striuke. \u0160i itin \u0161ilta pamink\u0161tinta striuk\u0117 su medvilninio pudelio ra\u0161to i\u0161or\u0117je ir jaukia \u0161erp\u0173 apykakle turi piln\u0105 u\u017etrauktuk\u0105 priekyje ir papildom\u0105 u\u017esegam\u0105 priekin\u012f u\u017esegim\u0105, suteikiant\u012f papildomos \u0161ilumos, ir \u0161onin\u0117se ki\u0161en\u0117se.<\/p>\n<p><strong>Sud\u0117tis:<\/strong><br \/>\nI\u0161or\u0117: 100% medviln\u0117<br \/>\nPamu\u0161alas: 100% poliesteris<br \/>\nPamink\u0161tinimas: 100% poliesteris<\/p>\n<p><strong>Prie\u017ei\u016bra:<\/strong> Visi gaminiai pagaminti i\u0161 auk\u0161tos kokyb\u0117s pluo\u0161to. Laikykit\u0117s toliau pateikt\u0173 prie\u017ei\u016bros nurodym\u0173, kad u\u017etikrintum\u0117te kuo ilgesn\u012f gaminio tarnavimo laik\u0105:<\/p>\n<p>Skalbti skalbimo ma\u0161inoje \u0161altoje temperat\u016broje. Nebalinti. D\u017eiovinkite \u017eemai d\u017eiovykl\u0117je. Nelyginkite. Nevalyti cheminiu valymu. Skalbti su u\u017edaromis tvirtinimo detal\u0117mis.<\/p>\n<p>&nbsp;<\/p>\n","protected":false},"excerpt":{"rendered":"<p>B\u016bkite pasiruo\u0161\u0119 kitam \u017eiemos nuotykiui su \u201eTiny Poodle\u201c trumpa pamink\u0161tinta striuke. \u0160i itin \u0161ilta pamink\u0161tinta striuk\u0117 su medvilninio pudelio ra\u0161to i\u0161or\u0117je ir jaukia \u0161erp\u0173 apykakle turi piln\u0105 u\u017etrauktuk\u0105 priekyje ir papildom\u0105 u\u017esegam\u0105 priekin\u012f u\u017esegim\u0105, suteikiant\u012f papildomos \u0161ilumos, ir \u0161onin\u0117se ki\u0161en\u0117se. Sud\u0117tis: I\u0161or\u0117: 100% medviln\u0117 Pamu\u0161alas: 100% poliesteris Pamink\u0161tinimas: 100% poliesteris Prie\u017ei\u016bra: Visi gaminiai pagaminti i\u0161 [&hellip;]<\/p>\n","protected":false},"featured_media":6872,"template":"","meta":[],"product_brand":[],"product_cat":[772,67,186],"product_tag":[244,391,424,466],"class_list":{"0":"post-6871","1":"product","2":"type-product","3":"status-publish","4":"has-post-thumbnail","6":"product_cat-apranga","7":"product_cat-apranga-aksesuarai","8":"product_cat-naujienos","9":"product_tag-apranga","10":"product_tag-striuke","11":"product_tag-tinycottons","12":"product_tag-tinycottons-striuke","13":"","15":"first","16":"outofstock","17":"taxable","18":"shipping-taxable","19":"purchasable","20":"product-type-variable"},"_links":{"self":[{"href":"https:\/\/secihouse.lt\/index.php\/wp-json\/wp\/v2\/product\/6871","targetHints":{"allow":["GET"]}}],"collection":[{"href":"https:\/\/secihouse.lt\/index.php\/wp-json\/wp\/v2\/product"}],"about":[{"href":"https:\/\/secihouse.lt\/index.php\/wp-json\/wp\/v2\/types\/product"}],"wp:featuredmedia":[{"embeddable":true,"href":"https:\/\/secihouse.lt\/index.php\/wp-json\/wp\/v2\/media\/6872"}],"wp:attachment":[{"href":"https:\/\/secihouse.lt\/index.php\/wp-json\/wp\/v2\/media?parent=6871"}],"wp:term":[{"taxonomy":"product_brand","embeddable":true,"href":"https:\/\/secihouse.lt\/index.php\/wp-json\/wp\/v2\/product_brand?post=6871"},{"taxonomy":"product_cat","embeddable":true,"href":"https:\/\/secihouse.lt\/index.php\/wp-json\/wp\/v2\/product_cat?post=6871"},{"taxonomy":"product_tag","embeddable":true,"href":"https:\/\/secihouse.lt\/index.php\/wp-json\/wp\/v2\/product_tag?post=6871"}],"curies":[{"name":"wp","href":"https:\/\/api.w.org\/{rel}","templated":true}]}}