{"id":6825,"date":"2023-09-14T21:33:16","date_gmt":"2023-09-14T19:33:16","guid":{"rendered":"https:\/\/secihouse.lt\/?post_type=product&#038;p=6825"},"modified":"2026-04-26T15:47:42","modified_gmt":"2026-04-26T13:47:42","slug":"tinycottons-dzinsai-poodle","status":"publish","type":"product","link":"https:\/\/secihouse.lt\/index.php\/product\/tinycottons-dzinsai-poodle\/","title":{"rendered":"TinyCottons d\u017einsai &#8211; Poodle"},"content":{"rendered":"<p>Stilingas garderobas d\u017einsai su kuriais vaikas jausis patogiai ir gra\u017eiai. Puikiai tiks ir \u017eiemos metu! Taip pat \u0161i\u0173 d\u017eins\u0173 privalumas, kad turi vidin\u0117je pus\u0117je prie liemens gumas, kurias galima reaguliuoti ir nebereik\u0117s dir\u017eo, nes puikiai laikysis gumos d\u0117ka.<\/p>\n<p>&nbsp;<\/p>\n<p><strong>Sud\u0117tis:<\/strong> 100% medviln\u0117<\/p>\n<p><strong>Prie\u017ei\u016bra:\u00a0<\/strong><\/p>\n<p><span class=\"Y2IQFc\" lang=\"lt\">Visi gaminiai pagaminti i\u0161 auk\u0161tos kokyb\u0117s pluo\u0161to. Laikykit\u0117s toliau pateikt\u0173 prie\u017ei\u016bros nurodym\u0173, kad u\u017etikrintum\u0117te kuo ilgesn\u012f gaminio tarnavimo laik\u0105:\u00a0<\/span><span class=\"Y2IQFc\" lang=\"lt\">Skalbti skalbimo ma\u0161inoje \u0161altoje temperat\u016broje. Nebalinti. Ned\u017eiovinkite d\u017eiovykl\u0117je. \u0160iltas lygintuvas kitoje pus\u0117je. Nevalyti cheminiu valymu. Skalbkite su pana\u0161iomis spalvomis. Skalbti su u\u017edaromis tvirtinimo detal\u0117mis.<\/span><\/p>\n<p>&nbsp;<\/p>\n","protected":false},"excerpt":{"rendered":"<p>Stilingas garderobas d\u017einsai su kuriais vaikas jausis patogiai ir gra\u017eiai. Puikiai tiks ir \u017eiemos metu! Taip pat \u0161i\u0173 d\u017eins\u0173 privalumas, kad turi vidin\u0117je pus\u0117je prie liemens gumas, kurias galima reaguliuoti ir nebereik\u0117s dir\u017eo, nes puikiai laikysis gumos d\u0117ka. &nbsp; Sud\u0117tis: 100% medviln\u0117 Prie\u017ei\u016bra:\u00a0 Visi gaminiai pagaminti i\u0161 auk\u0161tos kokyb\u0117s pluo\u0161to. Laikykit\u0117s toliau pateikt\u0173 prie\u017ei\u016bros nurodym\u0173, [&hellip;]<\/p>\n","protected":false},"featured_media":6826,"template":"","meta":[],"product_brand":[],"product_cat":[772,67,186],"product_tag":[244,455,424,457],"class_list":{"0":"post-6825","1":"product","2":"type-product","3":"status-publish","4":"has-post-thumbnail","6":"product_cat-apranga","7":"product_cat-apranga-aksesuarai","8":"product_cat-naujienos","9":"product_tag-apranga","10":"product_tag-dzinsai","11":"product_tag-tinycottons","12":"product_tag-tinycottons-dzinsai","13":"","15":"first","16":"instock","17":"taxable","18":"shipping-taxable","19":"purchasable","20":"product-type-variable"},"_links":{"self":[{"href":"https:\/\/secihouse.lt\/index.php\/wp-json\/wp\/v2\/product\/6825","targetHints":{"allow":["GET"]}}],"collection":[{"href":"https:\/\/secihouse.lt\/index.php\/wp-json\/wp\/v2\/product"}],"about":[{"href":"https:\/\/secihouse.lt\/index.php\/wp-json\/wp\/v2\/types\/product"}],"wp:featuredmedia":[{"embeddable":true,"href":"https:\/\/secihouse.lt\/index.php\/wp-json\/wp\/v2\/media\/6826"}],"wp:attachment":[{"href":"https:\/\/secihouse.lt\/index.php\/wp-json\/wp\/v2\/media?parent=6825"}],"wp:term":[{"taxonomy":"product_brand","embeddable":true,"href":"https:\/\/secihouse.lt\/index.php\/wp-json\/wp\/v2\/product_brand?post=6825"},{"taxonomy":"product_cat","embeddable":true,"href":"https:\/\/secihouse.lt\/index.php\/wp-json\/wp\/v2\/product_cat?post=6825"},{"taxonomy":"product_tag","embeddable":true,"href":"https:\/\/secihouse.lt\/index.php\/wp-json\/wp\/v2\/product_tag?post=6825"}],"curies":[{"name":"wp","href":"https:\/\/api.w.org\/{rel}","templated":true}]}}