{"id":6807,"date":"2023-09-10T14:50:38","date_gmt":"2023-09-10T12:50:38","guid":{"rendered":"https:\/\/secihouse.lt\/?post_type=product&#038;p=6807"},"modified":"2026-02-15T20:44:34","modified_gmt":"2026-02-15T18:44:34","slug":"konges-slojd-mazi-mini-automobiliai","status":"publish","type":"product","link":"https:\/\/secihouse.lt\/index.php\/product\/konges-slojd-mazi-mini-automobiliai\/","title":{"rendered":"Konges Slojd ma\u017ei mini automobiliai"},"content":{"rendered":"<p>Mediniai mini automobiliai be galo gra\u017eaus dizaino tiks \u012fvairiausiams \u017eaidimams! Taip pat kad ma\u0161in\u0117l\u0117s tur\u0117t\u0173 savo viet\u0105 prie j\u0173 yra d\u0117\u017e\u0117, kuri gali puikiai \u017eaidimo metu b\u016bti kaip gara\u017eas, parkavimo vieta ar bet kas, ko nor\u0117s ma\u017eylis. \ud83d\ude42<\/p>\n<p>&nbsp;<\/p>\n<p>&nbsp;<\/p>\n<p><strong>Sud\u0117tis:<\/strong> Pagaminta i\u0161 FSC sertifikuotos buko medienos<\/p>\n<p><strong>Rekomenduojamas am\u017eius:<\/strong> +18 m\u0117n.<\/p>\n<p><strong>Dydis:<\/strong><\/p>\n<p><span class=\"Y2IQFc\" lang=\"lt\">D\u0117\u017eut\u0117: 16 cm x 26 cm x \u00a03,5 cm <\/span><\/p>\n<p><span class=\"Y2IQFc\" lang=\"lt\">Automobiliai i\u0161 MDF: \u00a04cm \u00a0x \u00a07cm x 1,5 cm<\/span><\/p>\n<p>&nbsp;<\/p>\n","protected":false},"excerpt":{"rendered":"<p>Mediniai mini automobiliai be galo gra\u017eaus dizaino tiks \u012fvairiausiams \u017eaidimams! Taip pat kad ma\u0161in\u0117l\u0117s tur\u0117t\u0173 savo viet\u0105 prie j\u0173 yra d\u0117\u017e\u0117, kuri gali puikiai \u017eaidimo metu b\u016bti kaip gara\u017eas, parkavimo vieta ar bet kas, ko nor\u0117s ma\u017eylis. \ud83d\ude42 &nbsp; &nbsp; Sud\u0117tis: Pagaminta i\u0161 FSC sertifikuotos buko medienos Rekomenduojamas am\u017eius: +18 m\u0117n. Dydis: D\u0117\u017eut\u0117: 16 cm [&hellip;]<\/p>\n","protected":false},"featured_media":6808,"template":"","meta":[],"product_brand":[],"product_cat":[186,66],"product_tag":[451,236,453,450,349,452,441],"class_list":{"0":"post-6807","1":"product","2":"type-product","3":"status-publish","4":"has-post-thumbnail","6":"product_cat-naujienos","7":"product_cat-zaislai","8":"product_tag-automobiliai","9":"product_tag-konges-slojd","10":"product_tag-konges-slojd-automoboliiai","11":"product_tag-konges-slojd-zaislai","12":"product_tag-liewood-papludimio-zaislai","13":"product_tag-masineles","14":"product_tag-mediniai-zaislai","15":"","17":"first","18":"instock","19":"taxable","20":"shipping-taxable","21":"purchasable","22":"product-type-simple"},"_links":{"self":[{"href":"https:\/\/secihouse.lt\/index.php\/wp-json\/wp\/v2\/product\/6807","targetHints":{"allow":["GET"]}}],"collection":[{"href":"https:\/\/secihouse.lt\/index.php\/wp-json\/wp\/v2\/product"}],"about":[{"href":"https:\/\/secihouse.lt\/index.php\/wp-json\/wp\/v2\/types\/product"}],"wp:featuredmedia":[{"embeddable":true,"href":"https:\/\/secihouse.lt\/index.php\/wp-json\/wp\/v2\/media\/6808"}],"wp:attachment":[{"href":"https:\/\/secihouse.lt\/index.php\/wp-json\/wp\/v2\/media?parent=6807"}],"wp:term":[{"taxonomy":"product_brand","embeddable":true,"href":"https:\/\/secihouse.lt\/index.php\/wp-json\/wp\/v2\/product_brand?post=6807"},{"taxonomy":"product_cat","embeddable":true,"href":"https:\/\/secihouse.lt\/index.php\/wp-json\/wp\/v2\/product_cat?post=6807"},{"taxonomy":"product_tag","embeddable":true,"href":"https:\/\/secihouse.lt\/index.php\/wp-json\/wp\/v2\/product_tag?post=6807"}],"curies":[{"name":"wp","href":"https:\/\/api.w.org\/{rel}","templated":true}]}}