{"id":6798,"date":"2023-09-06T14:34:23","date_gmt":"2023-09-06T12:34:23","guid":{"rendered":"https:\/\/secihouse.lt\/?post_type=product&#038;p=6798"},"modified":"2025-02-10T16:38:19","modified_gmt":"2025-02-10T14:38:19","slug":"liewood-barskutis-meskutis-caramel","status":"publish","type":"product","link":"https:\/\/secihouse.lt\/index.php\/product\/liewood-barskutis-meskutis-caramel\/","title":{"rendered":"Liewood bar\u0161kutis me\u0161kutis &#8211; Caramel"},"content":{"rendered":"<p>Mink\u0161tutis bar\u0161kutis, o dar ir me\u0161kutis. O<span class=\"Y2IQFc\" lang=\"lt\">rgani\u0161kas bar\u0161kutis k\u016bdiki\u0173 \u017eaidimams ir pramogoms. Puikus pirmasis \u017eaislas pirmajam jutiminiam \u017eaidimui. Stimuliuoja poj\u016b\u010dius. <\/span><\/p>\n<p>&nbsp;<\/p>\n<p><strong>Sud\u0117tis:<\/strong><span class=\"Y2IQFc\" lang=\"lt\">\u00a0100% organin\u0117 medviln\u0117, ; U\u017epildas: 100% perdirbtas poliesteris<\/span><\/p>\n<p><span class=\"Y2IQFc\" lang=\"lt\"><strong>Rekomenduojamas am\u017eius:<\/strong> +0 met\u0173<\/span><\/p>\n<p><strong>Dydis:<\/strong> 12cm<\/p>\n<p>&nbsp;<\/p>\n","protected":false},"excerpt":{"rendered":"<p>Mink\u0161tutis bar\u0161kutis, o dar ir me\u0161kutis. Organi\u0161kas bar\u0161kutis k\u016bdiki\u0173 \u017eaidimams ir pramogoms. Puikus pirmasis \u017eaislas pirmajam jutiminiam \u017eaidimui. Stimuliuoja poj\u016b\u010dius. &nbsp; Sud\u0117tis:\u00a0100% organin\u0117 medviln\u0117, ; U\u017epildas: 100% perdirbtas poliesteris Rekomenduojamas am\u017eius: +0 met\u0173 Dydis: 12cm &nbsp;<\/p>\n","protected":false},"featured_media":6799,"template":"","meta":[],"product_brand":[],"product_cat":[186,66],"product_tag":[218,156,444,445,42,178],"class_list":{"0":"post-6798","1":"product","2":"type-product","3":"status-publish","4":"has-post-thumbnail","6":"product_cat-naujienos","7":"product_cat-zaislai","8":"product_tag-barskutis","9":"product_tag-liewood","10":"product_tag-liewood-barskutis","11":"product_tag-pirmasis-zaisliukas","12":"product_tag-zaislai","13":"product_tag-zaislas","14":"","16":"first","17":"instock","18":"taxable","19":"shipping-taxable","20":"purchasable","21":"product-type-simple"},"_links":{"self":[{"href":"https:\/\/secihouse.lt\/index.php\/wp-json\/wp\/v2\/product\/6798","targetHints":{"allow":["GET"]}}],"collection":[{"href":"https:\/\/secihouse.lt\/index.php\/wp-json\/wp\/v2\/product"}],"about":[{"href":"https:\/\/secihouse.lt\/index.php\/wp-json\/wp\/v2\/types\/product"}],"wp:featuredmedia":[{"embeddable":true,"href":"https:\/\/secihouse.lt\/index.php\/wp-json\/wp\/v2\/media\/6799"}],"wp:attachment":[{"href":"https:\/\/secihouse.lt\/index.php\/wp-json\/wp\/v2\/media?parent=6798"}],"wp:term":[{"taxonomy":"product_brand","embeddable":true,"href":"https:\/\/secihouse.lt\/index.php\/wp-json\/wp\/v2\/product_brand?post=6798"},{"taxonomy":"product_cat","embeddable":true,"href":"https:\/\/secihouse.lt\/index.php\/wp-json\/wp\/v2\/product_cat?post=6798"},{"taxonomy":"product_tag","embeddable":true,"href":"https:\/\/secihouse.lt\/index.php\/wp-json\/wp\/v2\/product_tag?post=6798"}],"curies":[{"name":"wp","href":"https:\/\/api.w.org\/{rel}","templated":true}]}}