{"id":6781,"date":"2023-09-06T14:04:00","date_gmt":"2023-09-06T12:04:00","guid":{"rendered":"https:\/\/secihouse.lt\/?post_type=product&#038;p=6781"},"modified":"2024-11-27T02:16:05","modified_gmt":"2024-11-27T00:16:05","slug":"liewood-vonios-zaislai-loma","status":"publish","type":"product","link":"https:\/\/secihouse.lt\/index.php\/product\/liewood-vonios-zaislai-loma\/","title":{"rendered":"Liewood vonios \u017eaislai &#8211; Loma"},"content":{"rendered":"<p>Kuo daugiau \u017eaisl\u0173 maudyniu metu, tuo linksmiau ! Tai \u017eaisliukai, kurie be galo mink\u0161ti ir pagaminti i\u0161 nat\u016bralaus kau\u010diuko, tod\u0117l nebus galimyb\u0117s susi\u017eeisti ir saugu \u017eaisti, tyrin\u0117ti, liesti.<\/p>\n<p>Taip pat vandens \u017eaislai net\u016bri ertmi\u0173, tod\u0117l nebus galimyb\u0117s kauptis pel\u0117siui ar kitoms bakterijoms.<\/p>\n<p>&nbsp;<\/p>\n<p><strong>Sud\u0117tis:<\/strong> 100% nat\u016bralus kau\u010diukas.<\/p>\n<p><strong>Rekomenduojamas am\u017eius:<\/strong> +4m\u0117n<\/p>\n<p><strong>Dydis:<\/strong>\u00a0<span class=\"Y2IQFc\" lang=\"lt\">MA\u017dAS PAUK\u0160TIS: AUK\u0160TIS (CM) 8; PLOTIS (CM) 7,8; ILGIS (CM) 8. <\/span><\/p>\n<p><span class=\"Y2IQFc\" lang=\"lt\">DIDYSIS PAUK\u0160TIS: AUK\u0160TIS (CM) 10; PLOTIS (CM) 9,8; ILGIS (CM) 9,5<\/span><\/p>\n","protected":false},"excerpt":{"rendered":"<p>Kuo daugiau \u017eaisl\u0173 maudyniu metu, tuo linksmiau ! Tai \u017eaisliukai, kurie be galo mink\u0161ti ir pagaminti i\u0161 nat\u016bralaus kau\u010diuko, tod\u0117l nebus galimyb\u0117s susi\u017eeisti ir saugu \u017eaisti, tyrin\u0117ti, liesti. Taip pat vandens \u017eaislai net\u016bri ertmi\u0173, tod\u0117l nebus galimyb\u0117s kauptis pel\u0117siui ar kitoms bakterijoms. &nbsp; Sud\u0117tis: 100% nat\u016bralus kau\u010diukas. Rekomenduojamas am\u017eius: +4m\u0117n Dydis:\u00a0MA\u017dAS PAUK\u0160TIS: AUK\u0160TIS (CM) 8; [&hellip;]<\/p>\n","protected":false},"featured_media":6782,"template":"","meta":[],"product_brand":[],"product_cat":[63,186],"product_tag":[156,436,435,437,196,42],"class_list":{"0":"post-6781","1":"product","2":"type-product","3":"status-publish","4":"has-post-thumbnail","6":"product_cat-laikas-maudynems","7":"product_cat-naujienos","8":"product_tag-liewood","9":"product_tag-liewood-maudymui","10":"product_tag-liewood-maudymyi","11":"product_tag-maudyniu-laikas","12":"product_tag-vandens-zaislai","13":"product_tag-zaislai","14":"","16":"first","17":"instock","18":"taxable","19":"shipping-taxable","20":"purchasable","21":"product-type-simple"},"_links":{"self":[{"href":"https:\/\/secihouse.lt\/index.php\/wp-json\/wp\/v2\/product\/6781","targetHints":{"allow":["GET"]}}],"collection":[{"href":"https:\/\/secihouse.lt\/index.php\/wp-json\/wp\/v2\/product"}],"about":[{"href":"https:\/\/secihouse.lt\/index.php\/wp-json\/wp\/v2\/types\/product"}],"wp:featuredmedia":[{"embeddable":true,"href":"https:\/\/secihouse.lt\/index.php\/wp-json\/wp\/v2\/media\/6782"}],"wp:attachment":[{"href":"https:\/\/secihouse.lt\/index.php\/wp-json\/wp\/v2\/media?parent=6781"}],"wp:term":[{"taxonomy":"product_brand","embeddable":true,"href":"https:\/\/secihouse.lt\/index.php\/wp-json\/wp\/v2\/product_brand?post=6781"},{"taxonomy":"product_cat","embeddable":true,"href":"https:\/\/secihouse.lt\/index.php\/wp-json\/wp\/v2\/product_cat?post=6781"},{"taxonomy":"product_tag","embeddable":true,"href":"https:\/\/secihouse.lt\/index.php\/wp-json\/wp\/v2\/product_tag?post=6781"}],"curies":[{"name":"wp","href":"https:\/\/api.w.org\/{rel}","templated":true}]}}