{"id":6773,"date":"2023-08-29T10:17:56","date_gmt":"2023-08-29T08:17:56","guid":{"rendered":"https:\/\/secihouse.lt\/?post_type=product&#038;p=6773"},"modified":"2024-06-24T23:27:28","modified_gmt":"2024-06-24T21:27:28","slug":"maileg-suniuko-petnesos","status":"publish","type":"product","link":"https:\/\/secihouse.lt\/index.php\/product\/maileg-suniuko-petnesos\/","title":{"rendered":"Maileg \u0161uniuko petne\u0161os"},"content":{"rendered":"<p>Augina ma\u017eylis maileg pliu\u0161inuk\u0105 \u0161unel\u012f ? Petne\u0161os tai bus puikus aksesuaras papuo\u0161ti draug\u0105. \u0160ios petne\u0161os sukurtos taip, kad galima b\u016bt\u0173 prisegti pavad\u0117l\u012f ir keliauti kartu bei tyrin\u0117ti pasaul\u012f.<\/p>\n<p>&nbsp;<\/p>\n<p><strong>Sud\u0117tis:<\/strong> Poliesteris<\/p>\n<p><strong>Prie\u017ei\u016bra:<\/strong> Plauti rankomis<\/p>\n<p><strong>Rekomenduojamas am\u017eius:<\/strong> 3+ met\u0173<\/p>\n<p>&nbsp;<\/p>\n","protected":false},"excerpt":{"rendered":"<p>Augina ma\u017eylis maileg pliu\u0161inuk\u0105 \u0161unel\u012f ? Petne\u0161os tai bus puikus aksesuaras papuo\u0161ti draug\u0105. \u0160ios petne\u0161os sukurtos taip, kad galima b\u016bt\u0173 prisegti pavad\u0117l\u012f ir keliauti kartu bei tyrin\u0117ti pasaul\u012f. &nbsp; Sud\u0117tis: Poliesteris Prie\u017ei\u016bra: Plauti rankomis Rekomenduojamas am\u017eius: 3+ met\u0173 &nbsp;<\/p>\n","protected":false},"featured_media":6774,"template":"","meta":[],"product_brand":[],"product_cat":[61,186],"product_tag":[43,107,154,434,433],"class_list":{"0":"post-6773","1":"product","2":"type-product","3":"status-publish","4":"has-post-thumbnail","6":"product_cat-maileg-kolekcija","7":"product_cat-naujienos","8":"product_tag-maileg","9":"product_tag-maileg-aksesuarai","10":"product_tag-maileg-aksesuarai-suneliui","11":"product_tag-maileg-puppy","12":"product_tag-maileg-suneliui","13":"","15":"first","16":"instock","17":"taxable","18":"shipping-taxable","19":"purchasable","20":"product-type-simple"},"_links":{"self":[{"href":"https:\/\/secihouse.lt\/index.php\/wp-json\/wp\/v2\/product\/6773","targetHints":{"allow":["GET"]}}],"collection":[{"href":"https:\/\/secihouse.lt\/index.php\/wp-json\/wp\/v2\/product"}],"about":[{"href":"https:\/\/secihouse.lt\/index.php\/wp-json\/wp\/v2\/types\/product"}],"wp:featuredmedia":[{"embeddable":true,"href":"https:\/\/secihouse.lt\/index.php\/wp-json\/wp\/v2\/media\/6774"}],"wp:attachment":[{"href":"https:\/\/secihouse.lt\/index.php\/wp-json\/wp\/v2\/media?parent=6773"}],"wp:term":[{"taxonomy":"product_brand","embeddable":true,"href":"https:\/\/secihouse.lt\/index.php\/wp-json\/wp\/v2\/product_brand?post=6773"},{"taxonomy":"product_cat","embeddable":true,"href":"https:\/\/secihouse.lt\/index.php\/wp-json\/wp\/v2\/product_cat?post=6773"},{"taxonomy":"product_tag","embeddable":true,"href":"https:\/\/secihouse.lt\/index.php\/wp-json\/wp\/v2\/product_tag?post=6773"}],"curies":[{"name":"wp","href":"https:\/\/api.w.org\/{rel}","templated":true}]}}