{"id":6743,"date":"2023-08-24T20:38:51","date_gmt":"2023-08-24T18:38:51","guid":{"rendered":"https:\/\/secihouse.lt\/?post_type=product&#038;p=6743"},"modified":"2026-02-18T21:45:41","modified_gmt":"2026-02-18T19:45:41","slug":"tinycottons-marskineliai-pudeliukas","status":"publish","type":"product","link":"https:\/\/secihouse.lt\/index.php\/product\/tinycottons-marskineliai-pudeliukas\/","title":{"rendered":"TinyCottons mar\u0161kin\u0117liai &#8211; Pudeliukas"},"content":{"rendered":"<p>Pasiruo\u0161kite ruden\u0117liui bei \u017eiemai su nuostabiais pudeliukais. Pagaminta i\u0161 mink\u0161tos medviln\u0117s, tod\u0117l vaikutis jausis patogiai.<\/p>\n<p>&nbsp;<\/p>\n<p><strong>Sud\u0117tis:<\/strong> 95% medviln\u0117, 5% elastana<\/p>\n<p><span class=\"Y2IQFc\" lang=\"lt\"><strong>Prie\u017ei\u016bra<\/strong>, kad u\u017etikrintum\u0117te kuo ilgesn\u012f gaminio tarnavimo laik\u0105:<\/span><\/p>\n<p><span class=\"Y2IQFc\" lang=\"lt\">Skalbti skalbimo ma\u0161inoje \u0161altoje temperat\u016broje. Nebalinti. Ned\u017eiovinkite d\u017eiovykl\u0117je. \u00a0Nevalyti cheminiu valymu.<\/span><\/p>\n<p>&nbsp;<\/p>\n","protected":false},"excerpt":{"rendered":"<p>Pasiruo\u0161kite ruden\u0117liui bei \u017eiemai su nuostabiais pudeliukais. Pagaminta i\u0161 mink\u0161tos medviln\u0117s, tod\u0117l vaikutis jausis patogiai. &nbsp; Sud\u0117tis: 95% medviln\u0117, 5% elastana Prie\u017ei\u016bra, kad u\u017etikrintum\u0117te kuo ilgesn\u012f gaminio tarnavimo laik\u0105: Skalbti skalbimo ma\u0161inoje \u0161altoje temperat\u016broje. Nebalinti. Ned\u017eiovinkite d\u017eiovykl\u0117je. \u00a0Nevalyti cheminiu valymu. &nbsp;<\/p>\n","protected":false},"featured_media":6744,"template":"","meta":[],"product_brand":[],"product_cat":[772,67,186],"product_tag":[244,292,430,393,431,424,432],"class_list":{"0":"post-6743","1":"product","2":"type-product","3":"status-publish","4":"has-post-thumbnail","6":"product_cat-apranga","7":"product_cat-apranga-aksesuarai","8":"product_cat-naujienos","9":"product_tag-apranga","10":"product_tag-drabuziai","11":"product_tag-marskibeliai","12":"product_tag-marskineliai","13":"product_tag-marskinukai","14":"product_tag-tinycottons","15":"product_tag-tinycottons-marskineliai","16":"","18":"first","19":"instock","20":"taxable","21":"shipping-taxable","22":"purchasable","23":"product-type-variable"},"_links":{"self":[{"href":"https:\/\/secihouse.lt\/index.php\/wp-json\/wp\/v2\/product\/6743","targetHints":{"allow":["GET"]}}],"collection":[{"href":"https:\/\/secihouse.lt\/index.php\/wp-json\/wp\/v2\/product"}],"about":[{"href":"https:\/\/secihouse.lt\/index.php\/wp-json\/wp\/v2\/types\/product"}],"wp:featuredmedia":[{"embeddable":true,"href":"https:\/\/secihouse.lt\/index.php\/wp-json\/wp\/v2\/media\/6744"}],"wp:attachment":[{"href":"https:\/\/secihouse.lt\/index.php\/wp-json\/wp\/v2\/media?parent=6743"}],"wp:term":[{"taxonomy":"product_brand","embeddable":true,"href":"https:\/\/secihouse.lt\/index.php\/wp-json\/wp\/v2\/product_brand?post=6743"},{"taxonomy":"product_cat","embeddable":true,"href":"https:\/\/secihouse.lt\/index.php\/wp-json\/wp\/v2\/product_cat?post=6743"},{"taxonomy":"product_tag","embeddable":true,"href":"https:\/\/secihouse.lt\/index.php\/wp-json\/wp\/v2\/product_tag?post=6743"}],"curies":[{"name":"wp","href":"https:\/\/api.w.org\/{rel}","templated":true}]}}