{"id":6740,"date":"2023-08-24T20:34:54","date_gmt":"2023-08-24T18:34:54","guid":{"rendered":"https:\/\/secihouse.lt\/?post_type=product&#038;p=6740"},"modified":"2026-02-20T12:00:06","modified_gmt":"2026-02-20T10:00:06","slug":"tinycottons-bodis-pudeliukas","status":"publish","type":"product","link":"https:\/\/secihouse.lt\/index.php\/product\/tinycottons-bodis-pudeliukas\/","title":{"rendered":"TinyCottons bodis &#8211; Pudeliukas"},"content":{"rendered":"<p>Pasiruo\u0161kite ruden\u0117liui bei \u017eiemai su nuostabiais pudeliukais. Pagaminta i\u0161 mink\u0161tos medviln\u0117s, tod\u0117l ma\u017eylis jausis patogiai.<\/p>\n<p><strong>Sud\u0117tis:<\/strong> 95% medviln\u0117, 5% elastana<\/p>\n<p><span class=\"Y2IQFc\" lang=\"lt\"><strong>Prie\u017ei\u016bra<\/strong>, kad u\u017etikrintum\u0117te kuo ilgesn\u012f gaminio tarnavimo laik\u0105:<\/span><\/p>\n<p><span class=\"Y2IQFc\" lang=\"lt\">Skalbti skalbimo ma\u0161inoje \u0161altoje temperat\u016broje. Nebalinti. Ned\u017eiovinkite d\u017eiovykl\u0117je. \u00a0Nevalyti cheminiu valymu.<\/span><\/p>\n<p>&nbsp;<\/p>\n","protected":false},"excerpt":{"rendered":"<p>Pasiruo\u0161kite ruden\u0117liui bei \u017eiemai su nuostabiais pudeliukais. Pagaminta i\u0161 mink\u0161tos medviln\u0117s, tod\u0117l ma\u017eylis jausis patogiai. Sud\u0117tis: 95% medviln\u0117, 5% elastana Prie\u017ei\u016bra, kad u\u017etikrintum\u0117te kuo ilgesn\u012f gaminio tarnavimo laik\u0105: Skalbti skalbimo ma\u0161inoje \u0161altoje temperat\u016broje. Nebalinti. Ned\u017eiovinkite d\u017eiovykl\u0117je. \u00a0Nevalyti cheminiu valymu. &nbsp;<\/p>\n","protected":false},"featured_media":6741,"template":"","meta":[],"product_brand":[],"product_cat":[772,67,186],"product_tag":[244,427,292,424,428,429],"class_list":{"0":"post-6740","1":"product","2":"type-product","3":"status-publish","4":"has-post-thumbnail","6":"product_cat-apranga","7":"product_cat-apranga-aksesuarai","8":"product_cat-naujienos","9":"product_tag-apranga","10":"product_tag-bodis","11":"product_tag-drabuziai","12":"product_tag-tinycottons","13":"product_tag-tinycottons-bodis","14":"product_tag-tinycottons-bodis-pudeliukas","15":"","17":"first","18":"instock","19":"taxable","20":"shipping-taxable","21":"purchasable","22":"product-type-variable"},"_links":{"self":[{"href":"https:\/\/secihouse.lt\/index.php\/wp-json\/wp\/v2\/product\/6740","targetHints":{"allow":["GET"]}}],"collection":[{"href":"https:\/\/secihouse.lt\/index.php\/wp-json\/wp\/v2\/product"}],"about":[{"href":"https:\/\/secihouse.lt\/index.php\/wp-json\/wp\/v2\/types\/product"}],"wp:featuredmedia":[{"embeddable":true,"href":"https:\/\/secihouse.lt\/index.php\/wp-json\/wp\/v2\/media\/6741"}],"wp:attachment":[{"href":"https:\/\/secihouse.lt\/index.php\/wp-json\/wp\/v2\/media?parent=6740"}],"wp:term":[{"taxonomy":"product_brand","embeddable":true,"href":"https:\/\/secihouse.lt\/index.php\/wp-json\/wp\/v2\/product_brand?post=6740"},{"taxonomy":"product_cat","embeddable":true,"href":"https:\/\/secihouse.lt\/index.php\/wp-json\/wp\/v2\/product_cat?post=6740"},{"taxonomy":"product_tag","embeddable":true,"href":"https:\/\/secihouse.lt\/index.php\/wp-json\/wp\/v2\/product_tag?post=6740"}],"curies":[{"name":"wp","href":"https:\/\/api.w.org\/{rel}","templated":true}]}}