{"id":6652,"date":"2023-08-02T16:34:07","date_gmt":"2023-08-02T14:34:07","guid":{"rendered":"https:\/\/secihouse.lt\/?post_type=product&#038;p=6652"},"modified":"2025-04-28T08:41:07","modified_gmt":"2025-04-28T06:41:07","slug":"gommu-kombinezonas-green-cream","status":"publish","type":"product","link":"https:\/\/secihouse.lt\/index.php\/product\/gommu-kombinezonas-green-cream\/","title":{"rendered":"GOMMU Kombinezonas &#8211; Green\/Cream"},"content":{"rendered":"<p>Gommu l\u0117lytei arba me\u0161ku\u010diui kombinezonas. GOMMU drabu\u017eiai nat\u016bral\u016bs ir mink\u0161ti , sukurti specialiai j\u016bs\u0173 GOMMU k\u016bdik\u0117liui ar me\u0161ku\u010diui.<br \/>\nPagaminta i\u0161 auk\u0161tos kokyb\u0117s ekologi\u0161kos medviln\u0117s itali\u0161k\u0173 verpal\u0173.<\/p>\n<p>&nbsp;<\/p>\n<p><strong>Sud\u0117tis:<\/strong> 100% organin\u0117 medviln\u0117<\/p>\n<p>&nbsp;<\/p>\n<p><strong>Laikykit\u0117s toliau pateikt\u0173 prie\u017ei\u016bros nurodym\u0173<\/strong>, kad u\u017etikrintum\u0117te kuo ilgesn\u012f gaminio tarnavimo laik\u0105:<\/p>\n<ul>\n<li>Skalbti skalbimo ma\u0161inoje \u0161altoje temperat\u016broje.<\/li>\n<li>Nebalinkite auk\u0161toje temperat\u016broje.<\/li>\n<li>Ned\u017eiovinkite d\u017eiovykl\u0117je.<\/li>\n<li>Nevalyti cheminiu valymu.<\/li>\n<li>Skalbkite su pana\u0161iomis spalvomis.<\/li>\n<\/ul>\n<p>&nbsp;<\/p>\n","protected":false},"excerpt":{"rendered":"<p>Gommu l\u0117lytei arba me\u0161ku\u010diui kombinezonas. GOMMU drabu\u017eiai nat\u016bral\u016bs ir mink\u0161ti , sukurti specialiai j\u016bs\u0173 GOMMU k\u016bdik\u0117liui ar me\u0161ku\u010diui. Pagaminta i\u0161 auk\u0161tos kokyb\u0117s ekologi\u0161kos medviln\u0117s itali\u0161k\u0173 verpal\u0173. &nbsp; Sud\u0117tis: 100% organin\u0117 medviln\u0117 &nbsp; Laikykit\u0117s toliau pateikt\u0173 prie\u017ei\u016bros nurodym\u0173, kad u\u017etikrintum\u0117te kuo ilgesn\u012f gaminio tarnavimo laik\u0105: Skalbti skalbimo ma\u0161inoje \u0161altoje temperat\u016broje. Nebalinkite auk\u0161toje temperat\u016broje. Ned\u017eiovinkite d\u017eiovykl\u0117je. Nevalyti [&hellip;]<\/p>\n","protected":false},"featured_media":6653,"template":"","meta":[],"product_brand":[],"product_cat":[186,66],"product_tag":[40,42],"class_list":{"0":"post-6652","1":"product","2":"type-product","3":"status-publish","4":"has-post-thumbnail","6":"product_cat-naujienos","7":"product_cat-zaislai","8":"product_tag-not-on-sale","9":"product_tag-zaislai","10":"","12":"first","13":"instock","14":"taxable","15":"shipping-taxable","16":"purchasable","17":"product-type-simple"},"_links":{"self":[{"href":"https:\/\/secihouse.lt\/index.php\/wp-json\/wp\/v2\/product\/6652","targetHints":{"allow":["GET"]}}],"collection":[{"href":"https:\/\/secihouse.lt\/index.php\/wp-json\/wp\/v2\/product"}],"about":[{"href":"https:\/\/secihouse.lt\/index.php\/wp-json\/wp\/v2\/types\/product"}],"wp:featuredmedia":[{"embeddable":true,"href":"https:\/\/secihouse.lt\/index.php\/wp-json\/wp\/v2\/media\/6653"}],"wp:attachment":[{"href":"https:\/\/secihouse.lt\/index.php\/wp-json\/wp\/v2\/media?parent=6652"}],"wp:term":[{"taxonomy":"product_brand","embeddable":true,"href":"https:\/\/secihouse.lt\/index.php\/wp-json\/wp\/v2\/product_brand?post=6652"},{"taxonomy":"product_cat","embeddable":true,"href":"https:\/\/secihouse.lt\/index.php\/wp-json\/wp\/v2\/product_cat?post=6652"},{"taxonomy":"product_tag","embeddable":true,"href":"https:\/\/secihouse.lt\/index.php\/wp-json\/wp\/v2\/product_tag?post=6652"}],"curies":[{"name":"wp","href":"https:\/\/api.w.org\/{rel}","templated":true}]}}