{"id":6632,"date":"2023-08-01T18:12:44","date_gmt":"2023-08-01T16:12:44","guid":{"rendered":"https:\/\/secihouse.lt\/?post_type=product&#038;p=6632"},"modified":"2025-04-28T08:41:43","modified_gmt":"2025-04-28T06:41:43","slug":"gommu-pocket-rinkinys-peach","status":"publish","type":"product","link":"https:\/\/secihouse.lt\/index.php\/product\/gommu-pocket-rinkinys-peach\/","title":{"rendered":"Gommu pocket rinkinys &#8211; Peach"},"content":{"rendered":"<p>Gommu pocket l\u0117lyt\u0117s rinkinys, tai nuostabaus dyd\u017eio ma\u017eoms rankyt\u0117ms \u017eaislas. Rinkinyje l\u0117lyt\u0117 tur\u0117s buteliuk\u0105 su kuriuo ma\u017eylis gal\u0117s maitinti, tai pat me\u0161kut\u012f \u017eaisliuk\u0105 ir pagalv\u0117l\u0119 ant kurios gal\u0117s miegoti sald\u017eiai auginama l\u0117lyt\u0117.<\/p>\n<p><strong>Dydis:\u00a0<\/strong>L\u0117lyt\u0117s &#8211; 10cm \/ me\u0161ku\u010dio 6cm \/ buteliuko 5cm<\/p>\n<p><strong>Sud\u0117tis: \u00a0<\/strong>100% kau\u010diuka<\/p>\n<p>Tinkama \u017eaisti vandenyje! Hermeti\u0161kai u\u017edarytas ir n\u0117ra galimyb\u0117s patekti vandeniui, kauptis pel\u0117siui ar \u012fvairiausioms bakterijoms.<\/p>\n<p>&nbsp;<\/p>\n<p><span class=\"Y2IQFc\" lang=\"lt\"><strong>Laikykit\u0117s toliau pateikt\u0173 prie\u017ei\u016bros nurodym\u0173, kad u\u017etikrintum\u0117te kuo ilgesn\u012f gaminio tarnavimo laik\u0105:\u00a0<\/strong><\/span><span class=\"Y2IQFc\" lang=\"lt\"> Per daug nelaikykite saul\u0117je. Nelaikykite auk\u0161toje temperat\u016broje. Neplaukite abrazyviniais produktais. Nelaikykite s\u016briame vandenyje.<\/span><\/p>\n<p>&nbsp;<\/p>\n","protected":false},"excerpt":{"rendered":"<p>Gommu pocket l\u0117lyt\u0117s rinkinys, tai nuostabaus dyd\u017eio ma\u017eoms rankyt\u0117ms \u017eaislas. Rinkinyje l\u0117lyt\u0117 tur\u0117s buteliuk\u0105 su kuriuo ma\u017eylis gal\u0117s maitinti, tai pat me\u0161kut\u012f \u017eaisliuk\u0105 ir pagalv\u0117l\u0119 ant kurios gal\u0117s miegoti sald\u017eiai auginama l\u0117lyt\u0117. Dydis:\u00a0L\u0117lyt\u0117s &#8211; 10cm \/ me\u0161ku\u010dio 6cm \/ buteliuko 5cm Sud\u0117tis: \u00a0100% kau\u010diuka Tinkama \u017eaisti vandenyje! Hermeti\u0161kai u\u017edarytas ir n\u0117ra galimyb\u0117s patekti vandeniui, kauptis [&hellip;]<\/p>\n","protected":false},"featured_media":6633,"template":"","meta":[],"product_brand":[],"product_cat":[186,66],"product_tag":[403,410,420,422,254,423,421],"class_list":{"0":"post-6632","1":"product","2":"type-product","3":"status-publish","4":"has-post-thumbnail","6":"product_cat-naujienos","7":"product_cat-zaislai","8":"product_tag-gommu","9":"product_tag-gommu-lelyte","10":"product_tag-gommu-mini-pocket","11":"product_tag-gommu-pocket","12":"product_tag-lelyte","13":"product_tag-mini-lelyte","14":"product_tag-pocket","15":"","17":"first","18":"instock","19":"taxable","20":"shipping-taxable","21":"purchasable","22":"product-type-simple"},"_links":{"self":[{"href":"https:\/\/secihouse.lt\/index.php\/wp-json\/wp\/v2\/product\/6632","targetHints":{"allow":["GET"]}}],"collection":[{"href":"https:\/\/secihouse.lt\/index.php\/wp-json\/wp\/v2\/product"}],"about":[{"href":"https:\/\/secihouse.lt\/index.php\/wp-json\/wp\/v2\/types\/product"}],"wp:featuredmedia":[{"embeddable":true,"href":"https:\/\/secihouse.lt\/index.php\/wp-json\/wp\/v2\/media\/6633"}],"wp:attachment":[{"href":"https:\/\/secihouse.lt\/index.php\/wp-json\/wp\/v2\/media?parent=6632"}],"wp:term":[{"taxonomy":"product_brand","embeddable":true,"href":"https:\/\/secihouse.lt\/index.php\/wp-json\/wp\/v2\/product_brand?post=6632"},{"taxonomy":"product_cat","embeddable":true,"href":"https:\/\/secihouse.lt\/index.php\/wp-json\/wp\/v2\/product_cat?post=6632"},{"taxonomy":"product_tag","embeddable":true,"href":"https:\/\/secihouse.lt\/index.php\/wp-json\/wp\/v2\/product_tag?post=6632"}],"curies":[{"name":"wp","href":"https:\/\/api.w.org\/{rel}","templated":true}]}}