{"id":6620,"date":"2023-08-01T17:45:14","date_gmt":"2023-08-01T15:45:14","guid":{"rendered":"https:\/\/secihouse.lt\/?post_type=product&#038;p=6620"},"modified":"2024-10-02T18:22:22","modified_gmt":"2024-10-02T16:22:22","slug":"gommu-plauku-segtukai-suneliai-caramel","status":"publish","type":"product","link":"https:\/\/secihouse.lt\/index.php\/product\/gommu-plauku-segtukai-suneliai-caramel\/","title":{"rendered":"Gommu plauk\u0173 segtukai \u0161uneliai &#8211; Caramel"},"content":{"rendered":"<p>Nuostab\u016bs segtukai &#8211; nuostabiems ma\u017eyliams . Tai be galo mieli \u0161uneliai segtukai, kurie neleis plauku\u010diams kristi \u012f akytes ir puikiai tiks prie \u012fvairiausios aprangos.<\/p>\n<p>&nbsp;<\/p>\n<p><span class=\"Y2IQFc\" lang=\"lt\"><strong>Sud\u0117tis<\/strong>:\u00a0<\/span><span class=\"Y2IQFc\" lang=\"lt\">100% perdirbta derva, spaustukas: 100% perdirbta gele\u017eis<\/span><\/p>\n<p><strong>Dydis:\u00a0<\/strong>4,6 cm x 1,2 cm<\/p>\n<p><span class=\"Y2IQFc\" lang=\"lt\"><strong>Laikykit\u0117s toliau pateikt\u0173 prie\u017ei\u016bros nurodym\u0173, kad u\u017etikrintum\u0117te kuo ilgesn\u012f gaminio tarnavimo laik\u0105:\u00a0<\/strong><\/span><span class=\"Y2IQFc\" lang=\"lt\"> Per daug nelaikykite saul\u0117je. Nelaikykite auk\u0161toje temperat\u016broje. Neplaukite abrazyviniais produktais. Nelaikykite s\u016briame vandenyje.<\/span><\/p>\n<p>&nbsp;<\/p>\n","protected":false},"excerpt":{"rendered":"<p>Nuostab\u016bs segtukai &#8211; nuostabiems ma\u017eyliams . Tai be galo mieli \u0161uneliai segtukai, kurie neleis plauku\u010diams kristi \u012f akytes ir puikiai tiks prie \u012fvairiausios aprangos. &nbsp; Sud\u0117tis:\u00a0100% perdirbta derva, spaustukas: 100% perdirbta gele\u017eis Dydis:\u00a04,6 cm x 1,2 cm Laikykit\u0117s toliau pateikt\u0173 prie\u017ei\u016bros nurodym\u0173, kad u\u017etikrintum\u0117te kuo ilgesn\u012f gaminio tarnavimo laik\u0105:\u00a0 Per daug nelaikykite saul\u0117je. Nelaikykite auk\u0161toje [&hellip;]<\/p>\n","protected":false},"featured_media":6621,"template":"","meta":[],"product_brand":[],"product_cat":[67,186],"product_tag":[224,403,416,419,417,418,404],"class_list":{"0":"post-6620","1":"product","2":"type-product","3":"status-publish","4":"has-post-thumbnail","6":"product_cat-apranga-aksesuarai","7":"product_cat-naujienos","8":"product_tag-aksesuarai","9":"product_tag-gommu","10":"product_tag-gommu-aksesuarai","11":"product_tag-gommu-segtukai","12":"product_tag-segtukai","13":"product_tag-segtukai-plaukams","14":"product_tag-we-are-gommu","15":"","17":"first","18":"instock","19":"taxable","20":"shipping-taxable","21":"purchasable","22":"product-type-simple"},"_links":{"self":[{"href":"https:\/\/secihouse.lt\/index.php\/wp-json\/wp\/v2\/product\/6620","targetHints":{"allow":["GET"]}}],"collection":[{"href":"https:\/\/secihouse.lt\/index.php\/wp-json\/wp\/v2\/product"}],"about":[{"href":"https:\/\/secihouse.lt\/index.php\/wp-json\/wp\/v2\/types\/product"}],"wp:featuredmedia":[{"embeddable":true,"href":"https:\/\/secihouse.lt\/index.php\/wp-json\/wp\/v2\/media\/6621"}],"wp:attachment":[{"href":"https:\/\/secihouse.lt\/index.php\/wp-json\/wp\/v2\/media?parent=6620"}],"wp:term":[{"taxonomy":"product_brand","embeddable":true,"href":"https:\/\/secihouse.lt\/index.php\/wp-json\/wp\/v2\/product_brand?post=6620"},{"taxonomy":"product_cat","embeddable":true,"href":"https:\/\/secihouse.lt\/index.php\/wp-json\/wp\/v2\/product_cat?post=6620"},{"taxonomy":"product_tag","embeddable":true,"href":"https:\/\/secihouse.lt\/index.php\/wp-json\/wp\/v2\/product_tag?post=6620"}],"curies":[{"name":"wp","href":"https:\/\/api.w.org\/{rel}","templated":true}]}}