{"id":6600,"date":"2023-08-01T17:08:08","date_gmt":"2023-08-01T15:08:08","guid":{"rendered":"https:\/\/secihouse.lt\/?post_type=product&#038;p=6600"},"modified":"2025-04-28T08:41:57","modified_gmt":"2025-04-28T06:41:57","slug":"gommu-meskiukas-ocean","status":"publish","type":"product","link":"https:\/\/secihouse.lt\/index.php\/product\/gommu-meskiukas-ocean\/","title":{"rendered":"GOMMU Me\u0161kiukas &#8211; Ocean"},"content":{"rendered":"<p>Tai nuostabus, i\u0161skirtinis Gommu me\u0161kiukas, kuris gali b\u016bti puikus draugas vaiku\u010diui. \u0160is Gommu me\u0161kiukas yra unikalus kaip ir visi kiti Gommu produktai, pagaminti rank\u0173 darbo, tod\u0117l gali tur\u0117ti nedideli\u0173 netobulum\u0173. Gommu \u017eaislai gali pad\u0117ti ma\u017eyliui vystyti emocin\u012f, jutimin\u012f ir pa\u017eintinius jausmus.<\/p>\n<p>\u0160is me\u0161kiukas visi\u0161kai saugus kramtyti, \u017eaisti, liesti.<\/p>\n<p>Tinka vaikams nuo 3+ am\u017eiaus vaikams.<\/p>\n<p>Be PVC ir BPA.<\/p>\n<p>Tinkama \u017eaisti vandenyje! Hermeti\u0161kai u\u017edarytas ir n\u0117ra galimyb\u0117s patekti vandeniui, kauptis pel\u0117siui ar \u012fvairiausioms bakterijoms.<\/p>\n<p>Sud\u0117tis: 100% kau\u010diukas<\/p>\n<p>Me\u0161kiukio dydis: 31cm x 19cm<\/p>\n<p>&nbsp;<\/p>\n<p><span class=\"Y2IQFc\" lang=\"lt\"><strong>Laikykit\u0117s toliau pateikt\u0173 prie\u017ei\u016bros nurodym\u0173, kad u\u017etikrintum\u0117te kuo ilgesn\u012f gaminio tarnavimo laik\u0105:\u00a0<\/strong><\/span><span class=\"Y2IQFc\" lang=\"lt\"> Per daug nelaikykite saul\u0117je. Nelaikykite auk\u0161toje temperat\u016broje. Neplaukite abrazyviniais produktais. Nelaikykite s\u016briame vandenyje.<\/span><\/p>\n<p>&nbsp;<\/p>\n","protected":false},"excerpt":{"rendered":"<p>Tai nuostabus, i\u0161skirtinis Gommu me\u0161kiukas, kuris gali b\u016bti puikus draugas vaiku\u010diui. \u0160is Gommu me\u0161kiukas yra unikalus kaip ir visi kiti Gommu produktai, pagaminti rank\u0173 darbo, tod\u0117l gali tur\u0117ti nedideli\u0173 netobulum\u0173. Gommu \u017eaislai gali pad\u0117ti ma\u017eyliui vystyti emocin\u012f, jutimin\u012f ir pa\u017eintinius jausmus. \u0160is me\u0161kiukas visi\u0161kai saugus kramtyti, \u017eaisti, liesti. Tinka vaikams nuo 3+ am\u017eiaus vaikams. Be [&hellip;]<\/p>\n","protected":false},"featured_media":6601,"template":"","meta":[],"product_brand":[],"product_cat":[186,66],"product_tag":[403,406,408,407,184,254,216,404,42],"class_list":{"0":"post-6600","1":"product","2":"type-product","3":"status-publish","4":"has-post-thumbnail","6":"product_cat-naujienos","7":"product_cat-zaislai","8":"product_tag-gommu","9":"product_tag-gommu-lele","10":"product_tag-gommu-meskutis","11":"product_tag-kaucikine-lele","12":"product_tag-lele","13":"product_tag-lelyte","14":"product_tag-meskutis","15":"product_tag-we-are-gommu","16":"product_tag-zaislai","17":"","19":"first","20":"instock","21":"taxable","22":"shipping-taxable","23":"purchasable","24":"product-type-simple"},"_links":{"self":[{"href":"https:\/\/secihouse.lt\/index.php\/wp-json\/wp\/v2\/product\/6600","targetHints":{"allow":["GET"]}}],"collection":[{"href":"https:\/\/secihouse.lt\/index.php\/wp-json\/wp\/v2\/product"}],"about":[{"href":"https:\/\/secihouse.lt\/index.php\/wp-json\/wp\/v2\/types\/product"}],"wp:featuredmedia":[{"embeddable":true,"href":"https:\/\/secihouse.lt\/index.php\/wp-json\/wp\/v2\/media\/6601"}],"wp:attachment":[{"href":"https:\/\/secihouse.lt\/index.php\/wp-json\/wp\/v2\/media?parent=6600"}],"wp:term":[{"taxonomy":"product_brand","embeddable":true,"href":"https:\/\/secihouse.lt\/index.php\/wp-json\/wp\/v2\/product_brand?post=6600"},{"taxonomy":"product_cat","embeddable":true,"href":"https:\/\/secihouse.lt\/index.php\/wp-json\/wp\/v2\/product_cat?post=6600"},{"taxonomy":"product_tag","embeddable":true,"href":"https:\/\/secihouse.lt\/index.php\/wp-json\/wp\/v2\/product_tag?post=6600"}],"curies":[{"name":"wp","href":"https:\/\/api.w.org\/{rel}","templated":true}]}}