{"id":6586,"date":"2023-08-15T00:15:24","date_gmt":"2023-08-14T22:15:24","guid":{"rendered":"https:\/\/secihouse.lt\/?post_type=product&#038;p=6586"},"modified":"2026-02-15T20:47:57","modified_gmt":"2026-02-15T18:47:57","slug":"konges-slojd-poncas","status":"publish","type":"product","link":"https:\/\/secihouse.lt\/index.php\/product\/konges-slojd-poncas\/","title":{"rendered":"Konges Slojd pon\u010das"},"content":{"rendered":"<p>Jaukus Konges Slojd pon\u010das ma\u017eyliui.\u00a0Sukurtas su gobtuvu, puo\u0161tu gyv\u016bn\u0173 ausimis.<\/p>\n<p>&nbsp;<\/p>\n<p><strong>Med\u017eiaga:<\/strong> 100% ekologi\u0161kos medviln\u0117s.<\/p>\n","protected":false},"excerpt":{"rendered":"<p>Jaukus Konges Slojd pon\u010das ma\u017eyliui.\u00a0Sukurtas su gobtuvu, puo\u0161tu gyv\u016bn\u0173 ausimis. &nbsp; Med\u017eiaga: 100% ekologi\u0161kos medviln\u0117s.<\/p>\n","protected":false},"featured_media":6587,"template":"","meta":[],"product_brand":[],"product_cat":[63,186],"product_tag":[236,401,355,358,402],"class_list":{"0":"post-6586","1":"product","2":"type-product","3":"status-publish","4":"has-post-thumbnail","6":"product_cat-laikas-maudynems","7":"product_cat-naujienos","8":"product_tag-konges-slojd","9":"product_tag-konges-slojd-poncas","10":"product_tag-laikas-maudynems","11":"product_tag-maudyniu-metas","12":"product_tag-poncho","13":"","15":"first","16":"instock","17":"taxable","18":"shipping-taxable","19":"purchasable","20":"product-type-variable","21":"has-default-attributes"},"_links":{"self":[{"href":"https:\/\/secihouse.lt\/index.php\/wp-json\/wp\/v2\/product\/6586","targetHints":{"allow":["GET"]}}],"collection":[{"href":"https:\/\/secihouse.lt\/index.php\/wp-json\/wp\/v2\/product"}],"about":[{"href":"https:\/\/secihouse.lt\/index.php\/wp-json\/wp\/v2\/types\/product"}],"wp:featuredmedia":[{"embeddable":true,"href":"https:\/\/secihouse.lt\/index.php\/wp-json\/wp\/v2\/media\/6587"}],"wp:attachment":[{"href":"https:\/\/secihouse.lt\/index.php\/wp-json\/wp\/v2\/media?parent=6586"}],"wp:term":[{"taxonomy":"product_brand","embeddable":true,"href":"https:\/\/secihouse.lt\/index.php\/wp-json\/wp\/v2\/product_brand?post=6586"},{"taxonomy":"product_cat","embeddable":true,"href":"https:\/\/secihouse.lt\/index.php\/wp-json\/wp\/v2\/product_cat?post=6586"},{"taxonomy":"product_tag","embeddable":true,"href":"https:\/\/secihouse.lt\/index.php\/wp-json\/wp\/v2\/product_tag?post=6586"}],"curies":[{"name":"wp","href":"https:\/\/api.w.org\/{rel}","templated":true}]}}