{"id":6577,"date":"2023-08-14T23:42:44","date_gmt":"2023-08-14T21:42:44","guid":{"rendered":"https:\/\/secihouse.lt\/?post_type=product&#038;p=6577"},"modified":"2025-08-05T06:43:14","modified_gmt":"2025-08-05T04:43:14","slug":"konges-slojd-termo-gertuve-kitty","status":"publish","type":"product","link":"https:\/\/secihouse.lt\/index.php\/product\/konges-slojd-termo-gertuve-kitty\/","title":{"rendered":"Konges Slojd termo gertuv\u0117 &#8211; Kitty"},"content":{"rendered":"<p>Gertuv\u0117, kuria bus lengva naudotis J\u016bs\u0173 ma\u017eyliui. Prakti\u0161ka, patogi, gra\u017ei.<\/p>\n<p><strong>Sud\u0117tis:<\/strong> Ner\u016bdijantis plienas ir polipropilenas (PP).<\/p>\n<p>&nbsp;<\/p>\n<p><strong>Prie\u017ei\u016bra:<\/strong>\u00a0Dangtel\u012f galima plauti indaplov\u0117je. Saugus mikrobang\u0173 krosnel\u0117je. Nekaitinama arba nesiliest\u0173 su maistu vir\u0161 70\u00b0C.<br \/>\nButelis, ner\u016bdijan\u010dio plieno dangtelis: netinka mikrobang\u0173 krosnel\u0117je ar indaplov\u0117je.<\/p>\n<p>I\u0161laiko g\u0117rimus kar\u0161tus iki 6 valand\u0173, o \u0161altus \u2013 iki 12 valand\u0173.<\/p>\n<p>&nbsp;<\/p>\n<p><strong>Talpa:<\/strong> 350ml<\/p>\n<p>&nbsp;<\/p>\n<p><strong>Dydis:<\/strong> A: 18 cm x S: 7, 2 cm (su plieniniu dangteliu)\u00a0A: 20,8 cm x S: 7,2 cm (su PP dangteliu)<\/p>\n<p>I\u0161bandyta ir atitinka ES reglamentus d\u0117l s\u0105ly\u010dio su maistu 10\/2011 ir 1935\/2004.<\/p>\n<p>&nbsp;<\/p>\n<p><strong>Rekomenduojamas am\u017eius:<\/strong> 18m +<\/p>\n<p>&nbsp;<\/p>\n<p>&nbsp;<\/p>\n","protected":false},"excerpt":{"rendered":"<p>Gertuv\u0117, kuria bus lengva naudotis J\u016bs\u0173 ma\u017eyliui. Prakti\u0161ka, patogi, gra\u017ei. Sud\u0117tis: Ner\u016bdijantis plienas ir polipropilenas (PP). &nbsp; Prie\u017ei\u016bra:\u00a0Dangtel\u012f galima plauti indaplov\u0117je. Saugus mikrobang\u0173 krosnel\u0117je. Nekaitinama arba nesiliest\u0173 su maistu vir\u0161 70\u00b0C. Butelis, ner\u016bdijan\u010dio plieno dangtelis: netinka mikrobang\u0173 krosnel\u0117je ar indaplov\u0117je. I\u0161laiko g\u0117rimus kar\u0161tus iki 6 valand\u0173, o \u0161altus \u2013 iki 12 valand\u0173. &nbsp; Talpa: 350ml [&hellip;]<\/p>\n","protected":false},"featured_media":6926,"template":"","meta":[],"product_brand":[],"product_cat":[65,186],"product_tag":[165,236,400,398,399],"class_list":{"0":"post-6577","1":"product","2":"type-product","3":"status-publish","4":"has-post-thumbnail","6":"product_cat-laikas-pietums","7":"product_cat-naujienos","8":"product_tag-gertuve","9":"product_tag-konges-slojd","10":"product_tag-konges-slojd-gertuve","11":"product_tag-termo-gertuve","12":"product_tag-vandeniui-gerti","13":"","15":"first","16":"instock","17":"taxable","18":"shipping-taxable","19":"purchasable","20":"product-type-simple"},"_links":{"self":[{"href":"https:\/\/secihouse.lt\/index.php\/wp-json\/wp\/v2\/product\/6577","targetHints":{"allow":["GET"]}}],"collection":[{"href":"https:\/\/secihouse.lt\/index.php\/wp-json\/wp\/v2\/product"}],"about":[{"href":"https:\/\/secihouse.lt\/index.php\/wp-json\/wp\/v2\/types\/product"}],"wp:featuredmedia":[{"embeddable":true,"href":"https:\/\/secihouse.lt\/index.php\/wp-json\/wp\/v2\/media\/6926"}],"wp:attachment":[{"href":"https:\/\/secihouse.lt\/index.php\/wp-json\/wp\/v2\/media?parent=6577"}],"wp:term":[{"taxonomy":"product_brand","embeddable":true,"href":"https:\/\/secihouse.lt\/index.php\/wp-json\/wp\/v2\/product_brand?post=6577"},{"taxonomy":"product_cat","embeddable":true,"href":"https:\/\/secihouse.lt\/index.php\/wp-json\/wp\/v2\/product_cat?post=6577"},{"taxonomy":"product_tag","embeddable":true,"href":"https:\/\/secihouse.lt\/index.php\/wp-json\/wp\/v2\/product_tag?post=6577"}],"curies":[{"name":"wp","href":"https:\/\/api.w.org\/{rel}","templated":true}]}}