{"id":6565,"date":"2023-08-14T23:43:32","date_gmt":"2023-08-14T21:43:32","guid":{"rendered":"https:\/\/secihouse.lt\/?post_type=product&#038;p=6565"},"modified":"2025-03-26T21:30:56","modified_gmt":"2025-03-26T19:30:56","slug":"konges-slojd-ciulptuko-laikiklis-bonne-nuit","status":"publish","type":"product","link":"https:\/\/secihouse.lt\/index.php\/product\/konges-slojd-ciulptuko-laikiklis-bonne-nuit\/","title":{"rendered":"Konges Slojd \u00a0\u010diulptuko laikiklis &#8211; Bonne nuit"},"content":{"rendered":"<p>\u0160is dir\u017eelis idealiai tinka saugiai laikyti ma\u017eylio \u010diulptuk\u0105, kad jis nepasimest\u0173 ir nenukrist\u0173 ant grind\u0173.\u00a0\u012etempt\u0105 dien\u0105 su ma\u017eu vaiku \u0161is \u010diulptuko dir\u017eelis bus \u0161iek tiek pagalba kiekvienam t\u0117vui ir vaikui<\/p>\n<p>&nbsp;<\/p>\n<p><strong>Med\u017eiaga:<\/strong> Pagaminta i\u0161 100% organin\u0117s medviln\u0117s<\/p>\n<p><strong>Prie\u017ei\u016bra:<\/strong> Neplaunamas, bet galima nuvalyti dr\u0117gna \u0161luoste (maks. 30 laipsni\u0173 C)<\/p>\n<p><strong>Dydis:<\/strong> \u00a015cm<\/p>\n<p>&nbsp;<\/p>\n<p>CE patikrintas pagal Europos standart\u0105 EN-71-1<\/p>\n<p>&nbsp;<\/p>\n","protected":false},"excerpt":{"rendered":"<p>\u0160is dir\u017eelis idealiai tinka saugiai laikyti ma\u017eylio \u010diulptuk\u0105, kad jis nepasimest\u0173 ir nenukrist\u0173 ant grind\u0173.\u00a0\u012etempt\u0105 dien\u0105 su ma\u017eu vaiku \u0161is \u010diulptuko dir\u017eelis bus \u0161iek tiek pagalba kiekvienam t\u0117vui ir vaikui &nbsp; Med\u017eiaga: Pagaminta i\u0161 100% organin\u0117s medviln\u0117s Prie\u017ei\u016bra: Neplaunamas, bet galima nuvalyti dr\u0117gna \u0161luoste (maks. 30 laipsni\u0173 C) Dydis: \u00a015cm &nbsp; CE patikrintas pagal Europos [&hellip;]<\/p>\n","protected":false},"featured_media":6571,"template":"","meta":[],"product_brand":[],"product_cat":[62,186],"product_tag":[394,395,236,397,396],"class_list":{"0":"post-6565","1":"product","2":"type-product","3":"status-publish","4":"has-post-thumbnail","6":"product_cat-ciulptukai","7":"product_cat-naujienos","8":"product_tag-ciulptuko-laikilis","9":"product_tag-ciulptukui","10":"product_tag-konges-slojd","11":"product_tag-konges-slojd-ciulptuko-laikiklis","12":"product_tag-laikiklis","13":"","15":"first","16":"instock","17":"taxable","18":"shipping-taxable","19":"purchasable","20":"product-type-simple"},"_links":{"self":[{"href":"https:\/\/secihouse.lt\/index.php\/wp-json\/wp\/v2\/product\/6565","targetHints":{"allow":["GET"]}}],"collection":[{"href":"https:\/\/secihouse.lt\/index.php\/wp-json\/wp\/v2\/product"}],"about":[{"href":"https:\/\/secihouse.lt\/index.php\/wp-json\/wp\/v2\/types\/product"}],"wp:featuredmedia":[{"embeddable":true,"href":"https:\/\/secihouse.lt\/index.php\/wp-json\/wp\/v2\/media\/6571"}],"wp:attachment":[{"href":"https:\/\/secihouse.lt\/index.php\/wp-json\/wp\/v2\/media?parent=6565"}],"wp:term":[{"taxonomy":"product_brand","embeddable":true,"href":"https:\/\/secihouse.lt\/index.php\/wp-json\/wp\/v2\/product_brand?post=6565"},{"taxonomy":"product_cat","embeddable":true,"href":"https:\/\/secihouse.lt\/index.php\/wp-json\/wp\/v2\/product_cat?post=6565"},{"taxonomy":"product_tag","embeddable":true,"href":"https:\/\/secihouse.lt\/index.php\/wp-json\/wp\/v2\/product_tag?post=6565"}],"curies":[{"name":"wp","href":"https:\/\/api.w.org\/{rel}","templated":true}]}}