{"id":6538,"date":"2023-08-01T10:29:14","date_gmt":"2023-08-01T08:29:14","guid":{"rendered":"https:\/\/secihouse.lt\/?post_type=product&#038;p=6538"},"modified":"2025-03-22T21:35:35","modified_gmt":"2025-03-22T19:35:35","slug":"liewood-marskineliai-leopard-multi-mix","status":"publish","type":"product","link":"https:\/\/secihouse.lt\/index.php\/product\/liewood-marskineliai-leopard-multi-mix\/","title":{"rendered":"Liewood mar\u0161kin\u0117liai &#8211; Leopard multi mix"},"content":{"rendered":"<p>Liewood stilingi mar\u0161kin\u0117liai su \u017eaismingais leopardais.<\/p>\n<p>&nbsp;<\/p>\n<p><strong>Med\u017eiaga:\u00a0<\/strong>100% organin\u0117 medviln\u0117<\/p>\n<p>Sertifikuotas OEKO-TEX\u00ae<\/p>\n<p>&nbsp;<\/p>\n","protected":false},"excerpt":{"rendered":"<p>Liewood stilingi mar\u0161kin\u0117liai su \u017eaismingais leopardais. &nbsp; Med\u017eiaga:\u00a0100% organin\u0117 medviln\u0117 Sertifikuotas OEKO-TEX\u00ae &nbsp;<\/p>\n","protected":false},"featured_media":6539,"template":"","meta":[],"product_brand":[],"product_cat":[772,67,186],"product_tag":[244,287,156,346,393],"class_list":{"0":"post-6538","1":"product","2":"type-product","3":"status-publish","4":"has-post-thumbnail","6":"product_cat-apranga","7":"product_cat-apranga-aksesuarai","8":"product_cat-naujienos","9":"product_tag-apranga","10":"product_tag-drabuzis","11":"product_tag-liewood","12":"product_tag-liewood-apranga","13":"product_tag-marskineliai","14":"","16":"first","17":"instock","18":"taxable","19":"shipping-taxable","20":"purchasable","21":"product-type-variable"},"_links":{"self":[{"href":"https:\/\/secihouse.lt\/index.php\/wp-json\/wp\/v2\/product\/6538","targetHints":{"allow":["GET"]}}],"collection":[{"href":"https:\/\/secihouse.lt\/index.php\/wp-json\/wp\/v2\/product"}],"about":[{"href":"https:\/\/secihouse.lt\/index.php\/wp-json\/wp\/v2\/types\/product"}],"wp:featuredmedia":[{"embeddable":true,"href":"https:\/\/secihouse.lt\/index.php\/wp-json\/wp\/v2\/media\/6539"}],"wp:attachment":[{"href":"https:\/\/secihouse.lt\/index.php\/wp-json\/wp\/v2\/media?parent=6538"}],"wp:term":[{"taxonomy":"product_brand","embeddable":true,"href":"https:\/\/secihouse.lt\/index.php\/wp-json\/wp\/v2\/product_brand?post=6538"},{"taxonomy":"product_cat","embeddable":true,"href":"https:\/\/secihouse.lt\/index.php\/wp-json\/wp\/v2\/product_cat?post=6538"},{"taxonomy":"product_tag","embeddable":true,"href":"https:\/\/secihouse.lt\/index.php\/wp-json\/wp\/v2\/product_tag?post=6538"}],"curies":[{"name":"wp","href":"https:\/\/api.w.org\/{rel}","templated":true}]}}