{"id":6522,"date":"2023-07-28T10:16:39","date_gmt":"2023-07-28T08:16:39","guid":{"rendered":"https:\/\/secihouse.lt\/?post_type=product&#038;p=6522"},"modified":"2026-02-25T14:24:39","modified_gmt":"2026-02-25T12:24:39","slug":"konges-slojd-kelnes-ping-pong","status":"publish","type":"product","link":"https:\/\/secihouse.lt\/index.php\/product\/konges-slojd-kelnes-ping-pong\/","title":{"rendered":"Konges Slojd keln\u0117s &#8211; Ping pong"},"content":{"rendered":"<p>Juk smagiau vaikams kai ant drabu\u017e\u0117li\u0173 persona\u017eai! Komforti\u0161kos keln\u0117s ne tik suteiks d\u017eiaugsmo, bet ir patogumo, gro\u017eio, akcent\u0105 aprangoje bei laisv\u0119 jud\u0117jimui.<\/p>\n<p><strong>Sud\u0117tis:\u00a0<\/strong>Keln\u0117s pagamintos i\u0161 62% organin\u0117s medviln\u0117s, 30% modalo ir 8% elastano<\/p>\n","protected":false},"excerpt":{"rendered":"<p>Juk smagiau vaikams kai ant drabu\u017e\u0117li\u0173 persona\u017eai! Komforti\u0161kos keln\u0117s ne tik suteiks d\u017eiaugsmo, bet ir patogumo, gro\u017eio, akcent\u0105 aprangoje bei laisv\u0119 jud\u0117jimui. Sud\u0117tis:\u00a0Keln\u0117s pagamintos i\u0161 62% organin\u0117s medviln\u0117s, 30% modalo ir 8% elastano<\/p>\n","protected":false},"featured_media":6523,"template":"","meta":[],"product_brand":[],"product_cat":[772,67,186],"product_tag":[244,287,387,236,388,248],"class_list":{"0":"post-6522","1":"product","2":"type-product","3":"status-publish","4":"has-post-thumbnail","6":"product_cat-apranga","7":"product_cat-apranga-aksesuarai","8":"product_cat-naujienos","9":"product_tag-apranga","10":"product_tag-drabuzis","11":"product_tag-kelnes","12":"product_tag-konges-slojd","13":"product_tag-konges-slojd-kelnes","14":"product_tag-stilius","15":"","17":"first","18":"instock","19":"taxable","20":"shipping-taxable","21":"purchasable","22":"product-type-variable","23":"has-default-attributes"},"_links":{"self":[{"href":"https:\/\/secihouse.lt\/index.php\/wp-json\/wp\/v2\/product\/6522","targetHints":{"allow":["GET"]}}],"collection":[{"href":"https:\/\/secihouse.lt\/index.php\/wp-json\/wp\/v2\/product"}],"about":[{"href":"https:\/\/secihouse.lt\/index.php\/wp-json\/wp\/v2\/types\/product"}],"wp:featuredmedia":[{"embeddable":true,"href":"https:\/\/secihouse.lt\/index.php\/wp-json\/wp\/v2\/media\/6523"}],"wp:attachment":[{"href":"https:\/\/secihouse.lt\/index.php\/wp-json\/wp\/v2\/media?parent=6522"}],"wp:term":[{"taxonomy":"product_brand","embeddable":true,"href":"https:\/\/secihouse.lt\/index.php\/wp-json\/wp\/v2\/product_brand?post=6522"},{"taxonomy":"product_cat","embeddable":true,"href":"https:\/\/secihouse.lt\/index.php\/wp-json\/wp\/v2\/product_cat?post=6522"},{"taxonomy":"product_tag","embeddable":true,"href":"https:\/\/secihouse.lt\/index.php\/wp-json\/wp\/v2\/product_tag?post=6522"}],"curies":[{"name":"wp","href":"https:\/\/api.w.org\/{rel}","templated":true}]}}