{"id":6517,"date":"2023-07-28T10:07:44","date_gmt":"2023-07-28T08:07:44","guid":{"rendered":"https:\/\/secihouse.lt\/?post_type=product&#038;p=6517"},"modified":"2026-02-22T11:44:44","modified_gmt":"2026-02-22T09:44:44","slug":"konges-slojd-palaidine-ping-pong","status":"publish","type":"product","link":"https:\/\/secihouse.lt\/index.php\/product\/konges-slojd-palaidine-ping-pong\/","title":{"rendered":"Konges Slojd palaidin\u0117 &#8211; Ping pong"},"content":{"rendered":"<p>Juk smagiau vaikams kai ant drabu\u017e\u0117li\u0173 persona\u017eai! Komforti\u0161ka palaidin\u0117 ne tik suteiks d\u017eiaugsmo, bet ir patogumo, gro\u017eio, akcent\u0105 aprangoje.<\/p>\n<p><strong>Sud\u0117tis:\u00a0<\/strong>Palaidin\u0117 pagaminta i\u0161 62% organin\u0117s medviln\u0117s, 30% modalinio 8% elastano<\/p>\n","protected":false},"excerpt":{"rendered":"<p>Juk smagiau vaikams kai ant drabu\u017e\u0117li\u0173 persona\u017eai! Komforti\u0161ka palaidin\u0117 ne tik suteiks d\u017eiaugsmo, bet ir patogumo, gro\u017eio, akcent\u0105 aprangoje. Sud\u0117tis:\u00a0Palaidin\u0117 pagaminta i\u0161 62% organin\u0117s medviln\u0117s, 30% modalinio 8% elastano<\/p>\n","protected":false},"featured_media":6518,"template":"","meta":[],"product_brand":[],"product_cat":[772,67,186],"product_tag":[244,287,236,386,294,248],"class_list":{"0":"post-6517","1":"product","2":"type-product","3":"status-publish","4":"has-post-thumbnail","6":"product_cat-apranga","7":"product_cat-apranga-aksesuarai","8":"product_cat-naujienos","9":"product_tag-apranga","10":"product_tag-drabuzis","11":"product_tag-konges-slojd","12":"product_tag-konges-slojd-palaidine","13":"product_tag-palaidine","14":"product_tag-stilius","15":"","17":"first","18":"instock","19":"taxable","20":"shipping-taxable","21":"purchasable","22":"product-type-variable","23":"has-default-attributes"},"_links":{"self":[{"href":"https:\/\/secihouse.lt\/index.php\/wp-json\/wp\/v2\/product\/6517","targetHints":{"allow":["GET"]}}],"collection":[{"href":"https:\/\/secihouse.lt\/index.php\/wp-json\/wp\/v2\/product"}],"about":[{"href":"https:\/\/secihouse.lt\/index.php\/wp-json\/wp\/v2\/types\/product"}],"wp:featuredmedia":[{"embeddable":true,"href":"https:\/\/secihouse.lt\/index.php\/wp-json\/wp\/v2\/media\/6518"}],"wp:attachment":[{"href":"https:\/\/secihouse.lt\/index.php\/wp-json\/wp\/v2\/media?parent=6517"}],"wp:term":[{"taxonomy":"product_brand","embeddable":true,"href":"https:\/\/secihouse.lt\/index.php\/wp-json\/wp\/v2\/product_brand?post=6517"},{"taxonomy":"product_cat","embeddable":true,"href":"https:\/\/secihouse.lt\/index.php\/wp-json\/wp\/v2\/product_cat?post=6517"},{"taxonomy":"product_tag","embeddable":true,"href":"https:\/\/secihouse.lt\/index.php\/wp-json\/wp\/v2\/product_tag?post=6517"}],"curies":[{"name":"wp","href":"https:\/\/api.w.org\/{rel}","templated":true}]}}