{"id":6510,"date":"2023-07-28T09:56:32","date_gmt":"2023-07-28T07:56:32","guid":{"rendered":"https:\/\/secihouse.lt\/?post_type=product&#038;p=6510"},"modified":"2026-02-15T20:49:54","modified_gmt":"2026-02-15T18:49:54","slug":"konges-slojd-megztinis-eclipse","status":"publish","type":"product","link":"https:\/\/secihouse.lt\/index.php\/product\/konges-slojd-megztinis-eclipse\/","title":{"rendered":"Konges Slojd megztinis &#8211; Eclipse"},"content":{"rendered":"<p>Mieli megztukai \u2013 d\u017eemperiukai, kurie patiks vaikams ir ne\u0161ios su did\u017eiausiu d\u017eiaugsmu :). \u00a0Paveiksliukai i\u0161siuvin\u0117ti, tod\u0117l visados i\u0161liks gra\u017eus !<\/p>\n<p>&nbsp;<\/p>\n<p><strong>Sud\u0117tis:\u00a0<\/strong>Megztinis i\u0161 90% ekologi\u0161kos GOTS sertifikuotos medviln\u0117s ir 10% poliesterio.<\/p>\n","protected":false},"excerpt":{"rendered":"<p>Mieli megztukai \u2013 d\u017eemperiukai, kurie patiks vaikams ir ne\u0161ios su did\u017eiausiu d\u017eiaugsmu :). \u00a0Paveiksliukai i\u0161siuvin\u0117ti, tod\u0117l visados i\u0161liks gra\u017eus ! &nbsp; Sud\u0117tis:\u00a0Megztinis i\u0161 90% ekologi\u0161kos GOTS sertifikuotos medviln\u0117s ir 10% poliesterio.<\/p>\n","protected":false},"featured_media":6511,"template":"","meta":[],"product_brand":[],"product_cat":[772,67,186],"product_tag":[244,381,287,246,384,236,385,383,248],"class_list":{"0":"post-6510","1":"product","2":"type-product","3":"status-publish","4":"has-post-thumbnail","6":"product_cat-apranga","7":"product_cat-apranga-aksesuarai","8":"product_cat-naujienos","9":"product_tag-apranga","10":"product_tag-bomber-svarkelis","11":"product_tag-drabuzis","12":"product_tag-dzemperiai","13":"product_tag-dzemperis","14":"product_tag-konges-slojd","15":"product_tag-megztinis","16":"product_tag-megztukas","17":"product_tag-stilius","18":"","20":"first","21":"instock","22":"taxable","23":"shipping-taxable","24":"purchasable","25":"product-type-variable"},"_links":{"self":[{"href":"https:\/\/secihouse.lt\/index.php\/wp-json\/wp\/v2\/product\/6510","targetHints":{"allow":["GET"]}}],"collection":[{"href":"https:\/\/secihouse.lt\/index.php\/wp-json\/wp\/v2\/product"}],"about":[{"href":"https:\/\/secihouse.lt\/index.php\/wp-json\/wp\/v2\/types\/product"}],"wp:featuredmedia":[{"embeddable":true,"href":"https:\/\/secihouse.lt\/index.php\/wp-json\/wp\/v2\/media\/6511"}],"wp:attachment":[{"href":"https:\/\/secihouse.lt\/index.php\/wp-json\/wp\/v2\/media?parent=6510"}],"wp:term":[{"taxonomy":"product_brand","embeddable":true,"href":"https:\/\/secihouse.lt\/index.php\/wp-json\/wp\/v2\/product_brand?post=6510"},{"taxonomy":"product_cat","embeddable":true,"href":"https:\/\/secihouse.lt\/index.php\/wp-json\/wp\/v2\/product_cat?post=6510"},{"taxonomy":"product_tag","embeddable":true,"href":"https:\/\/secihouse.lt\/index.php\/wp-json\/wp\/v2\/product_tag?post=6510"}],"curies":[{"name":"wp","href":"https:\/\/api.w.org\/{rel}","templated":true}]}}