{"id":6502,"date":"2023-07-28T09:45:26","date_gmt":"2023-07-28T07:45:26","guid":{"rendered":"https:\/\/secihouse.lt\/?post_type=product&#038;p=6502"},"modified":"2026-02-15T20:50:32","modified_gmt":"2026-02-15T18:50:32","slug":"konges-slojd-bomber-svarkelis-magnet","status":"publish","type":"product","link":"https:\/\/secihouse.lt\/index.php\/product\/konges-slojd-bomber-svarkelis-magnet\/","title":{"rendered":"Konges Slojd Bomber \u0161varkelis &#8211; Magnet"},"content":{"rendered":"<p>Stilingas Bomber \u0161varkelis patiks kiekvienam vaikui! Turi \u017eaisming\u0105 pand\u0105, kuri sukurta su apver\u010diamais blizgu\u010diais. Galb\u016bt tai puiki dovan\u0117l\u0117 J\u016bs\u0173 vaiku\u010diui ? Manome, kad tikrai TAIP!<\/p>\n<p>&nbsp;<\/p>\n<p><strong>Sud\u0117tis:\u00a0<\/strong>Bomber \u0161varkelis, pagaminta i\u0161 90% organin\u0117s medviln\u0117s ir 10% poliesterio.<\/p>\n","protected":false},"excerpt":{"rendered":"<p>Stilingas Bomber \u0161varkelis patiks kiekvienam vaikui! Turi \u017eaisming\u0105 pand\u0105, kuri sukurta su apver\u010diamais blizgu\u010diais. Galb\u016bt tai puiki dovan\u0117l\u0117 J\u016bs\u0173 vaiku\u010diui ? Manome, kad tikrai TAIP! &nbsp; Sud\u0117tis:\u00a0Bomber \u0161varkelis, pagaminta i\u0161 90% organin\u0117s medviln\u0117s ir 10% poliesterio.<\/p>\n","protected":false},"featured_media":6503,"template":"","meta":[],"product_brand":[],"product_cat":[772,67,186],"product_tag":[244,380,381,287,379,236,382,248,378],"class_list":{"0":"post-6502","1":"product","2":"type-product","3":"status-publish","4":"has-post-thumbnail","6":"product_cat-apranga","7":"product_cat-apranga-aksesuarai","8":"product_cat-naujienos","9":"product_tag-apranga","10":"product_tag-bomber-jacket","11":"product_tag-bomber-svarkelis","12":"product_tag-drabuzis","13":"product_tag-jacket","14":"product_tag-konges-slojd","15":"product_tag-konges-slojd-bomber-jacket","16":"product_tag-stilius","17":"product_tag-svarkelis","18":"","20":"first","21":"instock","22":"taxable","23":"shipping-taxable","24":"purchasable","25":"product-type-variable","26":"has-default-attributes"},"_links":{"self":[{"href":"https:\/\/secihouse.lt\/index.php\/wp-json\/wp\/v2\/product\/6502","targetHints":{"allow":["GET"]}}],"collection":[{"href":"https:\/\/secihouse.lt\/index.php\/wp-json\/wp\/v2\/product"}],"about":[{"href":"https:\/\/secihouse.lt\/index.php\/wp-json\/wp\/v2\/types\/product"}],"wp:featuredmedia":[{"embeddable":true,"href":"https:\/\/secihouse.lt\/index.php\/wp-json\/wp\/v2\/media\/6503"}],"wp:attachment":[{"href":"https:\/\/secihouse.lt\/index.php\/wp-json\/wp\/v2\/media?parent=6502"}],"wp:term":[{"taxonomy":"product_brand","embeddable":true,"href":"https:\/\/secihouse.lt\/index.php\/wp-json\/wp\/v2\/product_brand?post=6502"},{"taxonomy":"product_cat","embeddable":true,"href":"https:\/\/secihouse.lt\/index.php\/wp-json\/wp\/v2\/product_cat?post=6502"},{"taxonomy":"product_tag","embeddable":true,"href":"https:\/\/secihouse.lt\/index.php\/wp-json\/wp\/v2\/product_tag?post=6502"}],"curies":[{"name":"wp","href":"https:\/\/api.w.org\/{rel}","templated":true}]}}