{"id":6497,"date":"2023-08-15T00:11:54","date_gmt":"2023-08-14T22:11:54","guid":{"rendered":"https:\/\/secihouse.lt\/?post_type=product&#038;p=6497"},"modified":"2026-02-15T20:48:26","modified_gmt":"2026-02-15T18:48:26","slug":"konges-slojd-pedkelnes-cherry-cat","status":"publish","type":"product","link":"https:\/\/secihouse.lt\/index.php\/product\/konges-slojd-pedkelnes-cherry-cat\/","title":{"rendered":"Konges Slojd p\u0117dkeln\u0117s &#8211; Cherry\/Cat"},"content":{"rendered":"<p>Konges Slojd p\u0117dkeln\u0117s su paveiksl\u0117liais patiks kiekvienai princesei. Der\u0117s prie \u012fvairiausi\u0173 sukneli\u0173 ar sijon\u0117li\u0173. Kokybi\u0161kos, malonios, patogios p\u0117dkeln\u0117s kiekvienai princesytei.<\/p>\n<p>&nbsp;<\/p>\n<p><strong>Sud\u0117tis:<\/strong> p<span class=\"Y2IQFc\" lang=\"lt\">agaminta i\u0161 75% organin\u0117s medviln\u0117s, 23% poliamido ir 2% elastano.<\/span><\/p>\n","protected":false},"excerpt":{"rendered":"<p>Konges Slojd p\u0117dkeln\u0117s su paveiksl\u0117liais patiks kiekvienai princesei. Der\u0117s prie \u012fvairiausi\u0173 sukneli\u0173 ar sijon\u0117li\u0173. Kokybi\u0161kos, malonios, patogios p\u0117dkeln\u0117s kiekvienai princesytei. &nbsp; Sud\u0117tis: pagaminta i\u0161 75% organin\u0117s medviln\u0117s, 23% poliamido ir 2% elastano.<\/p>\n","protected":false},"featured_media":6498,"template":"","meta":[],"product_brand":[],"product_cat":[772,67,186],"product_tag":[373,244,287,236,375,377,248],"class_list":{"0":"post-6497","1":"product","2":"type-product","3":"status-publish","4":"has-post-thumbnail","6":"product_cat-apranga","7":"product_cat-apranga-aksesuarai","8":"product_cat-naujienos","9":"product_tag-aksesuaras","10":"product_tag-apranga","11":"product_tag-drabuzis","12":"product_tag-konges-slojd","13":"product_tag-konges-slojd-pedkelnes","14":"product_tag-pedkelnes","15":"product_tag-stilius","16":"","18":"first","19":"instock","20":"taxable","21":"shipping-taxable","22":"purchasable","23":"product-type-variable","24":"has-default-attributes"},"_links":{"self":[{"href":"https:\/\/secihouse.lt\/index.php\/wp-json\/wp\/v2\/product\/6497","targetHints":{"allow":["GET"]}}],"collection":[{"href":"https:\/\/secihouse.lt\/index.php\/wp-json\/wp\/v2\/product"}],"about":[{"href":"https:\/\/secihouse.lt\/index.php\/wp-json\/wp\/v2\/types\/product"}],"wp:featuredmedia":[{"embeddable":true,"href":"https:\/\/secihouse.lt\/index.php\/wp-json\/wp\/v2\/media\/6498"}],"wp:attachment":[{"href":"https:\/\/secihouse.lt\/index.php\/wp-json\/wp\/v2\/media?parent=6497"}],"wp:term":[{"taxonomy":"product_brand","embeddable":true,"href":"https:\/\/secihouse.lt\/index.php\/wp-json\/wp\/v2\/product_brand?post=6497"},{"taxonomy":"product_cat","embeddable":true,"href":"https:\/\/secihouse.lt\/index.php\/wp-json\/wp\/v2\/product_cat?post=6497"},{"taxonomy":"product_tag","embeddable":true,"href":"https:\/\/secihouse.lt\/index.php\/wp-json\/wp\/v2\/product_tag?post=6497"}],"curies":[{"name":"wp","href":"https:\/\/api.w.org\/{rel}","templated":true}]}}