{"id":6494,"date":"2023-07-28T09:24:34","date_gmt":"2023-07-28T07:24:34","guid":{"rendered":"https:\/\/secihouse.lt\/?post_type=product&#038;p=6494"},"modified":"2026-02-18T21:01:03","modified_gmt":"2026-02-18T19:01:03","slug":"konges-slojd-pedkelnes-soft-brown-grey","status":"publish","type":"product","link":"https:\/\/secihouse.lt\/index.php\/product\/konges-slojd-pedkelnes-soft-brown-grey\/","title":{"rendered":"Konges Slojd p\u0117dkeln\u0117s -soft Brown\/ Grey"},"content":{"rendered":"<p>P\u0117dkeln\u0117s, kurios kokybi\u0161kos, patogios bei malonios k\u016bneliui. Taip pat j\u0173 spalvyt\u0117 prie \u012fvairiausi\u0173 derini\u0173 der\u0117s puikiai!<\/p>\n<p>&nbsp;<\/p>\n<p><strong>Sud\u0117tis:<\/strong>\u00a0<span class=\"Y2IQFc\" lang=\"lt\">\u00a0p<\/span><span class=\"Y2IQFc\" lang=\"lt\">agaminta i\u0161 75% organin\u0117s medviln\u0117s, 23% poliamido ir 2% elastano.<\/span><\/p>\n<p>&nbsp;<\/p>\n","protected":false},"excerpt":{"rendered":"<p>P\u0117dkeln\u0117s, kurios kokybi\u0161kos, patogios bei malonios k\u016bneliui. Taip pat j\u0173 spalvyt\u0117 prie \u012fvairiausi\u0173 derini\u0173 der\u0117s puikiai! &nbsp; Sud\u0117tis:\u00a0\u00a0pagaminta i\u0161 75% organin\u0117s medviln\u0117s, 23% poliamido ir 2% elastano. &nbsp;<\/p>\n","protected":false},"featured_media":6495,"template":"","meta":[],"product_brand":[],"product_cat":[772,67,186],"product_tag":[224,373,244,236,375,374,248,376],"class_list":{"0":"post-6494","1":"product","2":"type-product","3":"status-publish","4":"has-post-thumbnail","6":"product_cat-apranga","7":"product_cat-apranga-aksesuarai","8":"product_cat-naujienos","9":"product_tag-aksesuarai","10":"product_tag-aksesuaras","11":"product_tag-apranga","12":"product_tag-konges-slojd","13":"product_tag-konges-slojd-pedkelnes","14":"product_tag-pedklenes","15":"product_tag-stilius","16":"product_tag-vaikams-apranga","17":"","19":"first","20":"instock","21":"taxable","22":"shipping-taxable","23":"purchasable","24":"product-type-variable","25":"has-default-attributes"},"_links":{"self":[{"href":"https:\/\/secihouse.lt\/index.php\/wp-json\/wp\/v2\/product\/6494","targetHints":{"allow":["GET"]}}],"collection":[{"href":"https:\/\/secihouse.lt\/index.php\/wp-json\/wp\/v2\/product"}],"about":[{"href":"https:\/\/secihouse.lt\/index.php\/wp-json\/wp\/v2\/types\/product"}],"wp:featuredmedia":[{"embeddable":true,"href":"https:\/\/secihouse.lt\/index.php\/wp-json\/wp\/v2\/media\/6495"}],"wp:attachment":[{"href":"https:\/\/secihouse.lt\/index.php\/wp-json\/wp\/v2\/media?parent=6494"}],"wp:term":[{"taxonomy":"product_brand","embeddable":true,"href":"https:\/\/secihouse.lt\/index.php\/wp-json\/wp\/v2\/product_brand?post=6494"},{"taxonomy":"product_cat","embeddable":true,"href":"https:\/\/secihouse.lt\/index.php\/wp-json\/wp\/v2\/product_cat?post=6494"},{"taxonomy":"product_tag","embeddable":true,"href":"https:\/\/secihouse.lt\/index.php\/wp-json\/wp\/v2\/product_tag?post=6494"}],"curies":[{"name":"wp","href":"https:\/\/api.w.org\/{rel}","templated":true}]}}