{"id":6492,"date":"2023-08-14T23:44:25","date_gmt":"2023-08-14T21:44:25","guid":{"rendered":"https:\/\/secihouse.lt\/?post_type=product&#038;p=6492"},"modified":"2026-02-15T20:48:43","modified_gmt":"2026-02-15T18:48:43","slug":"konges-slojd-barskutis-zaisliukas-lokys","status":"publish","type":"product","link":"https:\/\/secihouse.lt\/index.php\/product\/konges-slojd-barskutis-zaisliukas-lokys\/","title":{"rendered":"Konges Slojd bar\u0161kutis \u017eaisliukas lokys"},"content":{"rendered":"<p>\u017daismingai \u017eavus bar\u0161kutis lokys gali tapti J\u016bs\u0173 ma\u017eyliui puikus draugas, kuris linksmins savo skambesiu ir tuo pa\u010diu sutelks susidom\u0117jim\u0105 tyrin\u0117ti pasaul\u012f.<\/p>\n<p>&nbsp;<\/p>\n<p><strong>Sud\u0117tis:<\/strong>\u00a0<span class=\"Y2IQFc\" lang=\"lt\">pagamintas i\u0161 100% ekologi\u0161kos medviln\u0117s su perdirbto poliesterio u\u017epildu.<\/span><\/p>\n<p><strong>Dydis:<\/strong> 20cm<\/p>\n","protected":false},"excerpt":{"rendered":"<p>\u017daismingai \u017eavus bar\u0161kutis lokys gali tapti J\u016bs\u0173 ma\u017eyliui puikus draugas, kuris linksmins savo skambesiu ir tuo pa\u010diu sutelks susidom\u0117jim\u0105 tyrin\u0117ti pasaul\u012f. &nbsp; Sud\u0117tis:\u00a0pagamintas i\u0161 100% ekologi\u0161kos medviln\u0117s su perdirbto poliesterio u\u017epildu. Dydis: 20cm<\/p>\n","protected":false},"featured_media":6493,"template":"","meta":[],"product_brand":[],"product_cat":[186,66],"product_tag":[218,236,370,369,372,216,181,178,371],"class_list":{"0":"post-6492","1":"product","2":"type-product","3":"status-publish","4":"has-post-thumbnail","6":"product_cat-naujienos","7":"product_cat-zaislai","8":"product_tag-barskutis","9":"product_tag-konges-slojd","10":"product_tag-konges-slojd-barskutis","11":"product_tag-konges-slojd-meskutis","12":"product_tag-maziems-vaikams","13":"product_tag-meskutis","14":"product_tag-minkstuolis","15":"product_tag-zaislas","16":"product_tag-zaislas-mazyliui","17":"","19":"first","20":"instock","21":"taxable","22":"shipping-taxable","23":"purchasable","24":"product-type-simple"},"_links":{"self":[{"href":"https:\/\/secihouse.lt\/index.php\/wp-json\/wp\/v2\/product\/6492","targetHints":{"allow":["GET"]}}],"collection":[{"href":"https:\/\/secihouse.lt\/index.php\/wp-json\/wp\/v2\/product"}],"about":[{"href":"https:\/\/secihouse.lt\/index.php\/wp-json\/wp\/v2\/types\/product"}],"wp:featuredmedia":[{"embeddable":true,"href":"https:\/\/secihouse.lt\/index.php\/wp-json\/wp\/v2\/media\/6493"}],"wp:attachment":[{"href":"https:\/\/secihouse.lt\/index.php\/wp-json\/wp\/v2\/media?parent=6492"}],"wp:term":[{"taxonomy":"product_brand","embeddable":true,"href":"https:\/\/secihouse.lt\/index.php\/wp-json\/wp\/v2\/product_brand?post=6492"},{"taxonomy":"product_cat","embeddable":true,"href":"https:\/\/secihouse.lt\/index.php\/wp-json\/wp\/v2\/product_cat?post=6492"},{"taxonomy":"product_tag","embeddable":true,"href":"https:\/\/secihouse.lt\/index.php\/wp-json\/wp\/v2\/product_tag?post=6492"}],"curies":[{"name":"wp","href":"https:\/\/api.w.org\/{rel}","templated":true}]}}