{"id":6480,"date":"2023-07-27T20:31:31","date_gmt":"2023-07-27T18:31:31","guid":{"rendered":"https:\/\/secihouse.lt\/?post_type=product&#038;p=6480"},"modified":"2026-04-05T08:23:35","modified_gmt":"2026-04-05T06:23:35","slug":"quax-puodukas-coral","status":"publish","type":"product","link":"https:\/\/secihouse.lt\/index.php\/product\/quax-puodukas-coral\/","title":{"rendered":"Quax puodukas &#8211; Coral"},"content":{"rendered":"<p><span class=\"Y2IQFc\" lang=\"lt\">Ergonomi\u0161kas puodukas J\u016bs\u0173 ma\u017eyliui! <\/span><\/p>\n<p><span class=\"Y2IQFc\" lang=\"lt\">Ergonomi\u0161kas dizainas, sukuriantis teising\u0105 s\u0117d\u0117jimo pad\u0117t\u012f, skatinan\u010di\u0105 \u0161lapinim\u0105si. Su auk\u0161tu atlo\u0161u, neslystan\u010diu ir nuimamu vidiniu puoduku. <\/span><\/p>\n<p><span class=\"Y2IQFc\" lang=\"lt\">Be BPA, PVC ir ftalat\u0173. <\/span><\/p>\n<p><span class=\"Y2IQFc\" lang=\"lt\"><strong>MATMENYS<\/strong>: 38 x 33 x 30 cm <\/span><\/p>\n<p><span class=\"Y2IQFc\" lang=\"lt\"><strong>MED\u017dIAGA:<\/strong> polipropilenas<\/span><\/p>\n<p>&nbsp;<\/p>\n","protected":false},"excerpt":{"rendered":"<p>Ergonomi\u0161kas puodukas J\u016bs\u0173 ma\u017eyliui! Ergonomi\u0161kas dizainas, sukuriantis teising\u0105 s\u0117d\u0117jimo pad\u0117t\u012f, skatinan\u010di\u0105 \u0161lapinim\u0105si. Su auk\u0161tu atlo\u0161u, neslystan\u010diu ir nuimamu vidiniu puoduku. Be BPA, PVC ir ftalat\u0173. MATMENYS: 38 x 33 x 30 cm MED\u017dIAGA: polipropilenas &nbsp;<\/p>\n","protected":false},"featured_media":6481,"template":"","meta":[],"product_brand":[],"product_cat":[59,186],"product_tag":[367,361,87],"class_list":{"0":"post-6480","1":"product","2":"type-product","3":"status-publish","4":"has-post-thumbnail","6":"product_cat-miegas-prieziura","7":"product_cat-naujienos","8":"product_tag-naktipuodis","9":"product_tag-prieziura","10":"product_tag-puodukas","11":"","13":"first","14":"outofstock","15":"taxable","16":"shipping-taxable","17":"purchasable","18":"product-type-simple"},"_links":{"self":[{"href":"https:\/\/secihouse.lt\/index.php\/wp-json\/wp\/v2\/product\/6480","targetHints":{"allow":["GET"]}}],"collection":[{"href":"https:\/\/secihouse.lt\/index.php\/wp-json\/wp\/v2\/product"}],"about":[{"href":"https:\/\/secihouse.lt\/index.php\/wp-json\/wp\/v2\/types\/product"}],"wp:featuredmedia":[{"embeddable":true,"href":"https:\/\/secihouse.lt\/index.php\/wp-json\/wp\/v2\/media\/6481"}],"wp:attachment":[{"href":"https:\/\/secihouse.lt\/index.php\/wp-json\/wp\/v2\/media?parent=6480"}],"wp:term":[{"taxonomy":"product_brand","embeddable":true,"href":"https:\/\/secihouse.lt\/index.php\/wp-json\/wp\/v2\/product_brand?post=6480"},{"taxonomy":"product_cat","embeddable":true,"href":"https:\/\/secihouse.lt\/index.php\/wp-json\/wp\/v2\/product_cat?post=6480"},{"taxonomy":"product_tag","embeddable":true,"href":"https:\/\/secihouse.lt\/index.php\/wp-json\/wp\/v2\/product_tag?post=6480"}],"curies":[{"name":"wp","href":"https:\/\/api.w.org\/{rel}","templated":true}]}}