{"id":6440,"date":"2023-07-27T16:01:55","date_gmt":"2023-07-27T14:01:55","guid":{"rendered":"https:\/\/secihouse.lt\/?post_type=product&#038;p=6440"},"modified":"2024-09-06T07:17:12","modified_gmt":"2024-09-06T05:17:12","slug":"liewood-silikonines-smelio-formeles-all-together","status":"publish","type":"product","link":"https:\/\/secihouse.lt\/index.php\/product\/liewood-silikonines-smelio-formeles-all-together\/","title":{"rendered":"Liewood silikonin\u0117s sm\u0117lio formel\u0117s -All Together"},"content":{"rendered":"<p>Juk su papl\u016bdimio \u017eaislais dar smagiau \u017eaisti sm\u0117lyje ! Pastatykite sm\u0117lio karalyst\u0119 su pagalbiniais \u012frankiais kaip silikonin\u0117s \u00a0 \u017daisliukai taip pat lavina smulki\u0105j\u0105 motorik\u0105 bei vaizduot\u0119.<\/p>\n<p>&nbsp;<\/p>\n<p><span class=\"Y2IQFc\" lang=\"lt\"><strong>Med\u017eiaga:<\/strong> 100% silikonas. \u00a0<\/span><span class=\"Y2IQFc\" lang=\"lt\">Patvari, mink\u0161ta ir ilgaam\u017e\u0117 med\u017eiaga, lengva valyti.<\/span><\/p>\n<p><span class=\"Y2IQFc\" lang=\"lt\"><strong>Rinkin\u012f sudaro<\/strong>: Keturios formos\u00a0<\/span><\/p>\n<p><strong>Rekomenduojamas am\u017eius:<\/strong> 18m\u0117n. +<\/p>\n<p>&nbsp;<\/p>\n<p>&nbsp;<\/p>\n<p>&nbsp;<\/p>\n","protected":false},"excerpt":{"rendered":"<p>Juk su papl\u016bdimio \u017eaislais dar smagiau \u017eaisti sm\u0117lyje ! Pastatykite sm\u0117lio karalyst\u0119 su pagalbiniais \u012frankiais kaip silikonin\u0117s \u00a0 \u017daisliukai taip pat lavina smulki\u0105j\u0105 motorik\u0105 bei vaizduot\u0119. &nbsp; Med\u017eiaga: 100% silikonas. \u00a0Patvari, mink\u0161ta ir ilgaam\u017e\u0117 med\u017eiaga, lengva valyti. Rinkin\u012f sudaro: Keturios formos\u00a0 Rekomenduojamas am\u017eius: 18m\u0117n. + &nbsp; &nbsp; &nbsp;<\/p>\n","protected":false},"featured_media":6441,"template":"","meta":[],"product_brand":[],"product_cat":[186,66],"product_tag":[156,349,350,348,196,42],"class_list":{"0":"post-6440","1":"product","2":"type-product","3":"status-publish","4":"has-post-thumbnail","6":"product_cat-naujienos","7":"product_cat-zaislai","8":"product_tag-liewood","9":"product_tag-liewood-papludimio-zaislai","10":"product_tag-papludimio-zaislu-rinkinys","11":"product_tag-smelio-zaislai","12":"product_tag-vandens-zaislai","13":"product_tag-zaislai","14":"","16":"first","17":"instock","18":"taxable","19":"shipping-taxable","20":"purchasable","21":"product-type-simple"},"_links":{"self":[{"href":"https:\/\/secihouse.lt\/index.php\/wp-json\/wp\/v2\/product\/6440","targetHints":{"allow":["GET"]}}],"collection":[{"href":"https:\/\/secihouse.lt\/index.php\/wp-json\/wp\/v2\/product"}],"about":[{"href":"https:\/\/secihouse.lt\/index.php\/wp-json\/wp\/v2\/types\/product"}],"wp:featuredmedia":[{"embeddable":true,"href":"https:\/\/secihouse.lt\/index.php\/wp-json\/wp\/v2\/media\/6441"}],"wp:attachment":[{"href":"https:\/\/secihouse.lt\/index.php\/wp-json\/wp\/v2\/media?parent=6440"}],"wp:term":[{"taxonomy":"product_brand","embeddable":true,"href":"https:\/\/secihouse.lt\/index.php\/wp-json\/wp\/v2\/product_brand?post=6440"},{"taxonomy":"product_cat","embeddable":true,"href":"https:\/\/secihouse.lt\/index.php\/wp-json\/wp\/v2\/product_cat?post=6440"},{"taxonomy":"product_tag","embeddable":true,"href":"https:\/\/secihouse.lt\/index.php\/wp-json\/wp\/v2\/product_tag?post=6440"}],"curies":[{"name":"wp","href":"https:\/\/api.w.org\/{rel}","templated":true}]}}