{"id":6386,"date":"2023-07-27T12:10:52","date_gmt":"2023-07-27T10:10:52","guid":{"rendered":"https:\/\/secihouse.lt\/?post_type=product&#038;p=6386"},"modified":"2025-07-27T21:58:16","modified_gmt":"2025-07-27T19:58:16","slug":"liewood-silikoninis-valgymo-indeliu-komplektas-carols","status":"publish","type":"product","link":"https:\/\/secihouse.lt\/index.php\/product\/liewood-silikoninis-valgymo-indeliu-komplektas-carols\/","title":{"rendered":"Liewood silikoninis valgymo indeli\u0173 komplektas &#8211; Carols"},"content":{"rendered":"<p>Silikoninis valgymo indeli\u0173 komplektas viskas viename ko reikia pavalgyti patogiai ir so\u010diai ma\u017eyliui.<\/p>\n<p>&nbsp;<\/p>\n<p><strong>Apie produkt\u0105:<\/strong><\/p>\n<p>&#8211; pagaminta i\u0161 100 proc. silikono;<\/p>\n<p>&#8211; i\u0161bandyta pagal naujausius ES teis\u0117s aktus;<\/p>\n<p>Rinkinys pirmiausiai yra skirtas k\u016bdikiams ir jaunesniems vaikams. Rinkin\u012f sudaro: puodelis, duben\u0117lis, l\u0117k\u0161t\u0117 ir \u0161auk\u0161tas.<\/p>\n<p><strong>Dydis:<\/strong> puodelis &#8211; \u00a0H 7, D 6.5 cm, 160 ml,<\/p>\n<p>l\u0117k\u0161t\u0117 &#8211; \u00a0D 17, H 2.5 cm,<\/p>\n<p>\u0161auk\u0161tas &#8211; \u00a0H 2.5, W 4.5, L 14 cm,<\/p>\n<p>duben\u0117lis &#8211; D 11.5, H 4.5cm.<\/p>\n<p><strong>Prie\u017ei\u016bra:<\/strong> Nenaudoti orkait\u0117je ir mikrobang\u0173 krosnel\u0117je, indaplov\u0117je plauti temperat\u016broje iki 65 \u00b0 C, naudoti \u0161aldiklyje iki -20 \u00b0 C, tinka naudoti maistui, kurio temperat\u016bra iki 70 \u00b0 C, nenaudoti tiesiogiai ant \u0161ildom\u0173 pavir\u0161i\u0173, saugus s\u0105ly\u010diui su maistu produktas.<\/p>\n","protected":false},"excerpt":{"rendered":"<p>Silikoninis valgymo indeli\u0173 komplektas viskas viename ko reikia pavalgyti patogiai ir so\u010diai ma\u017eyliui. &nbsp; Apie produkt\u0105: &#8211; pagaminta i\u0161 100 proc. silikono; &#8211; i\u0161bandyta pagal naujausius ES teis\u0117s aktus; Rinkinys pirmiausiai yra skirtas k\u016bdikiams ir jaunesniems vaikams. Rinkin\u012f sudaro: puodelis, duben\u0117lis, l\u0117k\u0161t\u0117 ir \u0161auk\u0161tas. Dydis: puodelis &#8211; \u00a0H 7, D 6.5 cm, 160 ml, l\u0117k\u0161t\u0117 [&hellip;]<\/p>\n","protected":false},"featured_media":6387,"template":"","meta":[],"product_brand":[],"product_cat":[65,186],"product_tag":[329,330,164,156,332,331,49],"class_list":{"0":"post-6386","1":"product","2":"type-product","3":"status-publish","4":"has-post-thumbnail","6":"product_cat-laikas-pietums","7":"product_cat-naujienos","8":"product_tag-indai","9":"product_tag-indeliai","10":"product_tag-laikas-pietums","11":"product_tag-liewood","12":"product_tag-valgymas","13":"product_tag-valgymo-indeliu-komplektas","14":"product_tag-valgymo-reikmenys","15":"","17":"first","18":"instock","19":"taxable","20":"shipping-taxable","21":"purchasable","22":"product-type-simple"},"_links":{"self":[{"href":"https:\/\/secihouse.lt\/index.php\/wp-json\/wp\/v2\/product\/6386","targetHints":{"allow":["GET"]}}],"collection":[{"href":"https:\/\/secihouse.lt\/index.php\/wp-json\/wp\/v2\/product"}],"about":[{"href":"https:\/\/secihouse.lt\/index.php\/wp-json\/wp\/v2\/types\/product"}],"wp:featuredmedia":[{"embeddable":true,"href":"https:\/\/secihouse.lt\/index.php\/wp-json\/wp\/v2\/media\/6387"}],"wp:attachment":[{"href":"https:\/\/secihouse.lt\/index.php\/wp-json\/wp\/v2\/media?parent=6386"}],"wp:term":[{"taxonomy":"product_brand","embeddable":true,"href":"https:\/\/secihouse.lt\/index.php\/wp-json\/wp\/v2\/product_brand?post=6386"},{"taxonomy":"product_cat","embeddable":true,"href":"https:\/\/secihouse.lt\/index.php\/wp-json\/wp\/v2\/product_cat?post=6386"},{"taxonomy":"product_tag","embeddable":true,"href":"https:\/\/secihouse.lt\/index.php\/wp-json\/wp\/v2\/product_tag?post=6386"}],"curies":[{"name":"wp","href":"https:\/\/api.w.org\/{rel}","templated":true}]}}