{"id":6377,"date":"2023-07-27T10:17:56","date_gmt":"2023-07-27T08:17:56","guid":{"rendered":"https:\/\/secihouse.lt\/?post_type=product&#038;p=6377"},"modified":"2026-02-15T20:52:52","modified_gmt":"2026-02-15T18:52:52","slug":"liewood-seilinukas-holiday","status":"publish","type":"product","link":"https:\/\/secihouse.lt\/index.php\/product\/liewood-seilinukas-holiday\/","title":{"rendered":"Liewood seilinukas &#8211; Holiday"},"content":{"rendered":"<p>Seilinukas su rankov\u0117mis ne tik gra\u017eus, bet ir patogus kasdienyb\u0117je valgymo metu. Apsaugos ma\u017eylio drabu\u017e\u0117lius, liemen\u0117 yra nelaidi skys\u010diui, turi ki\u0161en\u0117l\u0119, kuri puikiai sugauna maisto gabal\u0117lius krentant ant \u017eem\u0117s. Be galo lengvas ir patogus naudoti seilinukas, nes tiesiog po valgio nuvalysite ar nuplausite ir gal\u0117site v\u0117l \u00a0pakartotinai naudoti.<\/p>\n<p><strong>Med\u017eiaga:<\/strong> perdirbtas poliesteris<\/p>\n<p><strong>Dydis:<\/strong> 82 cm nuo rankov\u0117s iki rankov\u0117s, ilgis 43 cm<\/p>\n<p><b>Prie\u017ei\u016bra:\u00a0<\/b>\u00a0Prie\u0161 skalbim\u0105 u\u017esekite seilinuk\u0105, skalbti 30 C laipsni\u0173 temperat\u016broje, ned\u017eiovinkite, nebalinkite. Rekomenduojama skalbti su pana\u0161ios spalvos drabu\u017eiais.<\/p>\n","protected":false},"excerpt":{"rendered":"<p>Seilinukas su rankov\u0117mis ne tik gra\u017eus, bet ir patogus kasdienyb\u0117je valgymo metu. Apsaugos ma\u017eylio drabu\u017e\u0117lius, liemen\u0117 yra nelaidi skys\u010diui, turi ki\u0161en\u0117l\u0119, kuri puikiai sugauna maisto gabal\u0117lius krentant ant \u017eem\u0117s. Be galo lengvas ir patogus naudoti seilinukas, nes tiesiog po valgio nuvalysite ar nuplausite ir gal\u0117site v\u0117l \u00a0pakartotinai naudoti. Med\u017eiaga: perdirbtas poliesteris Dydis: 82 cm nuo [&hellip;]<\/p>\n","protected":false},"featured_media":6378,"template":"","meta":[],"product_brand":[],"product_cat":[65,186],"product_tag":[164,156,160,328,175,176,327],"class_list":{"0":"post-6377","1":"product","2":"type-product","3":"status-publish","4":"has-post-thumbnail","6":"product_cat-laikas-pietums","7":"product_cat-naujienos","8":"product_tag-laikas-pietums","9":"product_tag-liewood","10":"product_tag-liewood-seilinukas","11":"product_tag-rankovemis-seilinukas","12":"product_tag-seilinukas","13":"product_tag-seilinukas-su-rankovemis","14":"product_tag-valgymui-seilinukas","15":"","17":"first","18":"instock","19":"taxable","20":"shipping-taxable","21":"purchasable","22":"product-type-simple"},"_links":{"self":[{"href":"https:\/\/secihouse.lt\/index.php\/wp-json\/wp\/v2\/product\/6377","targetHints":{"allow":["GET"]}}],"collection":[{"href":"https:\/\/secihouse.lt\/index.php\/wp-json\/wp\/v2\/product"}],"about":[{"href":"https:\/\/secihouse.lt\/index.php\/wp-json\/wp\/v2\/types\/product"}],"wp:featuredmedia":[{"embeddable":true,"href":"https:\/\/secihouse.lt\/index.php\/wp-json\/wp\/v2\/media\/6378"}],"wp:attachment":[{"href":"https:\/\/secihouse.lt\/index.php\/wp-json\/wp\/v2\/media?parent=6377"}],"wp:term":[{"taxonomy":"product_brand","embeddable":true,"href":"https:\/\/secihouse.lt\/index.php\/wp-json\/wp\/v2\/product_brand?post=6377"},{"taxonomy":"product_cat","embeddable":true,"href":"https:\/\/secihouse.lt\/index.php\/wp-json\/wp\/v2\/product_cat?post=6377"},{"taxonomy":"product_tag","embeddable":true,"href":"https:\/\/secihouse.lt\/index.php\/wp-json\/wp\/v2\/product_tag?post=6377"}],"curies":[{"name":"wp","href":"https:\/\/api.w.org\/{rel}","templated":true}]}}