{"id":6370,"date":"2023-07-27T10:04:29","date_gmt":"2023-07-27T08:04:29","guid":{"rendered":"https:\/\/secihouse.lt\/?post_type=product&#038;p=6370"},"modified":"2026-02-15T20:53:09","modified_gmt":"2026-02-15T18:53:09","slug":"liewood-gultukas-nesiokle-carols","status":"publish","type":"product","link":"https:\/\/secihouse.lt\/index.php\/product\/liewood-gultukas-nesiokle-carols\/","title":{"rendered":"Liewood gultukas\/ ne\u0161iokl\u0117 &#8211; Carols"},"content":{"rendered":"<p>LIEWOOD k\u016bdik\u0117lio gultukas, kitaip tariant lop\u0161ys ir tuo pa\u010diu puiki ne\u0161iokl\u0117. Ma\u017eylis visi\u0161kai ramiai miegos gultuk\u012f netgi tada kada jud\u0117site . Gultuk\u0105\/ ne\u0161iokl\u0119 galima pad\u0117ti ten, kur Jums b\u016bt\u0173 patogiausia &#8211; ant lovos, sofos, o taip pat puikiai telpa kai kuriuose ve\u017eim\u0117liuose. U\u017evalkalas lengbai nusi\u0117ma nuo vis\u0173 dali\u0173, tod\u0117l lengva i\u0161laikyt\u012f \u0161var\u0173.<\/p>\n<p>&nbsp;<\/p>\n<p><strong>Med\u017eiaga:<\/strong> 100 % ekologi\u0161ka medviln\u0117, 100 % poliuretano u\u017epildas.<\/p>\n<p><strong>Dydis:<\/strong> 76&#215;32 cm<\/p>\n<p><strong>Prie\u017ei\u016bra:<\/strong> skalbkite 30 laipsni\u0173 temperat\u016broje su pana\u0161ios spalvos drabu\u017eiais, nenaudokite d\u017eiovinimo programos, nebalinkite. Lyginkite vidutinio kar\u0161\u010dio lygintuvu. Nenaudoti sauso valymo.<\/p>\n","protected":false},"excerpt":{"rendered":"<p>LIEWOOD k\u016bdik\u0117lio gultukas, kitaip tariant lop\u0161ys ir tuo pa\u010diu puiki ne\u0161iokl\u0117. Ma\u017eylis visi\u0161kai ramiai miegos gultuk\u012f netgi tada kada jud\u0117site . Gultuk\u0105\/ ne\u0161iokl\u0119 galima pad\u0117ti ten, kur Jums b\u016bt\u0173 patogiausia &#8211; ant lovos, sofos, o taip pat puikiai telpa kai kuriuose ve\u017eim\u0117liuose. U\u017evalkalas lengbai nusi\u0117ma nuo vis\u0173 dali\u0173, tod\u0117l lengva i\u0161laikyt\u012f \u0161var\u0173. &nbsp; Med\u017eiaga: 100 [&hellip;]<\/p>\n","protected":false},"featured_media":6371,"template":"","meta":[],"product_brand":[],"product_cat":[59,186],"product_tag":[321,323,325,324,326,322],"class_list":{"0":"post-6370","1":"product","2":"type-product","3":"status-publish","4":"has-post-thumbnail","6":"product_cat-miegas-prieziura","7":"product_cat-naujienos","8":"product_tag-gultukas","9":"product_tag-gultukas-ir-nesiokle","10":"product_tag-liewood-lopsys","11":"product_tag-liewood-nesiokle","12":"product_tag-lopsys","13":"product_tag-nesiokle","14":"","16":"first","17":"instock","18":"taxable","19":"shipping-taxable","20":"purchasable","21":"product-type-simple"},"_links":{"self":[{"href":"https:\/\/secihouse.lt\/index.php\/wp-json\/wp\/v2\/product\/6370","targetHints":{"allow":["GET"]}}],"collection":[{"href":"https:\/\/secihouse.lt\/index.php\/wp-json\/wp\/v2\/product"}],"about":[{"href":"https:\/\/secihouse.lt\/index.php\/wp-json\/wp\/v2\/types\/product"}],"wp:featuredmedia":[{"embeddable":true,"href":"https:\/\/secihouse.lt\/index.php\/wp-json\/wp\/v2\/media\/6371"}],"wp:attachment":[{"href":"https:\/\/secihouse.lt\/index.php\/wp-json\/wp\/v2\/media?parent=6370"}],"wp:term":[{"taxonomy":"product_brand","embeddable":true,"href":"https:\/\/secihouse.lt\/index.php\/wp-json\/wp\/v2\/product_brand?post=6370"},{"taxonomy":"product_cat","embeddable":true,"href":"https:\/\/secihouse.lt\/index.php\/wp-json\/wp\/v2\/product_cat?post=6370"},{"taxonomy":"product_tag","embeddable":true,"href":"https:\/\/secihouse.lt\/index.php\/wp-json\/wp\/v2\/product_tag?post=6370"}],"curies":[{"name":"wp","href":"https:\/\/api.w.org\/{rel}","templated":true}]}}