{"id":6364,"date":"2023-07-27T09:49:48","date_gmt":"2023-07-27T07:49:48","guid":{"rendered":"https:\/\/secihouse.lt\/?post_type=product&#038;p=6364"},"modified":"2024-03-15T00:07:29","modified_gmt":"2024-03-14T22:07:29","slug":"liewood-kampu-apsauga-sandy","status":"publish","type":"product","link":"https:\/\/secihouse.lt\/index.php\/product\/liewood-kampu-apsauga-sandy\/","title":{"rendered":"Liewood kamp\u0173 apsauga &#8211; Sandy"},"content":{"rendered":"<p>Apsaugokite ma\u017eyl\u012f nuo smaili\u0173 bald\u0173 kamp\u0173. Su \u0161iais silikoniais pagalbininkais bus ma\u017eiau nerimo, kad ma\u017eylis susimu\u0161 k\u016bnel\u012f.\u00a0\u0160i\u0173 me\u0161ku\u010di\u0173 lipnios pagalv\u0117l\u0117s, tod\u0117l nebus paprasta jau taip nuimti!<\/p>\n<p>Rinkinyje 4vnt.<\/p>\n<p>&nbsp;<\/p>\n<p><strong>Med\u017eiaga:<\/strong> 100% silikonas<\/p>\n<p><strong>Dydis:<\/strong> 3,5cm x 3,5cm x 3,5cm<\/p>\n","protected":false},"excerpt":{"rendered":"<p>Apsaugokite ma\u017eyl\u012f nuo smaili\u0173 bald\u0173 kamp\u0173. Su \u0161iais silikoniais pagalbininkais bus ma\u017eiau nerimo, kad ma\u017eylis susimu\u0161 k\u016bnel\u012f.\u00a0\u0160i\u0173 me\u0161ku\u010di\u0173 lipnios pagalv\u0117l\u0117s, tod\u0117l nebus paprasta jau taip nuimti! Rinkinyje 4vnt. &nbsp; Med\u017eiaga: 100% silikonas Dydis: 3,5cm x 3,5cm x 3,5cm<\/p>\n","protected":false},"featured_media":6365,"template":"","meta":[],"product_brand":[],"product_cat":[59,186],"product_tag":[240,318,319,156,320],"class_list":{"0":"post-6364","1":"product","2":"type-product","3":"status-publish","4":"has-post-thumbnail","6":"product_cat-miegas-prieziura","7":"product_cat-naujienos","8":"product_tag-apsauga","9":"product_tag-apsauga-nuo-kampu","10":"product_tag-kampu-apsauga","11":"product_tag-liewood","12":"product_tag-liewood-apsauga","13":"","15":"first","16":"instock","17":"taxable","18":"shipping-taxable","19":"purchasable","20":"product-type-simple"},"_links":{"self":[{"href":"https:\/\/secihouse.lt\/index.php\/wp-json\/wp\/v2\/product\/6364","targetHints":{"allow":["GET"]}}],"collection":[{"href":"https:\/\/secihouse.lt\/index.php\/wp-json\/wp\/v2\/product"}],"about":[{"href":"https:\/\/secihouse.lt\/index.php\/wp-json\/wp\/v2\/types\/product"}],"wp:featuredmedia":[{"embeddable":true,"href":"https:\/\/secihouse.lt\/index.php\/wp-json\/wp\/v2\/media\/6365"}],"wp:attachment":[{"href":"https:\/\/secihouse.lt\/index.php\/wp-json\/wp\/v2\/media?parent=6364"}],"wp:term":[{"taxonomy":"product_brand","embeddable":true,"href":"https:\/\/secihouse.lt\/index.php\/wp-json\/wp\/v2\/product_brand?post=6364"},{"taxonomy":"product_cat","embeddable":true,"href":"https:\/\/secihouse.lt\/index.php\/wp-json\/wp\/v2\/product_cat?post=6364"},{"taxonomy":"product_tag","embeddable":true,"href":"https:\/\/secihouse.lt\/index.php\/wp-json\/wp\/v2\/product_tag?post=6364"}],"curies":[{"name":"wp","href":"https:\/\/api.w.org\/{rel}","templated":true}]}}