{"id":6348,"date":"2023-07-27T09:12:45","date_gmt":"2023-07-27T07:12:45","guid":{"rendered":"https:\/\/secihouse.lt\/?post_type=product&#038;p=6348"},"modified":"2026-02-15T20:53:30","modified_gmt":"2026-02-15T18:53:30","slug":"liewood-naktinis-staliukas-sandy","status":"publish","type":"product","link":"https:\/\/secihouse.lt\/index.php\/product\/liewood-naktinis-staliukas-sandy\/","title":{"rendered":"Liewood naktinis staliukas &#8211; sandy"},"content":{"rendered":"<p>Modernus, stilingas naktis staliukas.\u00a0<span class=\"Y2IQFc\" lang=\"lt\">Vaikams augant, reikalingi baldai, papildantys j\u0173 asmenin\u0119 erdv\u0119. Naktiniai staleliai puikiai papildo bet kuri\u0105 viet\u0105. Perdirbtas plastikas \u0161varaus, modernaus silueto ir modulin\u0117s talpos funkcijomis. <\/span><\/p>\n<p><strong>Med\u017eiaga:<\/strong>\u00a060% perdirbtas ABS\/ 40% ABS<\/p>\n<p><strong>Dydis:<\/strong>\u00a0Skersmuo 32cm \/ Auk\u0161tis 33cm<\/p>\n","protected":false},"excerpt":{"rendered":"<p>Modernus, stilingas naktis staliukas.\u00a0Vaikams augant, reikalingi baldai, papildantys j\u0173 asmenin\u0119 erdv\u0119. Naktiniai staleliai puikiai papildo bet kuri\u0105 viet\u0105. Perdirbtas plastikas \u0161varaus, modernaus silueto ir modulin\u0117s talpos funkcijomis. Med\u017eiaga:\u00a060% perdirbtas ABS\/ 40% ABS Dydis:\u00a0Skersmuo 32cm \/ Auk\u0161tis 33cm<\/p>\n","protected":false},"featured_media":6349,"template":"","meta":[],"product_brand":[],"product_cat":[186,243],"product_tag":[311,296,156,310,307],"class_list":{"0":"post-6348","1":"product","2":"type-product","3":"status-publish","4":"has-post-thumbnail","6":"product_cat-naujienos","7":"product_cat-vaiku-kambarys","8":"product_tag-baldas","9":"product_tag-kambarys","10":"product_tag-liewood","11":"product_tag-naktinis-staliukas","12":"product_tag-vaiku-kambarys","13":"","15":"first","16":"instock","17":"taxable","18":"shipping-taxable","19":"purchasable","20":"product-type-simple"},"_links":{"self":[{"href":"https:\/\/secihouse.lt\/index.php\/wp-json\/wp\/v2\/product\/6348","targetHints":{"allow":["GET"]}}],"collection":[{"href":"https:\/\/secihouse.lt\/index.php\/wp-json\/wp\/v2\/product"}],"about":[{"href":"https:\/\/secihouse.lt\/index.php\/wp-json\/wp\/v2\/types\/product"}],"wp:featuredmedia":[{"embeddable":true,"href":"https:\/\/secihouse.lt\/index.php\/wp-json\/wp\/v2\/media\/6349"}],"wp:attachment":[{"href":"https:\/\/secihouse.lt\/index.php\/wp-json\/wp\/v2\/media?parent=6348"}],"wp:term":[{"taxonomy":"product_brand","embeddable":true,"href":"https:\/\/secihouse.lt\/index.php\/wp-json\/wp\/v2\/product_brand?post=6348"},{"taxonomy":"product_cat","embeddable":true,"href":"https:\/\/secihouse.lt\/index.php\/wp-json\/wp\/v2\/product_cat?post=6348"},{"taxonomy":"product_tag","embeddable":true,"href":"https:\/\/secihouse.lt\/index.php\/wp-json\/wp\/v2\/product_tag?post=6348"}],"curies":[{"name":"wp","href":"https:\/\/api.w.org\/{rel}","templated":true}]}}