{"id":6343,"date":"2023-07-27T08:58:27","date_gmt":"2023-07-27T06:58:27","guid":{"rendered":"https:\/\/secihouse.lt\/?post_type=product&#038;p=6343"},"modified":"2025-11-12T19:29:03","modified_gmt":"2025-11-12T17:29:03","slug":"liewood-naktine-lempa-winston","status":"publish","type":"product","link":"https:\/\/secihouse.lt\/index.php\/product\/liewood-naktine-lempa-winston\/","title":{"rendered":"Liewood naktin\u0117 lempa &#8211; Winston"},"content":{"rendered":"<p>Naktin\u0117 lempa, kuri apsaugos ma\u017eylio mintis nuo tamsos ! \u0160i lempa ne tik sargybinis, bet ir puiki interjero detal\u0117 vaiko kambaryje.<\/p>\n<p>Lempa visi\u0161kai paprastai \u012fkraunama su USB pagalb\u0105, tod\u0117l nereik\u0117s r\u016bpintis baterijomis.<\/p>\n<p>&nbsp;<\/p>\n<p><strong>Med\u017eiaga:<\/strong> 100% silikonas<\/p>\n<p><strong>Dydis:<\/strong>\u00a015,4cm x 12,4cm x 13,8cm<\/p>\n","protected":false},"excerpt":{"rendered":"<p>Naktin\u0117 lempa, kuri apsaugos ma\u017eylio mintis nuo tamsos ! \u0160i lempa ne tik sargybinis, bet ir puiki interjero detal\u0117 vaiko kambaryje. Lempa visi\u0161kai paprastai \u012fkraunama su USB pagalb\u0105, tod\u0117l nereik\u0117s r\u016bpintis baterijomis. &nbsp; Med\u017eiaga: 100% silikonas Dydis:\u00a015,4cm x 12,4cm x 13,8cm<\/p>\n","protected":false},"featured_media":6344,"template":"","meta":[],"product_brand":[],"product_cat":[186,243],"product_tag":[296,199,156,200,202,307],"class_list":{"0":"post-6343","1":"product","2":"type-product","3":"status-publish","4":"has-post-thumbnail","6":"product_cat-naujienos","7":"product_cat-vaiku-kambarys","8":"product_tag-kambarys","9":"product_tag-lempa","10":"product_tag-liewood","11":"product_tag-liewood-lempa","12":"product_tag-naktine-lempa","13":"product_tag-vaiku-kambarys","14":"","16":"first","17":"instock","18":"taxable","19":"shipping-taxable","20":"purchasable","21":"product-type-simple"},"_links":{"self":[{"href":"https:\/\/secihouse.lt\/index.php\/wp-json\/wp\/v2\/product\/6343","targetHints":{"allow":["GET"]}}],"collection":[{"href":"https:\/\/secihouse.lt\/index.php\/wp-json\/wp\/v2\/product"}],"about":[{"href":"https:\/\/secihouse.lt\/index.php\/wp-json\/wp\/v2\/types\/product"}],"wp:featuredmedia":[{"embeddable":true,"href":"https:\/\/secihouse.lt\/index.php\/wp-json\/wp\/v2\/media\/6344"}],"wp:attachment":[{"href":"https:\/\/secihouse.lt\/index.php\/wp-json\/wp\/v2\/media?parent=6343"}],"wp:term":[{"taxonomy":"product_brand","embeddable":true,"href":"https:\/\/secihouse.lt\/index.php\/wp-json\/wp\/v2\/product_brand?post=6343"},{"taxonomy":"product_cat","embeddable":true,"href":"https:\/\/secihouse.lt\/index.php\/wp-json\/wp\/v2\/product_cat?post=6343"},{"taxonomy":"product_tag","embeddable":true,"href":"https:\/\/secihouse.lt\/index.php\/wp-json\/wp\/v2\/product_tag?post=6343"}],"curies":[{"name":"wp","href":"https:\/\/api.w.org\/{rel}","templated":true}]}}