{"id":6339,"date":"2023-07-27T08:57:56","date_gmt":"2023-07-27T06:57:56","guid":{"rendered":"https:\/\/secihouse.lt\/?post_type=product&#038;p=6339"},"modified":"2023-08-01T09:58:50","modified_gmt":"2023-08-01T07:58:50","slug":"liewood-naktine-lempa-rabbit-cloud-blue","status":"publish","type":"product","link":"https:\/\/secihouse.lt\/index.php\/product\/liewood-naktine-lempa-rabbit-cloud-blue\/","title":{"rendered":"Liewood naktin\u0117 lempa &#8211; Rabbit cloud blue"},"content":{"rendered":"<p>Didel\u0117 naktin\u0117 lempa, kuri apsaugos ma\u017eylio mintis nuo tamsos ! \u0160is triu\u0161is ne tik sargybinis, bet ir puiki interjero detal\u0117 vaiko kambaryje.<\/p>\n<p>Lempa visi\u0161kai paprastai \u012fkraunama su USB pagalb\u0105, tod\u0117l nereik\u0117s r\u016bpintis baterijomis.<\/p>\n<p>&nbsp;<\/p>\n<p><strong>Med\u017eiaga:<\/strong> 100% silikonas<\/p>\n<p><strong>Dydis:<\/strong> Skersmuo 20cm \/ Auk\u0161tis 32cm<\/p>\n","protected":false},"excerpt":{"rendered":"<p>Didel\u0117 naktin\u0117 lempa, kuri apsaugos ma\u017eylio mintis nuo tamsos ! \u0160is triu\u0161is ne tik sargybinis, bet ir puiki interjero detal\u0117 vaiko kambaryje. Lempa visi\u0161kai paprastai \u012fkraunama su USB pagalb\u0105, tod\u0117l nereik\u0117s r\u016bpintis baterijomis. &nbsp; Med\u017eiaga: 100% silikonas Dydis: Skersmuo 20cm \/ Auk\u0161tis 32cm<\/p>\n","protected":false},"featured_media":6340,"template":"","meta":[],"product_brand":[],"product_cat":[186,243],"product_tag":[296,306,199,156,200,202,307],"class_list":{"0":"post-6339","1":"product","2":"type-product","3":"status-publish","4":"has-post-thumbnail","6":"product_cat-naujienos","7":"product_cat-vaiku-kambarys","8":"product_tag-kambarys","9":"product_tag-lemba","10":"product_tag-lempa","11":"product_tag-liewood","12":"product_tag-liewood-lempa","13":"product_tag-naktine-lempa","14":"product_tag-vaiku-kambarys","15":"","17":"first","18":"instock","19":"taxable","20":"shipping-taxable","21":"purchasable","22":"product-type-simple"},"_links":{"self":[{"href":"https:\/\/secihouse.lt\/index.php\/wp-json\/wp\/v2\/product\/6339","targetHints":{"allow":["GET"]}}],"collection":[{"href":"https:\/\/secihouse.lt\/index.php\/wp-json\/wp\/v2\/product"}],"about":[{"href":"https:\/\/secihouse.lt\/index.php\/wp-json\/wp\/v2\/types\/product"}],"wp:featuredmedia":[{"embeddable":true,"href":"https:\/\/secihouse.lt\/index.php\/wp-json\/wp\/v2\/media\/6340"}],"wp:attachment":[{"href":"https:\/\/secihouse.lt\/index.php\/wp-json\/wp\/v2\/media?parent=6339"}],"wp:term":[{"taxonomy":"product_brand","embeddable":true,"href":"https:\/\/secihouse.lt\/index.php\/wp-json\/wp\/v2\/product_brand?post=6339"},{"taxonomy":"product_cat","embeddable":true,"href":"https:\/\/secihouse.lt\/index.php\/wp-json\/wp\/v2\/product_cat?post=6339"},{"taxonomy":"product_tag","embeddable":true,"href":"https:\/\/secihouse.lt\/index.php\/wp-json\/wp\/v2\/product_tag?post=6339"}],"curies":[{"name":"wp","href":"https:\/\/api.w.org\/{rel}","templated":true}]}}